{"id":685805,"date":"2025-12-18T16:23:59","date_gmt":"2025-12-18T13:23:59","guid":{"rendered":"https:\/\/nbg.eu\/product\/termalne-dalekohlady-nocpix-quest-h35r-lrf-640x512-netd-15mk\/"},"modified":"2026-01-21T12:22:39","modified_gmt":"2026-01-21T09:22:39","slug":"termalne-dalekohlady-nocpix-quest-h35r-lrf-640x512-netd-15mk","status":"publish","type":"product","link":"https:\/\/nbg.eu\/sk\/produkt\/termalne-dalekohlady-nocpix-quest-h35r-lrf-640x512-netd-15mk\/","title":{"rendered":"Term\u00e1lne \u010falekoh\u013eady Nocpix Quest H35R LRF 640&#215;512 NETD &lt;15mK"},"content":{"rendered":"<h2>Nocpix QUEST H35R LRF 640&#215;512 Term\u00e1lne \u010falekoh\u013eady<\/h2>\n<p>QUEST je \u013eahk\u00fd a prenosn\u00fd, pon\u00faka detek\u010dn\u00fd dosah a\u017e 2600 m a zabudovan\u00fd skryt\u00fd dia\u013ekomer LRF s dosahom 1000 m pre vy\u0161\u0161iu presnos\u0165 a vidite\u013enos\u0165. Jeho tradi\u010dn\u00fd dizajn \u010falekoh\u013eadu m\u00e1 pln\u00fd gumen\u00fd kryt a krytie IP67 pre odolnos\u0165 a pohodlie v n\u00e1ro\u010dn\u00fdch podmienkach. Vybaven\u00fd vysokov\u00fdkonn\u00fdm sn\u00edma\u010dom 640&#215;512 (NETD \u226415mK, 60Hz), QUEST poskytuje v\u00fdnimo\u010dn\u00fa kvalitu obrazu, vynikaj\u00facu tepeln\u00fa citlivos\u0165 a bezprobl\u00e9mov\u00fa prev\u00e1dzku v n\u00e1ro\u010dn\u00fdch prostrediach.<\/p>\n<h2>Vynikaj\u00faci vizu\u00e1lny z\u00e1\u017eitok<\/h2>\n<p>Nocpix QUEST m\u00e1 vylep\u0161enie obrazu R+ pre vy\u0161\u0161iu jasnos\u0165 a presnos\u0165, v kombin\u00e1cii s displejom AMOLED 1920&#215;1200 pre ponorn\u00fd a o\u010diam pr\u00edjemn\u00fd z\u00e1\u017eitok z prezerania.<\/p>\n<h2>Vynikaj\u00faci sn\u00edma\u010d zaru\u010duje dokonal\u00e9 v\u00fdkony<\/h2>\n<p>Nocpix QUEST je vybaven\u00fd vysokov\u00fdkonn\u00fdm sn\u00edma\u010dom (640&#215;512@12\u00b5m), ktor\u00fd poskytuje v\u00fdnimo\u010dn\u00fa kvalitu obrazu. S NETD \u226415mK a r\u00fdchlos\u0165ou 60 sn\u00edmkov za sekundu poskytuje vynikaj\u00facu tepeln\u00fa citlivos\u0165 a dod\u00e1va jasn\u00e9 a vizu\u00e1lne obrazy aj v t\u00fdch najn\u00e1ro\u010dnej\u0161\u00edch podmienkach.<\/p>\n<h2>V\u00fdkonn\u00e9 detek\u010dn\u00e9 schopnosti<\/h2>\n<p>Nocpix QUEST m\u00e1 detek\u010dn\u00fd dosah a\u017e 2600 m a zabudovan\u00fd skryt\u00fd dia\u013ekomer LRF s dosahom a\u017e 1000 m, v\u010faka \u010domu m\u00f4\u017eete vidie\u0165 \u010falej a presnej\u0161ie ako kedyko\u013evek predt\u00fdm. Podporuje aj balistick\u00e9 v\u00fdpo\u010dty, poskytuje \u00fadaje na podporu kooperat\u00edvneho lovu.<\/p>\n<h2>Ovl\u00e1danie jednou rukou<\/h2>\n<p>Nocpix QUEST pon\u00faka ergonomick\u00e9, nek\u013azav\u00e9 ovl\u00e1danie s zjednodu\u0161en\u00fdm 4-tla\u010didlov\u00fdm rozvrhom a centr\u00e1lne umiesten\u00fdmi kolieskami na pohodln\u00e9 ovl\u00e1danie jednou rukou a bezpe\u010dn\u00fd \u00fachop vo v\u0161etk\u00fdch podmienkach.<\/p>\n<h2>\u013dahk\u00fd a prenosn\u00fd<\/h2>\n<p>QUEST v\u00e1\u017ei len 700 g a obsahuje vlastn\u00fa prepravn\u00fa ta\u0161ku, \u010do pon\u00faka \u013eahk\u00fa prenosnos\u0165 a pohodlie pre vonkaj\u0161ie aktivity, ako je napr\u00edklad lov a prieskum.<\/p>\n<h2>Eliminujte obavy z energie<\/h2>\n<p>S\u00e9ria QUEST m\u00e1 dvojit\u00fd bat\u00e9riov\u00fd dizajn so zabudovanou a vymenite\u013enou 18650 bat\u00e9riou, \u010do zabezpe\u010duje bezprobl\u00e9mov\u00fa v\u00fdmenu a nepretr\u017eit\u00e9 pou\u017e\u00edvanie po\u010das va\u0161ej dobrodru\u017enej v\u00fdpravy.<\/p>\n<h2>Najlep\u0161\u00ed z\u00e1\u017eitok z \u010falekoh\u013eadu<\/h2>\n<p>QUEST m\u00e1 tradi\u010dn\u00fd dizajn \u010falekoh\u013eadu s prepracovan\u00fdm celokovov\u00fdm povrchom a kryt\u00edm IP67 pre odolnos\u0165 vo\u010di vode a prachu, \u010do zaru\u010duje trvanlivos\u0165 a celkov\u00fa pohodlnos\u0165.<\/p>\n","protected":false},"excerpt":{"rendered":"<p>\u013dahk\u00e9, prenosn\u00e9 term\u00e1lne \u010falekoh\u013eady s detek\u010dn\u00fdm dosahom 2600 m, dia\u013ekomerom 1000 m a v\u00fdnimo\u010dnou jasnos\u0165ou obrazu.<\/p>\n","protected":false},"featured_media":686406,"template":"","meta":{"_acf_changed":false},"product_brand":[14463],"product_cat":[14694,13368],"product_tag":[],"class_list":{"0":"post-685805","1":"product","2":"type-product","3":"status-publish","4":"has-post-thumbnail","6":"product_brand-nocpix","7":"product_cat-dalekohlady","8":"product_cat-termalne","10":"first","11":"instock","12":"taxable","13":"shipping-taxable","14":"purchasable","15":"product-type-simple"},"acf":[],"_links":{"self":[{"href":"https:\/\/nbg.eu\/sk\/wp-json\/wp\/v2\/product\/685805","targetHints":{"allow":["GET"]}}],"collection":[{"href":"https:\/\/nbg.eu\/sk\/wp-json\/wp\/v2\/product"}],"about":[{"href":"https:\/\/nbg.eu\/sk\/wp-json\/wp\/v2\/types\/product"}],"wp:featuredmedia":[{"embeddable":true,"href":"https:\/\/nbg.eu\/sk\/wp-json\/wp\/v2\/media\/686406"}],"wp:attachment":[{"href":"https:\/\/nbg.eu\/sk\/wp-json\/wp\/v2\/media?parent=685805"}],"wp:term":[{"taxonomy":"product_brand","embeddable":true,"href":"https:\/\/nbg.eu\/sk\/wp-json\/wp\/v2\/product_brand?post=685805"},{"taxonomy":"product_cat","embeddable":true,"href":"https:\/\/nbg.eu\/sk\/wp-json\/wp\/v2\/product_cat?post=685805"},{"taxonomy":"product_tag","embeddable":true,"href":"https:\/\/nbg.eu\/sk\/wp-json\/wp\/v2\/product_tag?post=685805"}],"curies":[{"name":"wp","href":"https:\/\/api.w.org\/{rel}","templated":true}]}}