{"id":686443,"date":"2026-01-08T18:14:39","date_gmt":"2026-01-08T15:14:39","guid":{"rendered":"https:\/\/nbg.eu\/product\/termicky-uchyt-nocpix-mate-ultra-s60r\/"},"modified":"2026-04-14T16:16:03","modified_gmt":"2026-04-14T13:16:03","slug":"termicky-uchyt-nocpix-mate-ultra-s60r","status":"publish","type":"product","link":"https:\/\/nbg.eu\/sk\/produkt\/termicky-uchyt-nocpix-mate-ultra-s60r\/","title":{"rendered":"Nocpix Term\u00e1lny N\u00e1stavec Mate Ultra S60R"},"content":{"rendered":"<h2>Preme\u0148te svoj denn\u00fd rozsah na modern\u00fd term\u00e1lny pu\u0161koh\u013ead s jedine\u010dnou term\u00e1lnou mont\u00e1\u017eou Nocpix MATE Ultra S60R s rozl\u00ed\u0161en\u00edm 1280&#215;1024 &#8211; najlep\u0161ia predn\u00e1 term\u00e1lna mont\u00e1\u017e navrhnut\u00e1 pre profesion\u00e1lnych po\u013eovn\u00edkov, pozorovate\u013eov divokej pr\u00edrody a strelcov, ktor\u00ed vy\u017eaduj\u00fa presnos\u0165.<\/h2>\n<p>Postaven\u00fd na technol\u00f3gii novej gener\u00e1cie, Nocpix MATE Ultra S60R poskytuje nevyrovnate\u013en\u00fa jasnos\u0165, detekciu na dlh\u00e9 vzdialenosti a pokro\u010dil\u00e9 funkcie pre nadraden\u00fd v\u00fdkon v ka\u017edom prostred\u00ed.<\/p>\n<h2>Vynikaj\u00faca kvalita obrazu a detek\u010dn\u00fd rozsah<\/h2>\n<p>V srdci Nocpix MATE Ultra S60R je term\u00e1lny senzor HD 1280\u00d71024 druhej gener\u00e1cie s ultrajemnou pixelovou rozte\u010dou 12 \u03bcm a citlivos\u0165ou NETD \u226415mK, \u010do zaru\u010duje, \u017ee sa zachytia aj tie najmen\u0161ie tepeln\u00e9 rozdiely. Ve\u013ek\u00e1 60 mm F1.0 \u0161o\u0161ovka zachyt\u00e1va viac tepelnej energie pre kry\u0161t\u00e1lovo \u010dist\u00e9 obrazy a pred\u013a\u017een\u00fd dosah, pon\u00fakaj\u00fac detek\u010dn\u00e9 vzdialenosti a\u017e 3100 m. \u010ci u\u017e sledujete jele\u0148ov za svitania alebo skenujete \u0161irok\u00e9 polia v noci, S60R zaru\u010duje, \u017ee \u017eiadny detail nezostane nepov\u0161imnut\u00fd.<\/p>\n<h2>Pokro\u010dil\u00e9 spracovanie obrazu s technol\u00f3giou Reality+ AI<\/h2>\n<p>Vybaven\u00fd dvojicou obrazov\u00fdch algoritmov &#8211; v\u00fdkonn\u00fdm obrazov\u00fdm procesorom v kombin\u00e1cii s inteligentnou technol\u00f3giou Reality+ &#8211; MATE Ultra S60R automaticky prisp\u00f4sobuje zv\u00e4\u010d\u0161enie v\u00e1\u0161ho pu\u0161koh\u013eadu. To zaru\u010duje ostr\u00e9 vizu\u00e1ly, presn\u00e9 pribl\u00ed\u017eenie a konzistentn\u00e9 stabiliz\u00e1cie obrazu, a to aj v hmle, da\u017edi alebo n\u00e1ro\u010dn\u00fdch podmienkach s n\u00edzkym osvetlen\u00edm.<\/p>\n<p>Magic Zoom (bez LITE) &#8211; Automatick\u00e1 \u00faprava obrazu a rozhrania v re\u00e1lnom \u010dase pre plynul\u00e9 pribl\u00ed\u017eenie.<\/p>\n<p>7 r\u00f4znych farebn\u00fdch paliet &#8211; Vyberte si najlep\u0161ie term\u00e1lne zobrazenie pre ak\u00fdko\u013evek scen\u00e1r.<\/p>\n<p>AMOLED displej 1920\u00d71080 &#8211; Mimoriadne ostr\u00e9 obrazy s v\u00fdrazn\u00fdm kontrastom.<\/p>\n<h2>Navrhnut\u00e9 pre presnos\u0165 a etick\u00e9 po\u013eovn\u00edctvo<\/h2>\n<p>S integrovan\u00fdm laserov\u00fdm dia\u013ekomerom (a\u017e 1200 m) a integrovan\u00fdm balistick\u00fdm kalkul\u00e1torom v\u00e1m S60R pom\u00f4\u017ee robi\u0165 informovan\u00e9 a etick\u00e9 rozhodnutia pri stre\u013ebe. Re\u017eim obrazu v obraze (PIP) zlep\u0161uje presnos\u0165 mierenia a aktivovan\u00fd video pri sp\u00e4tnom r\u00e1ze (RAV) zaru\u010duje, \u017ee ka\u017ed\u00fd rozhoduj\u00faci moment bude zachyten\u00fd.<\/p>\n<p>Nahr\u00e1vanie fotografi\u00ed, vide\u00ed a audia s pam\u00e4\u0165ou 64 GB<\/p>\n<p>Wi-Fi a dia\u013ekov\u00e1 konektivita pomocou N-Link<\/p>\n<p>Technol\u00f3gia bez uz\u00e1vierky pre tich\u00fa a spo\u013eahliv\u00fa prev\u00e1dzku<\/p>\n<h2>Odoln\u00fd, praktick\u00fd a spo\u013eahliv\u00fd<\/h2>\n<p>Navrhnut\u00fd pre ter\u00e9n, MATE Ultra S60R je z\u00e1rove\u0148 odoln\u00fd aj \u013eahko pou\u017eite\u013en\u00fd. M\u00e1 ve\u013ek\u00fd 60 mm okular s &lt;1% skreslen\u00edm, \u010do udr\u017eiava stabiln\u00fd bod z\u00e1sahu a konzistentn\u00e9 zarovnanie a\u017e do 16-n\u00e1sobn\u00e9ho zv\u00e4\u010d\u0161enia. Nap\u00e1jan\u00fd vymenite\u013en\u00fdmi bat\u00e9riami 18650 (4 kusy v balen\u00ed ULTRA) pon\u00faka dlhodob\u00fa spo\u013eahlivos\u0165 pre pred\u013a\u017een\u00e9 outdoorov\u00e9 sedenia.<\/p>\n<h2>K\u013e\u00fa\u010dov\u00e9 \u0161pecifik\u00e1cie<\/h2>\n<p>&#8211; Senzor druhej gener\u00e1cie Sub 15mk 1280\u00d71024 60Hz (Ultra)<\/p>\n<p>&#8211; Objekt\u00edv F1.0 &#8211; vynikaj\u00face zachytenie svetla<\/p>\n<p>&#8211; Detek\u010dn\u00fd rozsah a\u017e 3100 m<\/p>\n<p>&#8211; Integrovan\u00fd laserov dia\u013ekomer 1200 m (bez LITE)<\/p>\n<p>&#8211; Spracovanie obrazu Reality+ s umelou inteligenciou<\/p>\n<p>&#8211; Podpora balistick\u00fdch v\u00fdpo\u010dtov<\/p>\n<p>&#8211; Nahr\u00e1vanie fotografi\u00ed\/videa\/audia, 64 GB pam\u00e4\u0165<\/p>\n<p>&#8211; Aktivovan\u00e9 video pri sp\u00e4tnom r\u00e1ze (RAV)<\/p>\n<p>&#8211; AMOLED displej s rozl\u00ed\u0161en\u00edm 1920\u00d71080<\/p>\n<p>&#8211; 7 farebn\u00fdch paliet<\/p>\n<p>&#8211; Kompatibilita s Wi-Fi\/N-Link dia\u013ekov\u00fdm ovl\u00e1dan\u00edm<\/p>\n<p>&#8211; Vymenite\u013en\u00e9 bat\u00e9rie 18650<\/p>\n<h2>Pre\u010do si vybra\u0165 Nocpix MATE Ultra S60R?<\/h2>\n<p>Ak h\u013ead\u00e1te t\u00fa najlep\u0161iu term\u00e1lnu zobrazovacia mont\u00e1\u017e pre v\u00e1\u0161 pu\u0161koh\u013ead, MATE Ultra S60R pon\u00faka dokonal\u00fa kombin\u00e1ciu detekcie na dlh\u00e9 vzdialenosti, \u0161pi\u010dkovej technol\u00f3gie AI a spo\u013eahlivosti v ter\u00e9ne. \u010ci u\u017e ho pou\u017eijete pri love, pozorovan\u00ed divokej pr\u00edrody alebo taktick\u00fdch aplik\u00e1ci\u00e1ch, ridefinuje to, \u010doho je term\u00e1lna zobrazovacia mont\u00e1\u017e schopn\u00e1.<\/p>\n","protected":false},"excerpt":{"rendered":"<p>Premie\u0148ajte svoj denn\u00fd \u010falekoh\u013ead na modern\u00fd term\u00e1lny pu\u0161koh\u013ead s jedinou 1280 \u00d7 1024 Nocpix MATE Ultra S60R term\u00e1lnou mont\u00e1\u017eou &#8211; najlep\u0161ou prednou term\u00e1lnou mont\u00e1\u017eou ur\u010denou pre profesion\u00e1lnych po\u013eovn\u00edkov, pozorovate\u013eov divokej pr\u00edrody a strelcov, ktor\u00ed vy\u017eaduj\u00fa presnos\u0165.<\/p>\n<p>Ak polo\u017eka nie je k dispoz\u00edcii, kontaktujte n\u00e1s: shop@nbg.eu alebo +359896147790<\/p>\n","protected":false},"featured_media":686553,"template":"","meta":{"_acf_changed":false},"product_brand":[14463],"product_cat":[13368,16098],"product_tag":[],"class_list":{"0":"post-686443","1":"product","2":"type-product","3":"status-publish","4":"has-post-thumbnail","6":"product_brand-nocpix","7":"product_cat-termalne","8":"product_cat-thermal-cameras-sk","10":"first","11":"instock","12":"taxable","13":"shipping-taxable","14":"purchasable","15":"product-type-simple"},"acf":[],"_links":{"self":[{"href":"https:\/\/nbg.eu\/sk\/wp-json\/wp\/v2\/product\/686443","targetHints":{"allow":["GET"]}}],"collection":[{"href":"https:\/\/nbg.eu\/sk\/wp-json\/wp\/v2\/product"}],"about":[{"href":"https:\/\/nbg.eu\/sk\/wp-json\/wp\/v2\/types\/product"}],"wp:featuredmedia":[{"embeddable":true,"href":"https:\/\/nbg.eu\/sk\/wp-json\/wp\/v2\/media\/686553"}],"wp:attachment":[{"href":"https:\/\/nbg.eu\/sk\/wp-json\/wp\/v2\/media?parent=686443"}],"wp:term":[{"taxonomy":"product_brand","embeddable":true,"href":"https:\/\/nbg.eu\/sk\/wp-json\/wp\/v2\/product_brand?post=686443"},{"taxonomy":"product_cat","embeddable":true,"href":"https:\/\/nbg.eu\/sk\/wp-json\/wp\/v2\/product_cat?post=686443"},{"taxonomy":"product_tag","embeddable":true,"href":"https:\/\/nbg.eu\/sk\/wp-json\/wp\/v2\/product_tag?post=686443"}],"curies":[{"name":"wp","href":"https:\/\/api.w.org\/{rel}","templated":true}]}}