{"id":686563,"date":"2026-01-08T18:15:06","date_gmt":"2026-01-08T15:15:06","guid":{"rendered":"https:\/\/nbg.eu\/product\/termalna-optika-nocpix-mate-h50r\/"},"modified":"2026-04-14T16:15:59","modified_gmt":"2026-04-14T13:15:59","slug":"termalna-optika-nocpix-mate-h50r","status":"publish","type":"product","link":"https:\/\/nbg.eu\/sk\/produkt\/termalna-optika-nocpix-mate-h50r\/","title":{"rendered":"Nocpix Term\u00e1lny Zameriava\u010d Mate H50R"},"content":{"rendered":"<h2>Zme\u0148te svoj denn\u00fd \u010falekoh\u013ead na modern\u00fd term\u00e1lny pu\u0161koh\u013ead s Nocpix MATE H50R<\/h2>\n<p>Zme\u0148te svoj denn\u00fd \u010falekoh\u013ead na modern\u00fd term\u00e1lny pu\u0161koh\u013ead s jedin\u00fdm term\u00e1lnym pu\u0161koh\u013eadom Nocpix MATE H50R 640X512 &#8211; najlep\u0161\u00edm predn\u00fdm term\u00e1lnym pu\u0161koh\u013eadom navrhnut\u00fdm pre profesion\u00e1lnych lovcov, pozorovate\u013eov divokej zveri a strelcov, ktor\u00ed vy\u017eaduj\u00fa presnos\u0165.<\/p>\n<p>Vyroben\u00fd s najnov\u0161ou zobrazovacou technol\u00f3giou, Nocpix MATE H50R poskytuje neprebledn\u00fa jasnos\u0165, detekciu na dlh\u00e9 vzdialenosti a najmodernej\u0161ie funkcie pre vynikaj\u00faci v\u00fdkon v akomko\u013evek prostred\u00ed.<\/p>\n<h2>V\u00fdnimo\u010dn\u00e1 kvalita obrazu a dosah detekcie<\/h2>\n<p>V srdci Nocpix MATE Ultra H50R je term\u00e1lny sn\u00edma\u010d HD 640X512 gener\u00e1cie 2 s ultrajemnou pixelovou rozte\u010dou 12 \u03bcm a citlivos\u0165ou NETD \u226415mK, \u010do zaist\u00ed, \u017ee aj najslab\u0161ie tepeln\u00e9 rozdiely bud\u00fa zisten\u00e9. Ve\u013ek\u00e1 50mm F1.0 \u0161o\u0161ovka zachyt\u00e1va viac tepelnej energie pre kry\u0161t\u00e1lovo \u010dist\u00e9 obrazy a pred\u013a\u017een\u00fd dosah, pon\u00faka dosah detekcie a\u017e 2600 m. \u010ci u\u017e vysledujete jele\u0148a za \u00fasvitu alebo budete pozorova\u0165 \u0161irok\u00e9 polia v noci, H50R zaist\u00ed, \u017ee ni\u010d neunikne va\u0161ej pozornosti.<\/p>\n<h2>Pokro\u010dil\u00e9 spracovanie obrazu s Reality+ AI<\/h2>\n<p>Vybaven\u00fd du\u00e1lnymi zobrazovac\u00edmi algoritmami &#8211; v\u00fdkonn\u00fdm procesorom obrazu kombinovan\u00fdm s inteligentnou technol\u00f3giou Reality+ &#8211; MATE Ultra H50R sa automaticky prisp\u00f4sob\u00ed zv\u00e4\u010d\u0161eniu v\u00e1\u0161ho pu\u0161koh\u013eadu. Toto zaru\u010duje ostr\u00e9 vizu\u00e1ly, presn\u00e9 pribl\u00ed\u017eenie a konzistentnu stabilitu obrazu, dokonca aj v hmle, d\u00e1\u017edi alebo n\u00e1ro\u010dn\u00fdch n\u00edzko-sveteln\u00fdch podmienkach.<\/p>\n<h2>Navrhnut\u00e9 pre presnos\u0165 a etick\u00e9 po\u013eovanie<\/h2>\n<p>So zabudovan\u00fdm laserov\u00fdm dia\u013ekomerom (a\u017e do 1200 m) a integrovan\u00fdm balistick\u00fdm kalkul\u00e1torom v\u00e1m H50R pom\u00f4\u017ee urobi\u0165 informovan\u00e9 a etick\u00e9 rozhodnutia o stre\u013ebe. Re\u017eim obraz-v-obraze (PIP) zlep\u0161uje presnos\u0165 mierenia a video aktivovan\u00e9 n\u00e1razom (RAV) zaist\u00ed, \u017ee ka\u017ed\u00fd kritick\u00fd moment bude zachyten\u00fd.<\/p>\n<h2>Odoln\u00fd, praktick\u00fd a spo\u013eahliv\u00fd<\/h2>\n<p>Navrhnut\u00fd pre ter\u00e9n, MATE Ultra H50R je odoln\u00fd aj \u013eahk\u00fd na pou\u017e\u00edvanie. M\u00e1 ve\u013ek\u00fd 60mm okuliare s &lt;1% skreslen\u00edm, \u010do udr\u017eiava stabiln\u00fd stredov\u00fd bod a konzistentn\u00fa zarovnanie a\u017e do 16-n\u00e1sobn\u00e9ho zv\u00e4\u010d\u0161enia. Nap\u00e1jan\u00fd vymenite\u013en\u00fdmi 18650 bat\u00e9riami (4x v balen\u00ed ULTRA), pon\u00faka dlhotrvaj\u00facu spo\u013eahlivos\u0165 pre dlh\u00e9 outdoorov\u00e9 sedenia.<\/p>\n","protected":false},"excerpt":{"rendered":"<p>Zme\u0148te svoj denn\u00fd \u010falekoh\u013ead na modern\u00fd tepeln\u00fd pu\u0161kov\u00fd \u010falekoh\u013ead s jedin\u00fdm 640X512 Nocpix MATE H50R tepeln\u00fdm mont\u00e1\u017enym z\u00e1vesn\u00fdm syst\u00e9mom &#8211; najlep\u0161\u00edm predn\u00fdm tepeln\u00fdm mont\u00e1\u017enym z\u00e1vesn\u00fdm syst\u00e9mom ur\u010den\u00fdm pre profesion\u00e1lnych po\u013eovn\u00edkov, pozorovate\u013eov divokej zveri a strelcov, ktor\u00ed vy\u017eaduj\u00fa presnos\u0165.<\/p>\n<p>Ak dan\u00fd tovar nie je k dispoz\u00edcii, kontaktujte n\u00e1s: shop@nbg.eu alebo +359896147790<\/p>\n","protected":false},"featured_media":686610,"template":"","meta":{"_acf_changed":false},"product_brand":[14463],"product_cat":[13368],"product_tag":[],"class_list":{"0":"post-686563","1":"product","2":"type-product","3":"status-publish","4":"has-post-thumbnail","6":"product_brand-nocpix","7":"product_cat-termalne","9":"first","10":"instock","11":"taxable","12":"shipping-taxable","13":"purchasable","14":"product-type-simple"},"acf":[],"_links":{"self":[{"href":"https:\/\/nbg.eu\/sk\/wp-json\/wp\/v2\/product\/686563","targetHints":{"allow":["GET"]}}],"collection":[{"href":"https:\/\/nbg.eu\/sk\/wp-json\/wp\/v2\/product"}],"about":[{"href":"https:\/\/nbg.eu\/sk\/wp-json\/wp\/v2\/types\/product"}],"wp:featuredmedia":[{"embeddable":true,"href":"https:\/\/nbg.eu\/sk\/wp-json\/wp\/v2\/media\/686610"}],"wp:attachment":[{"href":"https:\/\/nbg.eu\/sk\/wp-json\/wp\/v2\/media?parent=686563"}],"wp:term":[{"taxonomy":"product_brand","embeddable":true,"href":"https:\/\/nbg.eu\/sk\/wp-json\/wp\/v2\/product_brand?post=686563"},{"taxonomy":"product_cat","embeddable":true,"href":"https:\/\/nbg.eu\/sk\/wp-json\/wp\/v2\/product_cat?post=686563"},{"taxonomy":"product_tag","embeddable":true,"href":"https:\/\/nbg.eu\/sk\/wp-json\/wp\/v2\/product_tag?post=686563"}],"curies":[{"name":"wp","href":"https:\/\/api.w.org\/{rel}","templated":true}]}}