{"id":686696,"date":"2026-01-08T18:14:07","date_gmt":"2026-01-08T15:14:07","guid":{"rendered":"https:\/\/nbg.eu\/product\/tepelna-kamera-nocpix-ace-l35-snimac-384x288-35mm-objektiv\/"},"modified":"2026-04-14T16:16:16","modified_gmt":"2026-04-14T13:16:16","slug":"tepelna-kamera-nocpix-ace-l35-snimac-384x288-35mm-objektiv","status":"publish","type":"product","link":"https:\/\/nbg.eu\/sk\/produkt\/tepelna-kamera-nocpix-ace-l35-snimac-384x288-35mm-objektiv\/","title":{"rendered":"Nocpix Termokamera ACE L35"},"content":{"rendered":"<h2>Nocpix ACE L35 termokamera<\/h2>\n<p>Nocpix ACE L35 je postaven\u00fd na my\u0161lienke kombin\u00e1cie ved\u00facich vlastnost\u00ed po\u017eadovan\u00fdch pou\u017e\u00edvate\u013emi do zjednodu\u0161en\u00e9ho optick\u00e9ho zariadenia, ktor\u00e9 vyva\u017euje pokro\u010dil\u00e9 schopnosti s \u013eahkos\u0165ou pou\u017e\u00edvania v ter\u00e9ne. Navrhnut\u00fd tak, aby sa c\u00edtil ako tradi\u010dn\u00fd denn\u00fd optick\u00fd pr\u00edstroj, ACE je kompatibiln\u00fd s opakovaciami alebo samonabiebaj\u00facimi sa pu\u0161koh\u013eadmi pomocou \u0161tandardn\u00fdch 30mm mont\u00e1\u017e\u00ed a kr\u00fa\u017ekov. Kombin\u00e1cia vn\u00fatornej nab\u00edjate\u013enej bat\u00e9rie USB-C a vymenite\u013enej 18650 nab\u00edjate\u013enej bat\u00e9rie umo\u017e\u0148uje pou\u017e\u00edvate\u013eom vymie\u0148a\u0165 bat\u00e9rie po\u010das pou\u017e\u00edvania pre neobmedzen\u00fd \u010das chodu. 1x a\u017e 3x okuli\u00e1rov\u00fd zv\u00e4\u010d\u0161ova\u010d poskytuje optick\u00e9 zv\u00e4\u010d\u0161enie 2560\u00d72560 kruhov\u00e9ho AMOLED displeja vn\u00fatri okuliara. Vision+ syst\u00e9m kombinuje tento vysokokvalitn\u00fd displej s 18 mK NETD senzorom pre neuverite\u013ene detailn\u00e9 a presn\u00e9 zobrazenie.<\/p>\n<p>Nocpix ACE L35 pon\u00faka cenovo dostupnej\u0161iu mo\u017enos\u0165 v rade ACE pre lovcov pred\u00e1torov a divokej zveri, ktor\u00ed nepotrebuj\u00fa laserov\u00fa dia\u013ekomer alebo vy\u0161\u0161ie rozl\u00ed\u0161enie senzora. S extr\u00e9mne v\u00fdhodnou cenou si ACE L35 zachov\u00e1va v\u0161etky ostatn\u00e9 vlastnosti radu term\u00e1lnych pu\u0161koh\u013eadov ACE.<\/p>\n<p>Optick\u00fd okuli\u00e1rov\u00fd zv\u00e4\u010d\u0161ova\u010d s 1-3x zv\u00e4\u010d\u0161en\u00edm poskytuje dodato\u010dn\u00e9 zv\u00e4\u010d\u0161enie displeja bez zmeny mierky alebo digit\u00e1lneho pribl\u00ed\u017eenia. Vysokokonrastn\u00fd kruhov\u00fd AMOLED displej s rozl\u00ed\u0161en\u00edm 2560\u00d72560 poskytuje zv\u00fd\u0161en\u00fa jasnos\u0165 a detail. Zjednodu\u0161en\u00e9 ovl\u00e1dacie prvky pon\u00fakaj\u00fa zlep\u0161en\u00fa ergon\u00f3miu a lep\u0161\u00ed pou\u017e\u00edvate\u013esk\u00fd z\u00e1\u017eitok v ter\u00e9ne. Pou\u017e\u00edva \u0161tandardn\u00e9 18650 nab\u00edjate\u013en\u00e9 bat\u00e9rie. Funkcia balistickej kalkula\u010dky zobrazuje hodnoty poklesu striel na z\u00e1klade vstupov z laserovej dia\u013ekomery a u\u017e\u00edvate\u013eom prisp\u00f4soben\u00e9ho profilu n\u00e1boja. Nab\u00edjajte cez zariadenie s jedine\u010dne navrhnut\u00fdm uzamykac\u00edm USB-C portom.<\/p>\n","protected":false},"excerpt":{"rendered":"<p>Termokamera Nocpix ACE L35 m\u00e1 senzor 384\u00d7288, objekt\u00edv 35 mm, 4x digit\u00e1lne pribl\u00ed\u017eenie a sn\u00edmkov\u00fa frekvenciu 60 Hz s detek\u010dn\u00fdm rozsahom 1 800 metrov.<\/p>\n<p>Ak polo\u017eka nie je k dispoz\u00edcii, kontaktujte n\u00e1s: shop@nbg.eu alebo +359896147790<\/p>\n","protected":false},"featured_media":686792,"template":"","meta":{"_acf_changed":false},"product_brand":[14463],"product_cat":[16098],"product_tag":[],"class_list":{"0":"post-686696","1":"product","2":"type-product","3":"status-publish","4":"has-post-thumbnail","6":"product_brand-nocpix","7":"product_cat-thermal-cameras-sk","9":"first","10":"instock","11":"taxable","12":"shipping-taxable","13":"purchasable","14":"product-type-simple"},"acf":[],"_links":{"self":[{"href":"https:\/\/nbg.eu\/sk\/wp-json\/wp\/v2\/product\/686696","targetHints":{"allow":["GET"]}}],"collection":[{"href":"https:\/\/nbg.eu\/sk\/wp-json\/wp\/v2\/product"}],"about":[{"href":"https:\/\/nbg.eu\/sk\/wp-json\/wp\/v2\/types\/product"}],"wp:featuredmedia":[{"embeddable":true,"href":"https:\/\/nbg.eu\/sk\/wp-json\/wp\/v2\/media\/686792"}],"wp:attachment":[{"href":"https:\/\/nbg.eu\/sk\/wp-json\/wp\/v2\/media?parent=686696"}],"wp:term":[{"taxonomy":"product_brand","embeddable":true,"href":"https:\/\/nbg.eu\/sk\/wp-json\/wp\/v2\/product_brand?post=686696"},{"taxonomy":"product_cat","embeddable":true,"href":"https:\/\/nbg.eu\/sk\/wp-json\/wp\/v2\/product_cat?post=686696"},{"taxonomy":"product_tag","embeddable":true,"href":"https:\/\/nbg.eu\/sk\/wp-json\/wp\/v2\/product_tag?post=686696"}],"curies":[{"name":"wp","href":"https:\/\/api.w.org\/{rel}","templated":true}]}}