{"id":686827,"date":"2026-01-08T18:13:27","date_gmt":"2026-01-08T15:13:27","guid":{"rendered":"https:\/\/nbg.eu\/product\/tepelna-kamera-nocpix-ace-h50r-12um-640x512-zeiss-rail\/"},"modified":"2026-04-14T17:19:49","modified_gmt":"2026-04-14T14:19:49","slug":"tepelna-kamera-nocpix-ace-h50r-12um-640x512-zeiss-rail","status":"publish","type":"product","link":"https:\/\/nbg.eu\/sk\/produkt\/tepelna-kamera-nocpix-ace-h50r-12um-640x512-zeiss-rail\/","title":{"rendered":"Nocpix Termokamera ACE H50R ZEISS RAIL"},"content":{"rendered":"<h2>Nocpix ACE H50R Term\u00e1lny pu\u0161koh\u013ead: Nevyrovnan\u00e1 presnos\u0165 a jasnos\u0165 pre lov<\/h2>\n<p>Term\u00e1lny pu\u0161koh\u013ead Nocpix ACE H50R kombinuje pokro\u010dil\u00e9 technol\u00f3gie a odoln\u00fa kon\u0161trukciu pre nevyrovnan\u00fd z\u00e1\u017eitok z lovu. Disponuje term\u00e1lnym sn\u00edma\u010dom s rozl\u00ed\u0161en\u00edm 640&#215;512 a NETD \u226412mK pre v\u00fdnimo\u010dn\u00fa kvalitu obrazu, detek\u010dn\u00fdm dosahom 3100 metrov a integrovan\u00fdm laserov\u00fdm dia\u013ekomerom na presn\u00e9 meranie do vzdialenosti 1200 metrov. Inovat\u00edvny syst\u00e9m Vision+ pon\u00faka o\u010dn\u00e9 zv\u00e4\u010d\u0161enie pre jasn\u00e9 detaily v bl\u00edzkosti, pri\u010dom dvojit\u00fd syst\u00e9m bat\u00e9ri\u00ed zaru\u010duje dlh\u00fa v\u00fddr\u017e. Vyroben\u00fd z vysoko pevnej hlin\u00edkovej zliatiny a so stup\u0148om krytia IP67, tento pu\u0161koh\u013ead je navrhnut\u00fd na vynikaj\u00faci v\u00fdkon vo vonkaj\u0161om prostred\u00ed a adapt\u00e1ciu na ak\u00fako\u013evek situ\u00e1ciu.<\/p>\n<p>Term\u00e1lny pu\u0161koh\u013ead Nocpix ACE H50 je \u0161pi\u010dkov\u00fd n\u00e1stroj, ktor\u00fd m\u00e1 redefinova\u0165 z\u00e1\u017eitok z lovu, \u010di u\u017e v tme alebo pri sledovan\u00ed koristi cez n\u00e1ro\u010dn\u00fd ter\u00e9n. Ako s\u00fa\u010das\u0165 vlajkovej s\u00e9rie ACE od Nocpixu, tento term\u00e1lny pu\u0161koh\u013ead vynik\u00e1 svojou kvalitou obrazu a presnos\u0165ou v\u010faka vlastn\u00e9mu vysokorozli\u0161ovaciemu term\u00e1lnemu sn\u00edma\u010du a pokro\u010dil\u00fdm syst\u00e9mom Reality+ a Vision+.<\/p>\n<p>Srdcom Nocpix ACE H50R je term\u00e1lny sn\u00edma\u010d druhej gener\u00e1cie HD s rozl\u00ed\u0161en\u00edm 640&#215;512 a r\u00fdchlos\u0165ou 60 Hz, poskytuj\u00faci stabiln\u00fd v\u00fdkon. S NETD \u226412mK tento pu\u0161koh\u013ead dok\u00e1\u017ee zaznamena\u0165 aj tie najmen\u0161ie teplotn\u00e9 rozdiely, \u010d\u00edm poskytuje detailn\u00e9 a plynul\u00e9 term\u00e1lne obrazy ide\u00e1lne na sledovanie r\u00fdchlo sa pohybuj\u00facich cie\u013eov v re\u00e1lnom \u010dase. Pokro\u010dil\u00fd algoritmus Reality+ navy\u0161e eliminuje \u0161um okolitej teploty, \u010d\u00edm pon\u00faka lep\u0161\u00ed kontrast a jasnos\u0165 aj v n\u00e1ro\u010dn\u00fdch podmienkach lovu.<\/p>\n<p>Pu\u0161koh\u013ead ACE H50R je vybaven\u00fd \u0161o\u0161ovkou 50mm\/F0,9, ktor\u00e1 umo\u017e\u0148uje 20% viac svetla dopada\u0165 na sn\u00edma\u010d, vytv\u00e1raj\u00fac tak jasnej\u0161ie a ostrej\u0161ie obrazy. To je k\u013e\u00fa\u010dov\u00e9 pre lovcov, ktor\u00ed klad\u00fa d\u00f4raz na presnos\u0165, preto\u017ee zlep\u0161en\u00fd prenos svetla poskytuje vylep\u0161en\u00fa vidite\u013enos\u0165 v prostrediach s n\u00edzkym osvetlen\u00edm. Detek\u010dn\u00fd dosah 3100 metrov navy\u0161e rad\u00ed ACE medzi najlep\u0161ie, \u010d\u00edm u\u013eah\u010duje a zefekt\u00edv\u0148uje identifik\u00e1ciu a sledovanie vzdialen\u00fdch cie\u013eov.<\/p>\n<p>Integrovan\u00fd syst\u00e9m Vision+ zlep\u0161uje vizu\u00e1lny z\u00e1\u017eitok v\u010faka 1,03-palcov\u00e9mu kruhov\u00e9mu AMOLED displeju s rozl\u00ed\u0161en\u00edm 2560&#215;2560. Jeho optick\u00fd syst\u00e9m zv\u00e4\u010d\u0161enia, navrhnut\u00fd na zamedzenie rozmazaniu a skresleniu typick\u00e9mu pre tradi\u010dn\u00e9 elektronick\u00e9 zv\u00e4\u010d\u0161enie, zabezpe\u010duje lovcom jasn\u00e9 a vysoko-kvalitn\u00e9 detailn\u00e9 z\u00e1bleskov\u00e9 poh\u013eady bez straty detailov. To poskytuje ponorn\u00fd a pohodln\u00fd z\u00e1\u017eitok z pozorovania, \u010di u\u017e sledujete koris\u0165 z dia\u013eky alebo zameriavate presne.<\/p>\n<p>Postaven\u00fd na dlhodob\u00e9 pou\u017eitie v ter\u00e9ne, ACE disponuje dvojit\u00fdm syst\u00e9mom bat\u00e9ri\u00ed s integrovanou 4000mAh bat\u00e9riou a dodato\u010dnou vymenite\u013enou 18650 bat\u00e9riou, umo\u017e\u0148uj\u00facim nepretr\u017eit\u00fa prev\u00e1dzku po\u010das dlh\u00fdch loveck\u00fdch v\u00fdprav. Odoln\u00e1 kon\u0161trukcia z vysoko pevnej hlin\u00edkovej zliatiny zabezpe\u010duje, \u017ee ACE zvl\u00e1dne drsn\u00e9 vonkaj\u0161ie prostredie a \u0165a\u017ek\u00e9 pou\u017eitie, pri\u010dom pre\u0161iel pr\u00edsnymi testami odolnosti proti n\u00e1razu. So stup\u0148om krytia IP67 pu\u0161koh\u013ead zost\u00e1va spo\u013eahliv\u00fd aj v nepriazniv\u00fdch poveternostn\u00fdch podmienkach, \u010d\u00edm poskytuje lovcom pokoj mysle bez oh\u013eadu na prostredie.<\/p>\n<p>Navrhnut\u00fd s oh\u013eadom na lovcov, Nocpix ACE H50R obsahuje z\u00e1kladn\u00e9 funkcie ako video z\u00e1znam aktivovan\u00fd r\u00e1zom a kon\u0161trukciu bez z\u00e1vierky pre bezstarostn\u00e9 pou\u017eitie v ter\u00e9ne. S u\u017e\u00edvate\u013esky priate\u013esk\u00fdmi doplnkami ako ovl\u00e1da\u010d zaostrenia, kryt nab\u00edjania a mo\u017enos\u0165 prehr\u00e1vania vide\u00ed priamo cez Gal\u00e9riu, tento pu\u0161koh\u013ead kombinuje vysok\u00fd v\u00fdkon s praktickos\u0165ou pre optim\u00e1lny z\u00e1\u017eitok z lovu.<\/p>\n","protected":false},"excerpt":{"rendered":"<p>Term\u00e1lny pu\u0161koh\u013ead Nocpix ACE H50R kombinuje pokro\u010dil\u00fd senzor 640&#215;512 12um, detekciu do 3100m a integrovan\u00fd dia\u013ekomer pre neprekonate\u013en\u00fd lov.<\/p>\n<p>Ak polo\u017eka nie je k dispoz\u00edcii, kontaktujte n\u00e1s pros\u00edm: shop@nbg.eu alebo +359896147790<\/p>\n<p>\n","protected":false},"featured_media":686965,"template":"","meta":{"_acf_changed":false},"product_brand":[14463],"product_cat":[16098],"product_tag":[],"class_list":{"0":"post-686827","1":"product","2":"type-product","3":"status-publish","4":"has-post-thumbnail","6":"product_brand-nocpix","7":"product_cat-thermal-cameras-sk","9":"first","10":"instock","11":"taxable","12":"shipping-taxable","13":"purchasable","14":"product-type-simple"},"acf":[],"_links":{"self":[{"href":"https:\/\/nbg.eu\/sk\/wp-json\/wp\/v2\/product\/686827","targetHints":{"allow":["GET"]}}],"collection":[{"href":"https:\/\/nbg.eu\/sk\/wp-json\/wp\/v2\/product"}],"about":[{"href":"https:\/\/nbg.eu\/sk\/wp-json\/wp\/v2\/types\/product"}],"wp:featuredmedia":[{"embeddable":true,"href":"https:\/\/nbg.eu\/sk\/wp-json\/wp\/v2\/media\/686965"}],"wp:attachment":[{"href":"https:\/\/nbg.eu\/sk\/wp-json\/wp\/v2\/media?parent=686827"}],"wp:term":[{"taxonomy":"product_brand","embeddable":true,"href":"https:\/\/nbg.eu\/sk\/wp-json\/wp\/v2\/product_brand?post=686827"},{"taxonomy":"product_cat","embeddable":true,"href":"https:\/\/nbg.eu\/sk\/wp-json\/wp\/v2\/product_cat?post=686827"},{"taxonomy":"product_tag","embeddable":true,"href":"https:\/\/nbg.eu\/sk\/wp-json\/wp\/v2\/product_tag?post=686827"}],"curies":[{"name":"wp","href":"https:\/\/api.w.org\/{rel}","templated":true}]}}