{"id":686977,"date":"2025-12-18T18:25:22","date_gmt":"2025-12-18T15:25:22","guid":{"rendered":"https:\/\/nbg.eu\/product\/termokamera-nocpix-bolt-l35r\/"},"modified":"2026-02-27T15:50:53","modified_gmt":"2026-02-27T12:50:53","slug":"termokamera-nocpix-bolt-l35r","status":"publish","type":"product","link":"https:\/\/nbg.eu\/sk\/produkt\/termokamera-nocpix-bolt-l35r\/","title":{"rendered":"Termokamera Nocpix Bolt L35R"},"content":{"rendered":"<h2>Dokonal\u00fd za\u010diatok va\u0161ej no\u010dnej lovu: Nocpix Bolt L35R termokamera<\/h2>\n<p>Navrhnut\u00e1 pre za\u010diato\u010dn\u00edkov, ktor\u00ed chc\u00fa jasnos\u0165, v\u0161estrannos\u0165 a sebad\u00f4veru od prv\u00e9ho d\u0148a, Nocpix BOLT kombinuje ostr\u00fd term\u00e1lny obraz, zabudovan\u00fd dia\u013ekomer a inteligentn\u00e9 balistick\u00e9 n\u00e1stroje v kompaktnom a \u013eahko pou\u017eite\u013enom dizajne \u2013 poskytuj\u00fac nov\u00fdm lovcom presne to, \u010do potrebuj\u00fa na chytr\u00e9 lovenie a sebavedom\u00e9 stre\u013ebu.<\/p>\n<h2>Vidie\u0165 jasne, identifikova\u0165 presne<\/h2>\n<p>Rozmazan\u00e9 obr\u00e1zky a \u0165a\u017eko vidite\u013en\u00e9 ciele s\u00fa be\u017en\u00fdm probl\u00e9mom pre nov\u00fdch pou\u017e\u00edvate\u013eov term\u00e1lnych \u010falekoh\u013eadov, najm\u00e4 v tme. Preto je BOLT vybaven\u00fd vlastn\u00fdm vyvinut\u00fdm term\u00e1lnym senzorom s \u226420mK NETD a vysokor\u00fdchlostnou frekvenciou sn\u00edmok 50Hz, \u010do v\u00e1m poskytuje plynul\u00e9, vysokorozl\u00ed\u0161en\u00e9 obrazy aj v n\u00e1ro\u010dn\u00fdch podmienkach. Poh\u00e1\u0148an\u00fd na\u0161\u00edm algoritmom Reality+ kr\u00e1jov\u00e9 hmlu, kr\u00edky a tmu, aby poskytol ostr\u00e9 v\u00edzie a spo\u013eahliv\u00fa identifik\u00e1ciu cie\u013ea.<\/p>\n<h2>Zosta\u0148te \u013eahk\u00ed, zosta\u0148te s\u00fastreden\u00ed<\/h2>\n<p>Ako nov\u00fd lovec, najm\u00e4 ke\u010f sa e\u0161te len u\u010d\u00edte pohybova\u0165 ticho a udr\u017eiava\u0165 si s\u00fastredenie. Preto Nocpix BOLT udr\u017eiava veci jednoduch\u00e9. S hmotnos\u0165ou len 880 gramov a kompaktn\u00fdm, aerodynamick\u00fdm dizajnom je \u013eahk\u00e9 nosi\u0165, montova\u0165 a obsluhova\u0165, dokonca aj na dlh\u00fdch po\u013eova\u010dk\u00e1ch.<\/p>\n<h2>Poznajte dosah, lovte s d\u00f4verou<\/h2>\n<p>Pre nov\u00fdch lovcov m\u00f4\u017ee by\u0165 odhad vzdialenosti n\u00e1ro\u010dn\u00fd a zme\u0161kan\u00e9 rany m\u00f4\u017eu naru\u0161i\u0165 ich sebad\u00f4veru. BOLT odstra\u0148uje stres zo stre\u013eby so zabudovan\u00fdm 1 200-metrov\u00fdm laserov\u00fdm dia\u013ekomerom a inteligentn\u00fdm balistick\u00fdm kalkul\u00e1torom. Z\u00edskate presn\u00e9 \u00fadaje o vzdialenosti a okam\u017eit\u00fa podporu pri mieren\u00ed, \u010do v\u00e1m pom\u00f4\u017ee trafi\u0165 ka\u017ed\u00fa strelu tam, kde to po\u010d\u00edta. Od va\u0161ej prvej lovu v\u00e1m BOLT d\u00e1 za\u010diato\u010dn\u00edkom v\u00fdhodu, ktor\u00fa potrebuj\u00fa, aby strie\u013eali chytrej\u0161ie a konzistentnej\u0161ie.<\/p>\n<h2>Lovi\u0165 cel\u00fd de\u0148 bez ob\u00e1v o nap\u00e1janie<\/h2>\n<p>Vy\u010derpanie bat\u00e9rie po\u010das lovu je no\u010dn\u00e1 mora pre ka\u017ed\u00e9ho nov\u00e9ho lovca. Preto je BOLT navrhnut\u00fd s du\u00e1lnym syst\u00e9mom bat\u00e9ri\u00ed \u2013 dlhotrvaj\u00facou zabudovanou 5000 mAh bat\u00e9riou a vymenite\u013enou z\u00e1lo\u017enou bat\u00e9riou 18650 s kapacitou 9000 mAh. Dostanete a\u017e 12 hod\u00edn nepretr\u017eit\u00e9ho pou\u017e\u00edvania. \u017diadny stres, \u017eiadne preru\u0161enia \u2013 iba nap\u00e1janie, ktor\u00e9 je s vami od v\u00fdchodu do z\u00e1padu slnka.<\/p>\n<h2>Inteligentn\u00e9 vybavenie, anga\u017eovan\u00e9 lovenie<\/h2>\n<p>Pre za\u010diato\u010dn\u00edkov m\u00f4\u017ee by\u0165 zvykanie si na nov\u00e9 vybavenie n\u00e1ro\u010dn\u00e9. BOLT rob\u00ed tento proces \u013eahk\u00fdm s prisp\u00f4sobite\u013en\u00fdmi nitkami, nastavite\u013en\u00fdmi streleck\u00fdmi nastaveniami a siedmimi farebn\u00fdmi paletami na prisp\u00f4sobenie r\u00f4znym prostrediam. Navy\u0161e bezprobl\u00e9mov\u00e9 pripojenie k aplik\u00e1cii v\u00e1m umo\u017en\u00ed prisp\u00f4sobi\u0165 si nastavenie a zdie\u013ea\u0165 va\u0161e dobrodru\u017estv\u00e1, \u010d\u00edm ka\u017ed\u00fa loveck\u00fa akciu urob\u00edte nielen chytrej\u0161ou, ale aj z\u00e1bavnej\u0161ou a odme\u0148uj\u00facej\u0161ou.<\/p>\n<h2>Odoln\u00fd dizajn, spo\u013eahliv\u00fd v\u00fdkon<\/h2>\n<p>Ke\u010f len za\u010d\u00ednate, posledn\u00e1 vec, o ktorej by ste sa mali stara\u0165, je rozb\u00edjanie v\u00e1\u0161ho vybavenia v ter\u00e9ne. BOLT je postaven\u00fd na pevno s hlin\u00edkov\u00fdm torzov\u00fdm krytom a odolnos\u0165ou IP67 proti prachu a vode. Je testovan\u00fd, aby vydr\u017eal p\u00e1dy a vysok\u00e9 sp\u00e4tn\u00e9 n\u00e1razy, tak\u017ee zost\u00e1va spo\u013eahliv\u00fd a presn\u00fd bez oh\u013eadu na n\u00e1ro\u010dnos\u0165 podmienok.<\/p>\n","protected":false},"excerpt":{"rendered":"<p>Termokamera Nocpix Bolt L35R pon\u00faka ostr\u00fd term\u00e1lny obraz, zabudovan\u00fd dia\u013ekomer a inteligentn\u00e9 balistick\u00e9 n\u00e1stroje v kompaktnom a \u013eahko ovl\u00e1date\u013enom dizajne pre nov\u00fdch no\u010dn\u00fdch lovcov.<\/p>\n<p>Ak polo\u017eka nie je k dispoz\u00edcii, kontaktujte n\u00e1s na: shop@nbg.eu alebo +359896147790<\/p>\n","protected":false},"featured_media":687318,"template":"","meta":{"_acf_changed":false},"product_brand":[14463],"product_cat":[2876],"product_tag":[],"class_list":{"0":"post-686977","1":"product","2":"type-product","3":"status-publish","4":"has-post-thumbnail","6":"product_brand-nocpix","7":"product_cat-rahohvatki","9":"first","10":"instock","11":"taxable","12":"shipping-taxable","13":"purchasable","14":"product-type-simple"},"acf":[],"_links":{"self":[{"href":"https:\/\/nbg.eu\/sk\/wp-json\/wp\/v2\/product\/686977","targetHints":{"allow":["GET"]}}],"collection":[{"href":"https:\/\/nbg.eu\/sk\/wp-json\/wp\/v2\/product"}],"about":[{"href":"https:\/\/nbg.eu\/sk\/wp-json\/wp\/v2\/types\/product"}],"wp:featuredmedia":[{"embeddable":true,"href":"https:\/\/nbg.eu\/sk\/wp-json\/wp\/v2\/media\/687318"}],"wp:attachment":[{"href":"https:\/\/nbg.eu\/sk\/wp-json\/wp\/v2\/media?parent=686977"}],"wp:term":[{"taxonomy":"product_brand","embeddable":true,"href":"https:\/\/nbg.eu\/sk\/wp-json\/wp\/v2\/product_brand?post=686977"},{"taxonomy":"product_cat","embeddable":true,"href":"https:\/\/nbg.eu\/sk\/wp-json\/wp\/v2\/product_cat?post=686977"},{"taxonomy":"product_tag","embeddable":true,"href":"https:\/\/nbg.eu\/sk\/wp-json\/wp\/v2\/product_tag?post=686977"}],"curies":[{"name":"wp","href":"https:\/\/api.w.org\/{rel}","templated":true}]}}