{"id":687708,"date":"2026-01-08T18:14:10","date_gmt":"2026-01-08T15:14:10","guid":{"rendered":"https:\/\/nbg.eu\/product\/termalny-monokular-lumi-h35\/"},"modified":"2026-04-14T16:16:13","modified_gmt":"2026-04-14T13:16:13","slug":"termalny-monokular-lumi-h35","status":"publish","type":"product","link":"https:\/\/nbg.eu\/sk\/produkt\/termalny-monokular-lumi-h35\/","title":{"rendered":"Nocpix Term\u00e1lny Monokul\u00e1r LUMI H35"},"content":{"rendered":"<h2>Nocpix LUMI H35: V\u00e1\u0161 nepostr\u00e1date\u013en\u00fd spolo\u010dn\u00edk pre v\u0161etky aplik\u00e1cie<\/h2>\n<p>Rad termov\u00edznych monokul\u00e1rov LUMI je navrhnut\u00fd na pou\u017eitie vo dne aj v noci a pon\u00faka v\u00e1m v\u00fdnimo\u010dn\u00fa kvalitu obrazu aj v n\u00e1ro\u010dn\u00fdch poveternostn\u00fdch podmienkach, ako je hmla, smog alebo d\u00e1\u017e\u010f. Dokonca aj ke\u010f prek\u00e1\u017eky, ako s\u00fa vetvy, vysok\u00e1 tr\u00e1va alebo hust\u00e1 veget\u00e1cia s\u0165a\u017euj\u00fa vidite\u013enos\u0165, t\u00e1to technol\u00f3gia v\u00e1m umo\u017en\u00ed v\u017edy jasne vidie\u0165 to, \u010do je pred vami. S\u00fa tie\u017e tak\u00e9 kompaktn\u00e9 a \u013eahk\u00e9, \u017ee ich m\u00f4\u017eete \u013eahko nosi\u0165 kdeko\u013evek.<\/p>\n<p>Termokamery LUMI s\u00fa ide\u00e1lne pre r\u00f4zne aplik\u00e1cie, ako je po\u013eovn\u00edctvo, doh\u013ead, bezpe\u010dnos\u0165, orient\u00e1cia v ter\u00e9ne alebo p\u00e1tracie a z\u00e1chrann\u00e9 oper\u00e1cie.<\/p>\n<h2>Neprekonate\u013en\u00fd v\u00fdkon zobrazenia pre obrazy s ostros\u0165ou britvy<\/h2>\n<p>Rad LUMI nastavuje nov\u00e9 \u0161tandardy v kvalite obrazu. Vybaven\u00e1 najmodernej\u0161\u00edmi zobrazovac\u00edmi algoritmami a v\u00fdkonn\u00fdm term\u00e1lnym senzorom s NETD &lt; 18 mK, kamera dod\u00e1va ostr\u00e9 a realistick\u00e9 obrazy. Displej AMOLED s rozl\u00ed\u0161en\u00edm 1024 x 768 pixelov zabezpe\u010duje v\u00fdnimo\u010dn\u00fa kvalitu zobrazenia, zatia\u013e \u010do re\u017eim Ultra Clear \u010falej optimalizuje \u010distotu obrazu, najm\u00e4 v n\u00e1ro\u010dn\u00fdch poveternostn\u00fdch podmienkach.<\/p>\n<h2>Personalizovan\u00fd z\u00e1\u017eitok z prezerania &#8211; prisp\u00f4sobte si svoje zariadenie dokonale<\/h2>\n<p>V\u010faka ve\u013ek\u00e9mu senzoru 640 x 512 px a r\u00f4znym mo\u017enostiam nastavenia si m\u00f4\u017eete zariadenie presne prisp\u00f4sobi\u0165 svojim potreb\u00e1m. Vyberte si z 5 farebn\u00fdch re\u017eimov a optimalizujte svoj poh\u013ead pomocou 10 \u00farovn\u00ed jasu, ostrosti a kontrastu &#8211; aby v\u00e1m neu\u0161iel \u017eiadny detail.<\/p>\n<h2>Zdie\u013eanie z\u00e1\u017eitkov je s LUMI jednoduch\u00e9<\/h2>\n<p>Pre modern\u00e9ho po\u013eovn\u00edka je d\u00f4le\u017eit\u00e9 zachyt\u00e1va\u0165 v\u00fdnimo\u010dn\u00e9 okam\u017eiky. S Nocpix LUMI H35 m\u00f4\u017eete nielen pohodlne zdie\u013ea\u0165 svoje nahr\u00e1vky prostredn\u00edctvom aplik\u00e1cie, ale ich aj priamo prehr\u00e1va\u0165 na zariaden\u00ed &#8211; perfektn\u00e9 na okam\u017eit\u00e9 zdie\u013eanie va\u0161ich z\u00e1\u017eitkov s ostatn\u00fdmi.<\/p>\n<h2>Flexibiln\u00e9 pou\u017eitie v\u010faka vymenite\u013en\u00e9mu syst\u00e9mu bat\u00e9ri\u00ed<\/h2>\n<p>Rad LUMI je vybaven\u00fd \u0161tandardn\u00fdmi bat\u00e9riami 18650, \u010do v\u00e1m poskytuje maxim\u00e1lnu flexibilitu. Bez oh\u013eadu na to, kde sa nach\u00e1dzate, s dod\u00e1vanou nab\u00edja\u010dkou bat\u00e9ri\u00ed budete op\u00e4\u0165 pripraven\u00ed na akciu v priebehu chv\u00edle &#8211; a m\u00f4\u017eete pokra\u010dova\u0165 vo svojej misii.<\/p>\n","protected":false},"excerpt":{"rendered":"<p>Nocpix LUMI H35: V\u00e1\u0161 neoddelite\u013en\u00fd spolo\u010dn\u00edk pre v\u0161etky aplik\u00e1cie. Senzor 640 s 18 mK, AMOLED displej s 1024 \u00d7 768 pixelov, vymenite\u013en\u00e1 bat\u00e9ria 18650, detek\u010dn\u00fd rozsah pribli\u017ene 1800 metrov, kompaktn\u00fd dizajn.<\/p>\n<p>Ak polo\u017eka nie je k dispoz\u00edcii, kontaktujte n\u00e1s: shop@nbg.eu alebo +359896147790<\/p>\n","protected":false},"featured_media":687752,"template":"","meta":{"_acf_changed":false},"product_brand":[14463],"product_cat":[16097,13368],"product_tag":[],"class_list":{"0":"post-687708","1":"product","2":"type-product","3":"status-publish","4":"has-post-thumbnail","6":"product_brand-nocpix","7":"product_cat-monoculars-sk","8":"product_cat-termalne","10":"first","11":"instock","12":"taxable","13":"shipping-taxable","14":"purchasable","15":"product-type-simple"},"acf":[],"_links":{"self":[{"href":"https:\/\/nbg.eu\/sk\/wp-json\/wp\/v2\/product\/687708","targetHints":{"allow":["GET"]}}],"collection":[{"href":"https:\/\/nbg.eu\/sk\/wp-json\/wp\/v2\/product"}],"about":[{"href":"https:\/\/nbg.eu\/sk\/wp-json\/wp\/v2\/types\/product"}],"wp:featuredmedia":[{"embeddable":true,"href":"https:\/\/nbg.eu\/sk\/wp-json\/wp\/v2\/media\/687752"}],"wp:attachment":[{"href":"https:\/\/nbg.eu\/sk\/wp-json\/wp\/v2\/media?parent=687708"}],"wp:term":[{"taxonomy":"product_brand","embeddable":true,"href":"https:\/\/nbg.eu\/sk\/wp-json\/wp\/v2\/product_brand?post=687708"},{"taxonomy":"product_cat","embeddable":true,"href":"https:\/\/nbg.eu\/sk\/wp-json\/wp\/v2\/product_cat?post=687708"},{"taxonomy":"product_tag","embeddable":true,"href":"https:\/\/nbg.eu\/sk\/wp-json\/wp\/v2\/product_tag?post=687708"}],"curies":[{"name":"wp","href":"https:\/\/api.w.org\/{rel}","templated":true}]}}