{"id":687817,"date":"2026-01-08T18:13:58","date_gmt":"2026-01-08T15:13:58","guid":{"rendered":"https:\/\/nbg.eu\/product\/tepelna-kamera-ace-s60r\/"},"modified":"2026-04-14T16:16:20","modified_gmt":"2026-04-14T13:16:20","slug":"tepelna-kamera-ace-s60r","status":"publish","type":"product","link":"https:\/\/nbg.eu\/sk\/produkt\/tepelna-kamera-ace-s60r\/","title":{"rendered":"Nocpix Termokamera ACE S60R"},"content":{"rendered":"<h2>Popis produktu<\/h2>\n<p>Term\u00e1lny \u010falekoh\u013ead Nocpix ACE S60R je \u00faplne nov\u00fd a modern\u00fd n\u00e1stroj navrhnut\u00fd pre elitn\u00fdch lovov, ktor\u00ed vy\u017eaduj\u00fa \u0161pi\u010dkov\u00fd v\u00fdkon v najn\u00e1ro\u010dnej\u0161\u00edch podmienkach. V\u010faka svojej pokrokovej technol\u00f3gii a robustn\u00e9mu prevedeniu je tento ved\u00faci term\u00e1lny \u010falekoh\u013ead navrhnut\u00fd tak, aby v\u00e1m pomohol ovl\u00e1dnu\u0165 noc a skrotil divok\u00e9 zvierat\u00e1. \u010ci u\u017e preh\u013ead\u00e1vate koris\u0165 na ve\u013ek\u00e9 vzdialenosti, alebo sledujete r\u00fdchlo sa pohybuj\u00face ciele, ACE S60R pon\u00faka neprekonal&#8220;n\u00fa jasnos\u0165, presnos\u0165 a spo\u013eahlivos\u0165.<\/p>\n<p>V srdci tohto mimoriadneho \u010falekoh\u013eadu je term\u00e1lny senzor Gen-2 HD s rozl\u00ed\u0161en\u00edm 1280\u00d71024 a ultra citliv\u00fdm NETD \u226415mK. Tento senzor novej gener\u00e1cie umo\u017e\u0148uje ACE S60R detegova\u0165 aj najmen\u0161ie zmeny teploty a poskytova\u0165 jasn\u00e9 a detailn\u00e9 term\u00e1lne obrazy v re\u00e1lnom \u010dase. S frekvenciou 50 Hz \u010falekoh\u013ead poskytuje plynul\u00e9 vizu\u00e1ly, ktor\u00e9 udr\u017eiavaj\u00fa krok s r\u00fdchlos\u0165ou va\u0161ej cie\u013ea, \u010do v\u00e1m umo\u017e\u0148uje zacieli\u0165 s neprekonal&#8220;nou presnos\u0165ou.<\/p>\n<p>Nocpix ACE S60R je taktie\u017e vybaven\u00fd 60mm\/F1.0 \u0161o\u0161ovkou, ktor\u00e1 zhroma\u017e\u010fuje o 20% viac svetla ne\u017e \u0161tandardn\u00e9 \u010falekoh\u013eady, \u010do v\u00e1m d\u00e1va jasnej\u0161ie a \u010distej\u0161ie obrazy aj v t\u00fdch najtemnej\u0161\u00edch podmienkach. Jeho vynikaj\u00faca detekcia na ve\u013ek\u00e9 vzdialenosti a\u017e do 3100 metrov v\u00e1m umo\u017e\u0148uje \u013eahko identifikova\u0165 a sledova\u0165 vzdialen\u00e9 ciele, \u010do je kritick\u00e1 v\u00fdhoda pri dlhom love a streleck\u00fdch scen\u00e1roch. V kombin\u00e1cii s vlastn\u00fdm algoritmom spracovania obrazu Reality+ Nocpix ACE S60R v\u00fdrazne zni\u017euje okolit\u00e9 \u0161umy a poskytuje ostr\u00e9, vysokokontrastrov\u00e9 obrazy zaka\u017ed\u00fdm.<\/p>\n<p>Pre t\u00fdch, ktor\u00ed chc\u00fa e\u0161te v\u00e4\u010d\u0161iu vizu\u00e1lnu jasnos\u0165, je ACE S60R vybaven\u00fd inovat\u00edvnym syst\u00e9mom Vision+. Okr\u00fahly 1.03-palcov\u00fd 2560\u00d72560 AMOLED displej v kombin\u00e1cii s najlep\u0161ou o\u010dnou lupou na trhu poskytuje neprekonal&#8220;n\u00e9 optick\u00e9 pribl\u00ed\u017eenie bez rozmazania alebo skreslenia, ktor\u00e9 je typick\u00e9 pre elektronick\u00e9 pribl\u00ed\u017eenie. T\u00e1to prelomov\u00e1 technol\u00f3gia zaru\u010duje, \u017ee si vychutn\u00e1te kry\u0161t\u00e1lovo \u010dist\u00fd poh\u013ead a \u0161irok\u00e9 zorn\u00e9 pole, \u010di u\u017e sa pribli\u017eujete k va\u0161ej cieli alebo kontrolujete okolie.<\/p>\n<p>Presnos\u0165 je k\u013e\u00fa\u010dov\u00e1 pri love a ACE S60R v tom nepoch\u00e1va. Jeho vstavan\u00fd laserov&#8220; dia\u013ekomer (LRF) pon\u00faka presn\u00e9 merania a\u017e do vzdialenosti 1200 metrov. LRF je elegantne integrovan\u00fd do \u0161t\u00edhleho dizajnu, udr\u017eiava skuto\u010dn\u00e9 optick\u00e9 osov\u00e9 zarovnanie a umo\u017e\u0148uje v\u00e1m vypo\u010d\u00edta\u0165 presn\u00e9 vzdialenosti bez naru\u0161enia zaostrenia. A s vbudovanou funkciou balistick\u00fdch v\u00fdpo\u010dtov ACE S60R zaist\u00ed, \u017ee va\u0161e v\u00fdstrely bud\u00fa presn\u00e9 a zoh\u013eadnia ka\u017ed\u00fd faktor pre dokonal\u00fa presnos\u0165.<\/p>\n<p>Navrhnut\u00fd s lovcom v mysli, Nocpix ACE S60R sa tie\u017e p\u00fd\u0161i du\u00e1lnym syst\u00e9mom bat\u00e9ri\u00ed s vstavan&#8220;m 4000mAh akumul\u00e1torom a odn\u00edmate\u013enou 18650 bat\u00e9riou pre pred\u013a\u017een\u00e9 pou\u017eitie v ter\u00e9ne. U\u017e sa nemus\u00edte ob\u00e1va\u0165, \u017ee v\u00e1m d\u00f4jde energia uprostred lovu &#8211; tento syst\u00e9m je navrhnut\u00fd tak, aby vydr\u017eal po cel\u00fa dobu v\u00e1\u0161ho dobrodru\u017estva. \u010eal\u0161ie funkcie, ako je automatick\u00e9 vypnutie obrazovky, video z\u00e1znam aktivovan\u00e9 otrasom a dizajn bez kryt, robia z tohto term\u00e1lneho \u010falekoh\u013eadu naozajstn\u00e9ho revolucion\u00e1ra v ter\u00e9ne.<\/p>\n<p>Vyroben\u00fd pre naj\u0165a\u017e\u0161ie vonkaj\u0161ie podmienky, ACE S60R je vyroben\u00fd z vysoko pevnej hlin\u00edkovej zliatiny, ktor\u00e1 bola d\u00f4kladne testovan\u00e1, aby odolala extr\u00e9mnym otrasom a drsn\u00fdm podmienkam. S ochrann\u00fdm kryt\u00edm IP67 vo\u010di vode funguje bezchybne v da\u017edi, prachu a n\u00e1ro\u010dn\u00fdch podmienkach, \u010do zaru\u010duje, \u017ee v\u00e1\u0161 \u010falekoh\u013ead bude tak odoln\u00fd ako va\u0161e loveck\u00e9 in\u0161tinkty.<\/p>\n<p>Nocpix ACE S60R je viac ne\u017e len term\u00e1lny doh\u013ead &#8211; je to ultim\u00e1tny spolo\u010dn\u00edk na love. S modernou technol\u00f3giou, v\u00fdnimo\u010dnou odolnos\u0165ou a mno\u017estvom pokro\u010dil\u00fdch funkci\u00ed navrhnut\u00fdch tak, aby vylep\u0161ili v\u00e1\u0161 z\u00e1\u017eitok z lovu, tento \u010falekoh\u013ead ridefinuje, \u010do m\u00f4\u017eete o\u010dak\u00e1va\u0165 od v\u00e1\u0161ho vybavenia. Pripravte sa na to, \u017ee budete ovl\u00e1da\u0165 noc.<\/p>\n","protected":false},"excerpt":{"rendered":"<p>Termov\u00edzny zameriava\u010d Nocpix ACE S60R je \u0161pi\u010dkov\u00fd n\u00e1stroj pre elitn\u00fdch po\u013eovn\u00edkov, ktor\u00fd pon\u00faka neb\u00fdval\u00fa jasnos\u0165, presnos\u0165 a spo\u013eahlivos\u0165 v najn\u00e1ro\u010dnej\u0161\u00edch podmienkach. Jeho term\u00e1lny senzor Gen-2 HD, objekt\u00edv 60 mm\/F1.0 a pokro\u010dil\u00fd syst\u00e9m Vision+ poskytuj\u00fa v\u00fdnimo\u010dn\u00fa kvalitu obrazu, zatia\u013e \u010do integrovan\u00fd laserov dia\u013ekomer, balistick\u00e9 v\u00fdpo\u010dty a dvojit\u00fd bat\u00e9riov\u00fd syst\u00e9m zais\u0165uj\u00fa presnos\u0165 a pred\u013a\u017een\u00fa dobu pou\u017e\u00edvania. Vyroben\u00fd z odolnej hlin\u00edkovej zliatiny a s kryt\u00edm IP67 je ACE S60R skon\u0161truovan\u00fd tak, aby odolal aj t\u00fdm najdrsnej\u0161\u00edm podmienkam.<\/p>\n<p>Ak tovar nie je k dispoz\u00edcii, kontaktujte n\u00e1s na shop@nbg.eu alebo +359896147790.<\/p>\n","protected":false},"featured_media":687925,"template":"","meta":{"_acf_changed":false},"product_brand":[14463],"product_cat":[16098],"product_tag":[],"class_list":{"0":"post-687817","1":"product","2":"type-product","3":"status-publish","4":"has-post-thumbnail","6":"product_brand-nocpix","7":"product_cat-thermal-cameras-sk","9":"first","10":"instock","11":"taxable","12":"shipping-taxable","13":"purchasable","14":"product-type-simple"},"acf":[],"_links":{"self":[{"href":"https:\/\/nbg.eu\/sk\/wp-json\/wp\/v2\/product\/687817","targetHints":{"allow":["GET"]}}],"collection":[{"href":"https:\/\/nbg.eu\/sk\/wp-json\/wp\/v2\/product"}],"about":[{"href":"https:\/\/nbg.eu\/sk\/wp-json\/wp\/v2\/types\/product"}],"wp:featuredmedia":[{"embeddable":true,"href":"https:\/\/nbg.eu\/sk\/wp-json\/wp\/v2\/media\/687925"}],"wp:attachment":[{"href":"https:\/\/nbg.eu\/sk\/wp-json\/wp\/v2\/media?parent=687817"}],"wp:term":[{"taxonomy":"product_brand","embeddable":true,"href":"https:\/\/nbg.eu\/sk\/wp-json\/wp\/v2\/product_brand?post=687817"},{"taxonomy":"product_cat","embeddable":true,"href":"https:\/\/nbg.eu\/sk\/wp-json\/wp\/v2\/product_cat?post=687817"},{"taxonomy":"product_tag","embeddable":true,"href":"https:\/\/nbg.eu\/sk\/wp-json\/wp\/v2\/product_tag?post=687817"}],"curies":[{"name":"wp","href":"https:\/\/api.w.org\/{rel}","templated":true}]}}