{"id":688026,"date":"2025-10-17T23:10:38","date_gmt":"2025-10-17T20:10:38","guid":{"rendered":"https:\/\/nbg.eu\/product\/poloplnoautomaticky-pistol-kmr-w-02-spectra-s-raz-9x19\/"},"modified":"2026-04-16T18:47:35","modified_gmt":"2026-04-16T15:47:35","slug":"poloplnoautomaticky-pistol-kmr-w-02-spectra-s-raz-9x19","status":"publish","type":"product","link":"https:\/\/nbg.eu\/sk\/produkt\/poloplnoautomaticky-pistol-kmr-w-02-spectra-s-raz-9x19\/","title":{"rendered":"KMR Poloautomatick\u00e1 Pi\u0161to\u013e W-02 SPECTRA S"},"content":{"rendered":"<h2>KMR W-02 SPECTRA S OR Poloautomatick\u00e1 Pi\u0161to\u013e &#8211; Kalibru 9&#215;19<\/h2>\n<p>R\u00fdchlos\u0165 v kombin\u00e1cii s kompaktnos\u0165ou. KMR W-02 SPECTRA S OR je pi\u0161to\u013e s kompaktnej\u0161\u00edm dizajnom a zmen\u0161enou rukov\u00e4\u0165ou. Ako pri na\u0161ich \u010fal\u0161\u00edch modeloch, m\u00f4\u017eete od tejto pi\u0161tole o\u010dak\u00e1va\u0165 vysok\u00fa presnos\u0165 a hladk\u00fa, plynul\u00fa prev\u00e1dzku. Pi\u0161to\u013e je vybaven\u00e1 stabiliza\u010dn\u00fdm syst\u00e9mom BRS, pr\u00edslu\u0161enstvom KMR, plne nastavite\u013en\u00fdmi zadn\u00fdmi mieridlami, s\u00fa\u0165a\u017enou \u00fader\u0148ou a rozhran\u00edm pripraven\u00fdm na optiku.<\/p>\n<p>Vlastnosti:<\/p>\n<ul>\n<li>5&#8243; \u0165a\u017ek\u00e1, dr\u00e1\u017ekovan\u00e1, nitrovan\u00e1 hlave\u0148<\/li>\n<li>BRS &#8211; Syst\u00e9m stabiliz\u00e1cie hlavne v z\u00e1vere<\/li>\n<li>R\u00e1m a z\u00e1ver z ocele, CNC obroben\u00e9 z pln\u00e9ho polotovaru<\/li>\n<li>Nitrovan\u00fd r\u00e1m a z\u00e1ver &#8211; \u010dierny<\/li>\n<li>R\u00e1m zmen\u0161en\u00fd v oblasti rukov\u00e4te<\/li>\n<li>Rozhranie pripraven\u00e9 na optiku (OR)<\/li>\n<li>Vl\u00e1knovo-optick\u00e1 predn\u00e1 mieridla (1 mm)<\/li>\n<li>Plne nastavite\u013en\u00e9 zadn\u00e9 mieridla OR<\/li>\n<li>\u00dadern\u00fd mechanizmus SA\/DA<\/li>\n<li>Oce\u013eov\u00e1 ryhovan\u00e1 SA\/DA sp\u00fa\u0161\u0165 s nastavite\u013en\u00fdm presko\u010den\u00edm &#8211; \u010dierna<\/li>\n<li>Kr\u00e1tky doraz<\/li>\n<li>S\u00fa\u0165a\u017en\u00e1 SA\/DA \u00fader\u0148a<\/li>\n<li>Pred\u013a\u017een\u00e1 \u013eav\u00e1 manu\u00e1lna poistka<\/li>\n<li>Ploch\u00e1 prav\u00e1 manu\u00e1lna poistka<\/li>\n<li>Duralumi\u0148ov\u00e9 rukov\u00e4te WAVES &#8211; tmavo\u010derven\u00e9<\/li>\n<li>Nastavite\u013en\u00e9 duralumi\u0148ov\u00e9 tla\u010didlo z\u00e1sobn\u00edka &#8211; \u010dierne<\/li>\n<li>Z\u00e1sobn\u00edk 9&#215;19, 9&#215;21 s kapacitou 17 n\u00e1bojov<\/li>\n<li>Z\u00e1sobn\u00edky &#8211; 3x<\/li>\n<li>Puzdro KMR, \u010distiaca sada, olej KMR, n\u00e1stroj na mont\u00e1\u017e hlavne, hlavn\u00e1 pru\u017eina 14 lbs, vratn\u00e9 pru\u017einy 11 lbs, 13 lbs, sada tlmi\u010dov, inbusov\u00e9 k\u013e\u00fa\u010de, lepidlo Threadlocker, z\u00e1ru\u010dn\u00fd list, n\u00e1vod na pou\u017eitie<\/li>\n<\/ul>\n<p>\u0160pecifik\u00e1cie:<\/p>\n<ul>\n<li>Kalibru: 9&#215;19, 9&#215;21<\/li>\n<li>Celkov\u00e1 d\u013a\u017eka: 220 mm \/ 8,7 palca<\/li>\n<li>D\u013a\u017eka z\u00e1veru: 194 mm \/ 7,6 palca<\/li>\n<li>Celkov\u00e1 \u0161\u00edrka: 39 mm \/ 1,5 palca<\/li>\n<li>\u0160\u00edrka z\u00e1veru: 26 mm \/ 1 palec<\/li>\n<li>Celkov\u00e1 v\u00fd\u0161ka: 146 mm \/ 5,7 palca<\/li>\n<li>D\u013a\u017eka mieridiel: 177 mm \/ 7 palcov<\/li>\n<li>D\u013a\u017eka hlavne: 127 mm \/ 5 palcov<\/li>\n<li>Kapacita z\u00e1sobn\u00edka: 17<\/li>\n<li>Sp\u00fa\u0161\u0165ac\u00ed mechanizmus: SA \/ DA<\/li>\n<li>\u0164ah sp\u00fa\u0161te: 17,5 N \/ 45 N<\/li>\n<li>Vratn\u00e1 pru\u017eina: 12 lbs<\/li>\n<li>Hlavn\u00e1 pru\u017eina: 17 lbs<\/li>\n<li>Hmotnos\u0165 (bez z\u00e1sobn\u00edka): 1230 g \/ 43,4 oz<\/li>\n<li>Hmotnos\u0165 (s pr\u00e1zdnym z\u00e1sobn\u00edkom): 1320 g \/ 46,6 oz<\/li>\n<\/ul>\n","protected":false},"excerpt":{"rendered":"<p>R\u00fdchlos\u0165 v kombin\u00e1cii s kompaktnos\u0165ou. Pisto\u013e KMR W-02 SPECTRA S OR m\u00e1 kompaktnej\u0161\u00ed dizajn s men\u0161\u00edm \u00fachopom. Ako pri na\u0161ich in\u00fdch modeloch, m\u00f4\u017eete o\u010dak\u00e1va\u0165 vysok\u00fa presnos\u0165 a hladk\u00fa, plynul\u00fa prev\u00e1dzku s touto pi\u0161to\u013eou. Pisto\u013e je vybaven\u00e1 stabiliza\u010dn\u00fdm syst\u00e9mom BRS, doplnkami KMR, plne nastavite\u013en\u00fdm zadn\u00fdm h\u013ead\u00e1\u010dikom, s\u00fa\u0165a\u017en\u00fdmi \u00fadern\u00edkmi a rozhran\u00edm pripraven\u00fdm pre optiku.<\/p>\n","protected":false},"featured_media":688121,"template":"","meta":{"_acf_changed":false},"product_brand":[11505],"product_cat":[13396],"product_tag":[],"class_list":{"0":"post-688026","1":"product","2":"type-product","3":"status-publish","4":"has-post-thumbnail","6":"product_brand-kmr-precision","7":"product_cat-pistole","9":"first","10":"instock","11":"taxable","12":"shipping-taxable","13":"purchasable","14":"product-type-simple"},"acf":[],"_links":{"self":[{"href":"https:\/\/nbg.eu\/sk\/wp-json\/wp\/v2\/product\/688026","targetHints":{"allow":["GET"]}}],"collection":[{"href":"https:\/\/nbg.eu\/sk\/wp-json\/wp\/v2\/product"}],"about":[{"href":"https:\/\/nbg.eu\/sk\/wp-json\/wp\/v2\/types\/product"}],"wp:featuredmedia":[{"embeddable":true,"href":"https:\/\/nbg.eu\/sk\/wp-json\/wp\/v2\/media\/688121"}],"wp:attachment":[{"href":"https:\/\/nbg.eu\/sk\/wp-json\/wp\/v2\/media?parent=688026"}],"wp:term":[{"taxonomy":"product_brand","embeddable":true,"href":"https:\/\/nbg.eu\/sk\/wp-json\/wp\/v2\/product_brand?post=688026"},{"taxonomy":"product_cat","embeddable":true,"href":"https:\/\/nbg.eu\/sk\/wp-json\/wp\/v2\/product_cat?post=688026"},{"taxonomy":"product_tag","embeddable":true,"href":"https:\/\/nbg.eu\/sk\/wp-json\/wp\/v2\/product_tag?post=688026"}],"curies":[{"name":"wp","href":"https:\/\/api.w.org\/{rel}","templated":true}]}}