{"id":688140,"date":"2025-10-17T23:30:59","date_gmt":"2025-10-17T20:30:59","guid":{"rendered":"https:\/\/nbg.eu\/product\/poloautomaticky-samopal-kmr-umbra-w-02-raz-9x19-so-zavitovanou-hlavnou\/"},"modified":"2026-04-16T18:47:31","modified_gmt":"2026-04-16T15:47:31","slug":"poloautomaticky-samopal-kmr-umbra-w-02-raz-9x19-so-zavitovanou-hlavnou","status":"publish","type":"product","link":"https:\/\/nbg.eu\/sk\/produkt\/poloautomaticky-samopal-kmr-umbra-w-02-raz-9x19-so-zavitovanou-hlavnou\/","title":{"rendered":"KMR Poloautomatick\u00e1 Pi\u0161to\u013e W-02 UMBRA so Z\u00e1vitom na Hlavni"},"content":{"rendered":"<h2>KMR W-02 UMBRA OR &#8211; Siln\u00fd a kompaktn\u00fd z\u00e1sobn\u00edk pre s\u00fa\u0165a\u017en\u00fa stre\u013ebu<\/h2>\n<p>S t\u00fdmto kompaktn\u00fdm z\u00e1sobn\u00edkom nepreme\u0161k\u00e1te s\u00fa\u0165a\u017e, naopak, m\u00f4\u017eete prekvapi\u0165.<\/p>\n<p>Z\u00e1sobn\u00edk je vybaven\u00fd pr\u00edslu\u0161enstvom KMR a stabiliza\u010dn\u00fdm syst\u00e9mom BRS, tak\u017ee to znamen\u00e1 z\u00e1sah do stredu ter\u010da.<\/p>\n<p>Tento model nie je len pre \u0161portov\u00fa stre\u013ebu, ale pre ka\u017ed\u00e9ho v\u00e1\u0161niv\u00e9ho strelca.<\/p>\n<h2>K\u013e\u00fa\u010dov\u00e9 vlastnosti<\/h2>\n<ul>\n<li>4,5&#8243; \u0165a\u017ek\u00fd, dr\u00e1\u017ekovan\u00fd, nitridovan\u00fd hlave\u0148<\/li>\n<li>BRS \u2013 Barrel Ring System \u2013 syst\u00e9m stabiliz\u00e1cie hlavne v z\u00e1vere<\/li>\n<li>Oce\u013eov\u00fd r\u00e1m a z\u00e1very, CNC obroben\u00e9 z pln\u00e9ho materi\u00e1lu<\/li>\n<li>Nitridovan\u00fd r\u00e1m a z\u00e1very \u2013 \u010dierne<\/li>\n<li>Rozhranie pre optiku (OR)<\/li>\n<li>Vl\u00e1knov\u00e1 optick\u00e1 predn\u00e1 mieridla (1 mm)<\/li>\n<li>Plne nastavite\u013en\u00e9 zadn\u00e9 mieridla OR<\/li>\n<li>Sp\u00fa\u0161\u0165ov\u00fd mechanizmus SA\/DA<\/li>\n<li>Oce\u013eov\u00e1, vr\u00fabkovan\u00e1 sp\u00fa\u0161\u0165 SA\/DA s nastavite\u013en\u00fdm predchodom \u2013 \u010dierna<\/li>\n<li>Kr\u00e1tka reset<\/li>\n<li>S\u00fa\u0165a\u017en\u00fd SA\/DA \u00fadern\u00edk<\/li>\n<li>Pred\u013a\u017een\u00e1 \u013eav\u00e1 manu\u00e1lna poistka<\/li>\n<li>Ploch\u00e1 prav\u00e1 manu\u00e1lna poistka<\/li>\n<li>Duralhlin\u00edkov\u00e9 WAVES rukov\u00e4te \u2013 \u010dierne<\/li>\n<li>Nastavite\u013en\u00e9 duralhlin\u00edkov\u00e9 tla\u010didlo uvo\u013enenia z\u00e1sobn\u00edka \u2013 \u010dierne<\/li>\n<li>Z\u00e1sobn\u00edk 9\u00d719, 9\u00d721 s kapacitou 17 n\u00e1bojov<\/li>\n<\/ul>\n<h2>\u010co je s\u00fa\u010das\u0165ou balenia<\/h2>\n<ul>\n<li>Z\u00e1sobn\u00edk KMR W-02 UMBRA OR<\/li>\n<li>3 kusy z\u00e1sobn\u00edka<\/li>\n<li>\u010cistiaca sada<\/li>\n<li>KMR olej<\/li>\n<li>N\u00e1stroj na mont\u00e1\u017e hlavne<\/li>\n<li>Hlavn\u00e1 pru\u017eina 14 lbs<\/li>\n<li>Vratn\u00e1 pru\u017eina 11 lbs, 13 lbs<\/li>\n<li>S\u00faprava tlmi\u010dov<\/li>\n<li>Imbusov\u00e9 k\u013e\u00fa\u010de<\/li>\n<li>Lepidlo na z\u00e1vity<\/li>\n<li>Z\u00e1ru\u010dn\u00fd list<\/li>\n<li>N\u00e1vod na pou\u017eitie<\/li>\n<li>Sada propaga\u010dn\u00fdch n\u00e1lepiek KMR Precision Arms<\/li>\n<\/ul>\n<h2>Technick\u00e9 \u00fadaje<\/h2>\n<ul>\n<li>R\u00e1\u017e: 9\u00d719, 9\u00d721<\/li>\n<li>Celkov\u00e1 d\u013a\u017eka: 208 mm \/ 8,2 in<\/li>\n<li>D\u013a\u017eka z\u00e1veru: 181 mm \/ 7 in<\/li>\n<li>Celkov\u00e1 \u0161\u00edrka: 39 mm \/ 1,5 in<\/li>\n<li>\u0160\u00edrka z\u00e1veru: 26 mm \/ 1 in<\/li>\n<li>Celkov\u00e1 v\u00fd\u0161ka: 143 mm \/ 5,6 in<\/li>\n<li>D\u013a\u017eka mieridiel: 164 mm \/ 6,5 in<\/li>\n<li>D\u013a\u017eka hlavne: 114 mm \/ 4,5 in<\/li>\n<li>Kapacita z\u00e1sobn\u00edka: 17<\/li>\n<li>Sp\u00fa\u0161\u0165ov\u00fd mechanizmus: SA \/ DA<\/li>\n<li>Sila sp\u00fa\u0161te: 17,5 N \/ 45 N<\/li>\n<li>Vratn\u00e1 pru\u017eina: 12 lbs<\/li>\n<li>Hlavn\u00e1 pru\u017eina: 17 lbs<\/li>\n<li>Hmotnos\u0165 (bez z\u00e1sobn\u00edka): 1180 g \/ 41,6 oz<\/li>\n<li>Hmotnos\u0165 (so pr\u00e1zdnym z\u00e1sobn\u00edkom): 1270 g \/ 44,8 oz<\/li>\n<\/ul>\n","protected":false},"excerpt":{"rendered":"<p>Mal\u00fd a kompaktn\u00fd, ale v\u00fdkonn\u00fd KMR W-02 UMBRA OR 9&#215;19 pistol s nalepen\u00fdm z\u00e1vitom a stabiliz\u00e1ciou hlavne BRS.<\/p>\n","protected":false},"featured_media":0,"template":"","meta":{"_acf_changed":false},"product_brand":[],"product_cat":[13413],"product_tag":[],"class_list":{"0":"post-688140","1":"product","2":"type-product","3":"status-publish","5":"product_cat-nezaradene","7":"first","8":"instock","9":"taxable","10":"shipping-taxable","11":"purchasable","12":"product-type-simple"},"acf":[],"_links":{"self":[{"href":"https:\/\/nbg.eu\/sk\/wp-json\/wp\/v2\/product\/688140","targetHints":{"allow":["GET"]}}],"collection":[{"href":"https:\/\/nbg.eu\/sk\/wp-json\/wp\/v2\/product"}],"about":[{"href":"https:\/\/nbg.eu\/sk\/wp-json\/wp\/v2\/types\/product"}],"wp:attachment":[{"href":"https:\/\/nbg.eu\/sk\/wp-json\/wp\/v2\/media?parent=688140"}],"wp:term":[{"taxonomy":"product_brand","embeddable":true,"href":"https:\/\/nbg.eu\/sk\/wp-json\/wp\/v2\/product_brand?post=688140"},{"taxonomy":"product_cat","embeddable":true,"href":"https:\/\/nbg.eu\/sk\/wp-json\/wp\/v2\/product_cat?post=688140"},{"taxonomy":"product_tag","embeddable":true,"href":"https:\/\/nbg.eu\/sk\/wp-json\/wp\/v2\/product_tag?post=688140"}],"curies":[{"name":"wp","href":"https:\/\/api.w.org\/{rel}","templated":true}]}}