{"id":688790,"date":"2025-12-22T15:23:07","date_gmt":"2025-12-22T12:23:07","guid":{"rendered":"https:\/\/nbg.eu\/product\/hyllus-duffel-military-green-65-liter\/"},"modified":"2026-04-15T14:41:25","modified_gmt":"2026-04-15T11:41:25","slug":"hyllus-duffel-military-green-65-liter","status":"publish","type":"product","link":"https:\/\/nbg.eu\/sk\/produkt\/hyllus-duffel-military-green-65-liter\/","title":{"rendered":"Eberlestock Cestovn\u00e1 Ta\u0161ka Hyllus &#8211; 65 Litrov"},"content":{"rendered":"<h2>Hyllus Duffel &#8211; 65 litrov<\/h2>\n<p>Hyllus Duffel je vodovzdorn\u00e1, mimoriadne odoln\u00e1 ta\u0161ka, ktor\u00e1 je perfektn\u00e1 na uskladnenie v\u00fdbavy v kufri alebo v pr\u00edru\u010dnej bato\u017eine. Dno a bo\u010dn\u00e9 steny s\u00fa vyroben\u00e9 z 1000D TPU po\u0165ahovan\u00e9ho nylonu, zatia\u013e \u010do vrchn\u00e1 \u010das\u0165 je z 500D TPU po\u0165ahovan\u00e9ho nylonu odoln\u00e9ho proti roztrhnutiu.<\/p>\n<p>Vn\u00fatorn\u00e9 a vonkaj\u0161ie zipov\u00e9 vreck\u00e1 umo\u017e\u0148uj\u00fa jednoduch\u00e9 a bezpe\u010dn\u00e9 usporiadanie drobn\u00fdch predmetov, pri\u010dom ve\u013ek\u00fd otvor do hlavn\u00e9ho priestoru umo\u017e\u0148uje r\u00fdchle ulo\u017eenie oble\u010denia a objemnej\u0161\u00edch predmetov. Hyllus m\u00e1 popruh, ktor\u00fdm sa d\u00e1 pohodlne upevni\u0165 na teleskopick\u00fa rukov\u00e4\u0165 cestovn\u00e9ho kufra.<\/p>\n<h2>Rozmery<\/h2>\n<p>65 l objem: 3966 ci<br \/>\n65 l hmotnos\u0165: 2,5 lb<br \/>\n65 l rozmery: 11 H x 27 L x 13 W<\/p>\n<h2>Vlastnosti<\/h2>\n<p>Vodoodoln\u00e1 kon\u0161trukcia<br \/>\nVe\u013ek\u00fd hlavn\u00fd priestor so zipsov\u00fdmi vn\u00fatorn\u00fdmi organiza\u010dn\u00fdmi vreckami<br \/>\nExtern\u00e9 zipov\u00e9 vreck\u00e1 na oboch stran\u00e1ch a vpredu<br \/>\nRamenn\u00e9 popruhy ta\u0161ky<\/p>\n","protected":false},"excerpt":{"rendered":"<p>Ta\u0161ka Hyllus Duffel &#8211; 65 litrov je vodovzdorn\u00e1, mimoriadne odoln\u00e1 ta\u0161ka s objemom 3966 kubick\u00fdch centimetrov a hmotnos\u0165ou 2,5 lb.<\/p>\n","protected":false},"featured_media":688863,"template":"","meta":{"_acf_changed":false},"product_brand":[15143],"product_cat":[13337],"product_tag":[],"class_list":{"0":"post-688790","1":"product","2":"type-product","3":"status-publish","4":"has-post-thumbnail","6":"product_brand-eberlestock","7":"product_cat-strelecke-tasky","9":"first","10":"instock","11":"taxable","12":"shipping-taxable","13":"purchasable","14":"product-type-variable","15":"wvs-archive-product-wrapper"},"acf":[],"_links":{"self":[{"href":"https:\/\/nbg.eu\/sk\/wp-json\/wp\/v2\/product\/688790","targetHints":{"allow":["GET"]}}],"collection":[{"href":"https:\/\/nbg.eu\/sk\/wp-json\/wp\/v2\/product"}],"about":[{"href":"https:\/\/nbg.eu\/sk\/wp-json\/wp\/v2\/types\/product"}],"wp:featuredmedia":[{"embeddable":true,"href":"https:\/\/nbg.eu\/sk\/wp-json\/wp\/v2\/media\/688863"}],"wp:attachment":[{"href":"https:\/\/nbg.eu\/sk\/wp-json\/wp\/v2\/media?parent=688790"}],"wp:term":[{"taxonomy":"product_brand","embeddable":true,"href":"https:\/\/nbg.eu\/sk\/wp-json\/wp\/v2\/product_brand?post=688790"},{"taxonomy":"product_cat","embeddable":true,"href":"https:\/\/nbg.eu\/sk\/wp-json\/wp\/v2\/product_cat?post=688790"},{"taxonomy":"product_tag","embeddable":true,"href":"https:\/\/nbg.eu\/sk\/wp-json\/wp\/v2\/product_tag?post=688790"}],"curies":[{"name":"wp","href":"https:\/\/api.w.org\/{rel}","templated":true}]}}