{"id":688916,"date":"2025-12-22T15:33:09","date_gmt":"2025-12-22T12:33:09","guid":{"rendered":"https:\/\/nbg.eu\/product\/hyllus-duffel-military-green-45-liter\/"},"modified":"2026-04-15T14:41:21","modified_gmt":"2026-04-15T11:41:21","slug":"hyllus-duffel-military-green-45-liter","status":"publish","type":"product","link":"https:\/\/nbg.eu\/sk\/produkt\/hyllus-duffel-military-green-45-liter\/","title":{"rendered":"Eberlestock Cestovn\u00e1 Ta\u0161ka Hyllus &#8211; 45 Litrov"},"content":{"rendered":"<h2>Hyllus Duffel- 45 litrov<\/h2>\n<p>Hyllus Duffel je voduodoln\u00e1, mimoriadne odoln\u00e1 ta\u0161ka vhodn\u00e1 na uskladnenie vybavenia v dod\u00e1vke alebo pr\u00edru\u010dnej bato\u017eine. Dno a bo\u010dn\u00e9 steny s\u00fa vyroben\u00e9 z 1000D TPU po\u0165ahovan\u00e9ho nylonu a vrchn\u00e1 \u010das\u0165 z 500D TPU po\u0165ahovan\u00e9ho nylonu odoln\u00e9ho vo\u010di roztrhnutiu.<\/p>\n<p>Vn\u00fatorn\u00e9 a vonkaj\u0161ie zap\u00ednan\u00e9 vreck\u00e1 umo\u017e\u0148uj\u00fa jednoduch\u00e9 a bezpe\u010dn\u00e9 usporiadanie drobn\u00fdch predmetov, zatia\u013e \u010do ve\u013ek\u00fd otvor do hlavn\u00e9ho priestoru umo\u017e\u0148uje r\u00fdchle ulo\u017eenie oble\u010denia a ve\u013ek\u00fdch predmetov. Hyllus obsahuje popruhov\u00fd p\u00e1s na pohodln\u00e9 pripevnenie k teleskopickej rukov\u00e4ti cestovn\u00e9ho kufra.<\/p>\n<h2>Rozmery<\/h2>\n<p>Objem 45 l: 2746 ci<br \/>\nHmotnos\u0165 45 l: 2 lb<br \/>\nRozmery 45 l: 10H x 22L x 12\u0160<\/p>\n<h2>Vlastnosti<\/h2>\n<ul>\n<li>Voduodoln\u00e1 kon\u0161trukcia<\/li>\n<li>Ve\u013ek\u00fd hlavn\u00fd priestor s vn\u00fatorn\u00fdmi organiza\u010dn\u00fdmi vreckami na zips<\/li>\n<li>Vonkaj\u0161ie vreck\u00e1 na zips po oboch stran\u00e1ch a vpredu<\/li>\n<li>Popruhy na pren\u00e1\u0161anie ta\u0161ky<\/li>\n<\/ul>\n","protected":false},"excerpt":{"rendered":"<p>Hyllus duffel je vodeodoln\u00e1, mimoriadne odoln\u00e1 45L ta\u0161ka ide\u00e1lna na pren\u00e1\u0161anie v\u00fdstroja v aute alebo v pr\u00edru\u010dnej bato\u017eine.<\/p>\n","protected":false},"featured_media":705376,"template":"","meta":{"_acf_changed":false},"product_brand":[15143],"product_cat":[13337],"product_tag":[],"class_list":{"0":"post-688916","1":"product","2":"type-product","3":"status-publish","4":"has-post-thumbnail","6":"product_brand-eberlestock","7":"product_cat-strelecke-tasky","9":"first","10":"instock","11":"taxable","12":"shipping-taxable","13":"purchasable","14":"product-type-variable","15":"wvs-archive-product-wrapper"},"acf":[],"_links":{"self":[{"href":"https:\/\/nbg.eu\/sk\/wp-json\/wp\/v2\/product\/688916","targetHints":{"allow":["GET"]}}],"collection":[{"href":"https:\/\/nbg.eu\/sk\/wp-json\/wp\/v2\/product"}],"about":[{"href":"https:\/\/nbg.eu\/sk\/wp-json\/wp\/v2\/types\/product"}],"wp:featuredmedia":[{"embeddable":true,"href":"https:\/\/nbg.eu\/sk\/wp-json\/wp\/v2\/media\/705376"}],"wp:attachment":[{"href":"https:\/\/nbg.eu\/sk\/wp-json\/wp\/v2\/media?parent=688916"}],"wp:term":[{"taxonomy":"product_brand","embeddable":true,"href":"https:\/\/nbg.eu\/sk\/wp-json\/wp\/v2\/product_brand?post=688916"},{"taxonomy":"product_cat","embeddable":true,"href":"https:\/\/nbg.eu\/sk\/wp-json\/wp\/v2\/product_cat?post=688916"},{"taxonomy":"product_tag","embeddable":true,"href":"https:\/\/nbg.eu\/sk\/wp-json\/wp\/v2\/product_tag?post=688916"}],"curies":[{"name":"wp","href":"https:\/\/api.w.org\/{rel}","templated":true}]}}