{"id":688989,"date":"2024-09-02T13:30:54","date_gmt":"2024-09-02T10:30:54","guid":{"rendered":"https:\/\/nbg.eu\/product\/bipod-harris-s-lm-notch-rotate-9-13\/"},"modified":"2026-05-13T17:00:37","modified_gmt":"2026-05-13T14:00:37","slug":"bipod-harris-s-lm-notch-rotate-9-13","status":"publish","type":"product","link":"https:\/\/nbg.eu\/sk\/produkt\/bipod-harris-s-lm-notch-rotate-9-13\/","title":{"rendered":"Bipod Harris &#8211; S -LM Notch Rotate 9-13&#8243;"},"content":{"rendered":"<div class=\"product-description\">\n<h2>Bipod Harris &#8211; S -LM Z\u00e1rez Oto\u010dn\u00fd 9-13&#8243;<\/h2>\n<p>Vylep\u0161ite svoj z\u00e1\u017eitok zo strie\u013eania s Bipod Harris S-LM Z\u00e1rez Oto\u010dn\u00fd. Tento ultra\u013eahk\u00fd, univerz\u00e1lny bipod je perfektn\u00fd na stre\u013ebu v prone alebo na podpere.<\/p>\n<ul>\n<li>Nastavite\u013en\u00e1 v\u00fd\u0161ka: 9&#8243; a\u017e 13&#8243;<\/li>\n<li>Priame pripojenie na Picatinny li\u0161tu<\/li>\n<li>Oto\u010dn\u00e1 funkcia pre nerovn\u00fd ter\u00e9n<\/li>\n<li>Hladk\u00e9 nohy pre \u013eahk\u00e9 nasadenie<\/li>\n<li>Hmotnos\u0165 iba 13.5 oz<\/li>\n<li>Zabudovan\u00fd kr\u00fa\u017eok na popruhy<\/li>\n<li>100% vyroben\u00e9 v USA<\/li>\n<\/ul>\n<p>Vyroben\u00e9 z tepelne upravenej ocele a tvrd\u00fdch zliatin, s tvrd\u00fdmi gumen\u00fdmi koncovkami n\u00f4h a plastov\u00fdm gomb\u00edkom. \u010cierna anodizovan\u00e1 povrchov\u00e1 \u00faprava zabezpe\u010duje odolnos\u0165 a \u0161t\u00fdl.<\/p>\n<p>Za\u017eite presnos\u0165 a stabilitu s t\u00fdmto vysoko kvalitn\u00fdm bipodov\u00fdm syst\u00e9mom, navrhnut\u00fdm pre v\u00e1\u017enych strelcov, ktor\u00ed vy\u017eaduj\u00fa to najlep\u0161ie.<\/p>\n<\/div>\n","protected":false},"excerpt":{"rendered":"<p>V\u0161estrann\u00fd 9-13&#8243; dvojno\u017eka, ot\u00e1\u010danie pre nerovn\u00fd ter\u00e9n, ultra\u013eahk\u00e1 13,5 oz.<\/p>\n","protected":false},"featured_media":35229,"template":"","meta":{"_acf_changed":false},"product_brand":[12022],"product_cat":[13376,13397,13358],"product_tag":[],"class_list":{"0":"post-688989","1":"product","2":"type-product","3":"status-publish","4":"has-post-thumbnail","6":"product_brand-harris-bipods","7":"product_cat-dvojnozky","8":"product_cat-puska","9":"product_cat-rifle-tuning","11":"first","12":"instock","13":"taxable","14":"shipping-taxable","15":"purchasable","16":"product-type-simple"},"acf":[],"_links":{"self":[{"href":"https:\/\/nbg.eu\/sk\/wp-json\/wp\/v2\/product\/688989","targetHints":{"allow":["GET"]}}],"collection":[{"href":"https:\/\/nbg.eu\/sk\/wp-json\/wp\/v2\/product"}],"about":[{"href":"https:\/\/nbg.eu\/sk\/wp-json\/wp\/v2\/types\/product"}],"wp:featuredmedia":[{"embeddable":true,"href":"https:\/\/nbg.eu\/sk\/wp-json\/wp\/v2\/media\/35229"}],"wp:attachment":[{"href":"https:\/\/nbg.eu\/sk\/wp-json\/wp\/v2\/media?parent=688989"}],"wp:term":[{"taxonomy":"product_brand","embeddable":true,"href":"https:\/\/nbg.eu\/sk\/wp-json\/wp\/v2\/product_brand?post=688989"},{"taxonomy":"product_cat","embeddable":true,"href":"https:\/\/nbg.eu\/sk\/wp-json\/wp\/v2\/product_cat?post=688989"},{"taxonomy":"product_tag","embeddable":true,"href":"https:\/\/nbg.eu\/sk\/wp-json\/wp\/v2\/product_tag?post=688989"}],"curies":[{"name":"wp","href":"https:\/\/api.w.org\/{rel}","templated":true}]}}