{"id":689031,"date":"2025-03-06T13:09:16","date_gmt":"2025-03-06T10:09:16","guid":{"rendered":"https:\/\/nbg.eu\/product\/clawgear-picatinny-qd-mount\/"},"modified":"2026-05-13T16:03:39","modified_gmt":"2026-05-13T13:03:39","slug":"clawgear-picatinny-qd-mount","status":"publish","type":"product","link":"https:\/\/nbg.eu\/sk\/produkt\/clawgear-picatinny-qd-mount\/","title":{"rendered":"Clawgear Picatinny QD Mount"},"content":{"rendered":"<h2>Clawgear Picatinny QD Mount<\/h2>\n<p>Zv\u00fd\u0161te univerz\u00e1lnos\u0165 svojej pu\u0161ky pomocou Clawgear Picatinny QD Mount, robustn\u00e9ho pripojovacieho bodu pre QD-slings Swivels. Kompatibiln\u00fd s rozhran\u00edm M-LOK, tento dr\u017eiak m\u00e1:<\/p>\n<ul>\n<li>N\u00edzky dizajn s zo\u0161ikmen\u00fdmi rohmi pre plynul\u00fa manipul\u00e1ciu<\/li>\n<li>Pevn\u00e1 kovov\u00e1 kon\u0161trukcia s \u010diernym povrchom pre odolnos\u0165<\/li>\n<li>Maticov\u00e9 uchytenia z nehrdzavej\u00facej ocele pre odolnos\u0165 proti kor\u00f3zii a dlh\u00fa \u017eivotnos\u0165<\/li>\n<li>Rota\u010dn\u00e1 schopnos\u0165 o 360 stup\u0148ov<\/li>\n<\/ul>\n<p>Odpor\u00fa\u010dame pou\u017e\u00edva\u0165 vysokokvalitn\u00e9 QD sling swivle pre optim\u00e1lnu kompatibilitu. Po namontovan\u00ed v\u017edy skontrolujte, \u010di je swivel bezpe\u010dne zaisten\u00fd r\u00fdchlym potiahnut\u00edm a oto\u010den\u00edm.<\/p>\n<h2>\u0160pecifik\u00e1cie:<\/h2>\n<ul>\n<li>Syst\u00e9m kolejnice: M-Lok<\/li>\n<li>Hmotnos\u0165: 25g<\/li>\n<li>Rozmery (balen\u00e9): 18 x 9,4 x 1 cm<\/li>\n<\/ul>\n","protected":false},"excerpt":{"rendered":"<p>Odoln\u00e1 M-LOK QD p\u00e1sov\u00e1 mont\u00e1\u017e s 360\u00b0 ot\u00e1\u010dan\u00edm pre bezpe\u010dn\u00e9 pripevnenie.<\/p>\n","protected":false},"featured_media":240838,"template":"","meta":{"_acf_changed":false},"product_brand":[11230],"product_cat":[13411,13397,13333,13358],"product_tag":[],"class_list":{"0":"post-689031","1":"product","2":"type-product","3":"status-publish","4":"has-post-thumbnail","6":"product_brand-clawgear","7":"product_cat-listy","8":"product_cat-puska","9":"product_cat-remene","10":"product_cat-rifle-tuning","12":"first","13":"instock","14":"taxable","15":"shipping-taxable","16":"purchasable","17":"product-type-simple"},"acf":[],"_links":{"self":[{"href":"https:\/\/nbg.eu\/sk\/wp-json\/wp\/v2\/product\/689031","targetHints":{"allow":["GET"]}}],"collection":[{"href":"https:\/\/nbg.eu\/sk\/wp-json\/wp\/v2\/product"}],"about":[{"href":"https:\/\/nbg.eu\/sk\/wp-json\/wp\/v2\/types\/product"}],"wp:featuredmedia":[{"embeddable":true,"href":"https:\/\/nbg.eu\/sk\/wp-json\/wp\/v2\/media\/240838"}],"wp:attachment":[{"href":"https:\/\/nbg.eu\/sk\/wp-json\/wp\/v2\/media?parent=689031"}],"wp:term":[{"taxonomy":"product_brand","embeddable":true,"href":"https:\/\/nbg.eu\/sk\/wp-json\/wp\/v2\/product_brand?post=689031"},{"taxonomy":"product_cat","embeddable":true,"href":"https:\/\/nbg.eu\/sk\/wp-json\/wp\/v2\/product_cat?post=689031"},{"taxonomy":"product_tag","embeddable":true,"href":"https:\/\/nbg.eu\/sk\/wp-json\/wp\/v2\/product_tag?post=689031"}],"curies":[{"name":"wp","href":"https:\/\/api.w.org\/{rel}","templated":true}]}}