{"id":689077,"date":"2025-03-06T13:06:02","date_gmt":"2025-03-06T10:06:02","guid":{"rendered":"https:\/\/nbg.eu\/product\/clawgear-m-lok-qd-mount\/"},"modified":"2026-05-13T15:10:03","modified_gmt":"2026-05-13T12:10:03","slug":"clawgear-m-lok-qd-mount","status":"publish","type":"product","link":"https:\/\/nbg.eu\/sk\/produkt\/clawgear-m-lok-qd-mount\/","title":{"rendered":"Clawgear M-LOK QD Mount"},"content":{"rendered":"<h2>Clawgear M-LOK QD upevnenie: Bezpe\u010dn\u00e9, bez zachyt\u00e1vania remienka na doplnky<\/h2>\n<p>Vylep\u0161ite nastavenie svojej strelnej zbrane pomocou upevnenia Clawgear M-LOK QD, navrhnut\u00e9ho pre bezkompromisn\u00fa v\u00fdkonnos\u0165 a plynul\u00fa integr\u00e1ciu remienka. Vyroben\u00e9 z hlin\u00edka s vysokou pevnos\u0165ou a s mil-spec anodickou vrstvou, toto n\u00edzko-profilov\u00e9 upevnenie pon\u00faka v\u00fdnimo\u010dn\u00fa odolnos\u0165 a ochranu proti kor\u00f3zii, \u010do zaru\u010duje dlhodob\u00fa spo\u013eahlivos\u0165 v ter\u00e9ne.<\/p>\n<p>Priame M-LOK pripojenie poskytuje bezpe\u010dn\u00e9 a bez-zachyt\u00e1vacie rozhranie, zatia\u013e \u010do funkcia proti ot\u00e1\u010daniu zais\u0165uje, \u017ee v\u00e1\u0161 r\u00fdchlo-odp\u00e1jac\u00ed (QD) kr\u00fa\u017eok remienka zostane pevne na svojom mieste, zabra\u0148uj\u00fac ne\u017eiaducemu pohybu alebo posunu. Kompatibiln\u00e9 so v\u0161etk\u00fdmi \u0161tandardn\u00fdmi QD kr\u00fa\u017ekami remienka, upevnenie Clawgear M-LOK QD umo\u017e\u0148uje r\u00fdchle a jednoduch\u00e9 pripojenie a odpojenie remienka, zjednodu\u0161uj\u00fac va\u0161e prechody a zlep\u0161uj\u00fac celkov\u00fd z\u00e1\u017eitok zo stre\u013eby.<\/p>\n<p>\u010ci u\u017e \u010del\u00edte n\u00e1ro\u010dn\u00fdm taktick\u00fdm scen\u00e1rom alebo sa vyd\u00e1vate na outdoorov\u00e9 dobrodru\u017estv\u00e1, upevnenie Clawgear M-LOK QD je spo\u013eahliv\u00e9 a univerz\u00e1lne rie\u0161enie pre va\u0161e potreby upevnenia remienka. Vylep\u0161ite v\u00fdkonnos\u0165 va\u0161ej strelnej zbrane pomocou tohto odoln\u00e9ho a pou\u017e\u00edvate\u013esky pr\u00edvetiv\u00e9ho doplnku.<\/p>\n","protected":false},"excerpt":{"rendered":"<p>Vysokopevnostn\u00e1 hlin\u00edkov\u00e1 M-LOK QD mont\u00e1\u017e s n\u00edzko-profilov\u00fdm, anti-rota\u010dn\u00fdm dizajnom pre odoln\u00e9 pripojenie popruhov bez rizika zachytenia.<\/p>\n","protected":false},"featured_media":240606,"template":"","meta":{"_acf_changed":false},"product_brand":[11230],"product_cat":[13397,13333,13358],"product_tag":[],"class_list":{"0":"post-689077","1":"product","2":"type-product","3":"status-publish","4":"has-post-thumbnail","6":"product_brand-clawgear","7":"product_cat-puska","8":"product_cat-remene","9":"product_cat-rifle-tuning","11":"first","12":"outofstock","13":"taxable","14":"shipping-taxable","15":"purchasable","16":"product-type-simple"},"acf":[],"_links":{"self":[{"href":"https:\/\/nbg.eu\/sk\/wp-json\/wp\/v2\/product\/689077","targetHints":{"allow":["GET"]}}],"collection":[{"href":"https:\/\/nbg.eu\/sk\/wp-json\/wp\/v2\/product"}],"about":[{"href":"https:\/\/nbg.eu\/sk\/wp-json\/wp\/v2\/types\/product"}],"wp:featuredmedia":[{"embeddable":true,"href":"https:\/\/nbg.eu\/sk\/wp-json\/wp\/v2\/media\/240606"}],"wp:attachment":[{"href":"https:\/\/nbg.eu\/sk\/wp-json\/wp\/v2\/media?parent=689077"}],"wp:term":[{"taxonomy":"product_brand","embeddable":true,"href":"https:\/\/nbg.eu\/sk\/wp-json\/wp\/v2\/product_brand?post=689077"},{"taxonomy":"product_cat","embeddable":true,"href":"https:\/\/nbg.eu\/sk\/wp-json\/wp\/v2\/product_cat?post=689077"},{"taxonomy":"product_tag","embeddable":true,"href":"https:\/\/nbg.eu\/sk\/wp-json\/wp\/v2\/product_tag?post=689077"}],"curies":[{"name":"wp","href":"https:\/\/api.w.org\/{rel}","templated":true}]}}