{"id":689227,"date":"2024-08-18T11:35:41","date_gmt":"2024-08-18T08:35:41","guid":{"rendered":"https:\/\/nbg.eu\/product\/ejector-sa-da-kmr\/"},"modified":"2026-05-13T15:09:49","modified_gmt":"2026-05-13T12:09:49","slug":"ejector-sa-da-kmr","status":"publish","type":"product","link":"https:\/\/nbg.eu\/sk\/produkt\/ejector-sa-da-kmr\/","title":{"rendered":"KMR Vyhadzova\u010d SA\/DA"},"content":{"rendered":"<h2>Vyhadzova\u010d SA\/DA KMR pre zbrane KMR<\/h2>\n<p>Vyhadzova\u010d SA\/DA KMR je univerz\u00e1lne a spo\u013eahliv\u00e9 pr\u00edslu\u0161enstvo navrhnut\u00e9 na pou\u017eitie s r\u00f4znymi modelmi zbran\u00ed KMR. Obsahuje mechanizmus jednohlasn\u00e9ho (SA) a dvojhlasn\u00e9ho (DA) ovl\u00e1dania, ktor\u00fd poskytuje pou\u017e\u00edvate\u013eom zv\u00fd\u0161en\u00fa flexibilitu a kontrolu po\u010das prev\u00e1dzky. Je kompatibiln\u00fd s nasleduj\u00facimi modelmi:<\/p>\n<ul>\n<li>KMR L-02 EMIQ<\/li>\n<li>KMR L-02 EMIQ (OR)<\/li>\n<li>KMR L-02 ORCA OD 2024<\/li>\n<li>KMR L-02 ORCA DO 2023<\/li>\n<li>KMR L-02 SPECTRA OD 2024<\/li>\n<li>KMR L-02 SPECTRA DO 2023<\/li>\n<li>KMR L-02 UMBRA (OR) SR<\/li>\n<li>KMR W-02 CUDA (OR)<\/li>\n<li>KMR W-02 UMBRA<\/li>\n<li>KMR W-02 UMBRA (OR)<\/li>\n<\/ul>\n<p>Referen\u010dn\u00e9 \u010d\u00edslo 1060-00701-0401<\/p>\n","protected":false},"excerpt":{"rendered":"<p>Ejekt\u00f3r SA\/DA KMR &#8211; spo\u013eahliv\u00e9 a v\u0161estrann\u00e9 doplnkov\u00e9 pr\u00edslu\u0161enstvo zbrane pre KMR.<\/p>\n","protected":false},"featured_media":25693,"template":"","meta":{"_acf_changed":false},"product_brand":[11505],"product_cat":[13347],"product_tag":[],"class_list":{"0":"post-689227","1":"product","2":"type-product","3":"status-publish","4":"has-post-thumbnail","6":"product_brand-kmr-precision","7":"product_cat-kmr-diely","9":"first","10":"instock","11":"taxable","12":"shipping-taxable","13":"product-type-simple"},"acf":[],"_links":{"self":[{"href":"https:\/\/nbg.eu\/sk\/wp-json\/wp\/v2\/product\/689227","targetHints":{"allow":["GET"]}}],"collection":[{"href":"https:\/\/nbg.eu\/sk\/wp-json\/wp\/v2\/product"}],"about":[{"href":"https:\/\/nbg.eu\/sk\/wp-json\/wp\/v2\/types\/product"}],"wp:featuredmedia":[{"embeddable":true,"href":"https:\/\/nbg.eu\/sk\/wp-json\/wp\/v2\/media\/25693"}],"wp:attachment":[{"href":"https:\/\/nbg.eu\/sk\/wp-json\/wp\/v2\/media?parent=689227"}],"wp:term":[{"taxonomy":"product_brand","embeddable":true,"href":"https:\/\/nbg.eu\/sk\/wp-json\/wp\/v2\/product_brand?post=689227"},{"taxonomy":"product_cat","embeddable":true,"href":"https:\/\/nbg.eu\/sk\/wp-json\/wp\/v2\/product_cat?post=689227"},{"taxonomy":"product_tag","embeddable":true,"href":"https:\/\/nbg.eu\/sk\/wp-json\/wp\/v2\/product_tag?post=689227"}],"curies":[{"name":"wp","href":"https:\/\/api.w.org\/{rel}","templated":true}]}}