{"id":689253,"date":"2024-08-17T17:58:41","date_gmt":"2024-08-17T14:58:41","guid":{"rendered":"https:\/\/nbg.eu\/product\/ejector-spring-kmr\/"},"modified":"2026-05-13T16:02:32","modified_gmt":"2026-05-13T13:02:32","slug":"ejector-spring-kmr","status":"publish","type":"product","link":"https:\/\/nbg.eu\/sk\/produkt\/ejector-spring-kmr\/","title":{"rendered":"KMR Pru\u017eina Vyhadzova\u010da"},"content":{"rendered":"<h2>Vyhadzovacia pru\u017eina KMR<\/h2>\n<p>Vyhadzovacia pru\u017eina KMR je nevyhnutn\u00e1 s\u00fa\u010das\u0165 pre r\u00f4zne modely zbran\u00ed, navrhnut\u00e1 na spo\u013eahliv\u00e9 a konzistentn\u00e9 vyhadzovanie vyp\u00e1len\u00fdch n\u00e1bojn\u00edc.<\/p>\n<p>Skon\u0161truovan\u00e1 s d\u00f4razom na presnos\u0165 a trvanlivos\u0165, t\u00e1to pru\u017eina zabezpe\u010duje spo\u013eahliv\u00e9 vy\u0165ahovanie a vyhadzovanie vyp\u00e1len\u00fdch n\u00e1bojn\u00edc, \u010d\u00edm udr\u017eiava plynul\u00fa a konzistentn\u00fa prev\u00e1dzku va\u0161ej zbrane. Vyroben\u00e1 z vysokokvalitn\u00fdch materi\u00e1lov, t\u00e1to pru\u017eina je navrhnut\u00e1, aby vydr\u017eala n\u00e1roky pravideln\u00e9ho pou\u017e\u00edvania a poskytovala dlhotrvaj\u00faci v\u00fdkon.<\/p>\n<p>\u010ci u\u017e ste profesion\u00e1lny strelec alebo v\u00e1\u0161niv\u00fd nad\u0161enec, t\u00e1to s\u00fa\u010diastka je nevyhnutn\u00fdm pr\u00edslu\u0161enstvom na udr\u017eiavanie optim\u00e1lneho v\u00fdkonu va\u0161ich zbran\u00ed kompatibiln\u00fdch s KMR.<\/p>\n<p>Pre zbrane KMR:<\/p>\n<p>KMR L-02 EMIQ<\/p>\n<p>KMR L-02 EMIQ (OR)<\/p>\n<p>KMR L-02 ORCA od roku 2024<\/p>\n<p>KMR L-02 ORCA do roku 2023<\/p>\n<p>KMR L-02 SPECTRA od roku 2024<\/p>\n<p>KMR L-02 SPECTRA do roku 2023<\/p>\n<p>KMR L-02 UMBRA (OR) SR<\/p>\n<p>KMR S-02 od roku 2024<\/p>\n<p>KMR W-02 CUDA (OR)<\/p>\n<p>KMR W-02 UMBRA<\/p>\n<p>KMR W-02 UMBRA (OR)<\/p>\n","protected":false},"excerpt":{"rendered":"<p>Pru\u017eina vyhadzova\u010da pre zbrane radu KMR, kompatibiln\u00e1 s viacer\u00fdmi modelmi.<\/p>\n","protected":false},"featured_media":24741,"template":"","meta":{"_acf_changed":false},"product_brand":[11505],"product_cat":[13347,13365],"product_tag":[],"class_list":{"0":"post-689253","1":"product","2":"type-product","3":"status-publish","4":"has-post-thumbnail","6":"product_brand-kmr-precision","7":"product_cat-kmr-diely","8":"product_cat-pruziny","10":"first","11":"instock","12":"taxable","13":"shipping-taxable","14":"product-type-simple"},"acf":[],"_links":{"self":[{"href":"https:\/\/nbg.eu\/sk\/wp-json\/wp\/v2\/product\/689253","targetHints":{"allow":["GET"]}}],"collection":[{"href":"https:\/\/nbg.eu\/sk\/wp-json\/wp\/v2\/product"}],"about":[{"href":"https:\/\/nbg.eu\/sk\/wp-json\/wp\/v2\/types\/product"}],"wp:featuredmedia":[{"embeddable":true,"href":"https:\/\/nbg.eu\/sk\/wp-json\/wp\/v2\/media\/24741"}],"wp:attachment":[{"href":"https:\/\/nbg.eu\/sk\/wp-json\/wp\/v2\/media?parent=689253"}],"wp:term":[{"taxonomy":"product_brand","embeddable":true,"href":"https:\/\/nbg.eu\/sk\/wp-json\/wp\/v2\/product_brand?post=689253"},{"taxonomy":"product_cat","embeddable":true,"href":"https:\/\/nbg.eu\/sk\/wp-json\/wp\/v2\/product_cat?post=689253"},{"taxonomy":"product_tag","embeddable":true,"href":"https:\/\/nbg.eu\/sk\/wp-json\/wp\/v2\/product_tag?post=689253"}],"curies":[{"name":"wp","href":"https:\/\/api.w.org\/{rel}","templated":true}]}}