{"id":689270,"date":"2024-09-17T07:54:09","date_gmt":"2024-09-17T04:54:09","guid":{"rendered":"https:\/\/nbg.eu\/product\/extractor-40-sw-kmr\/"},"modified":"2026-04-16T18:50:09","modified_gmt":"2026-04-16T15:50:09","slug":"extractor-40-sw-kmr","status":"publish","type":"product","link":"https:\/\/nbg.eu\/sk\/produkt\/extractor-40-sw-kmr\/","title":{"rendered":"KMR Vy\u0165ahova\u010d .40 S&amp;W"},"content":{"rendered":"<h2>KMR Precision Extractor \u2013 .40 S&amp;W<\/h2>\n<p>Zabezpe\u010dte, aby v\u00e1\u0161 KMR pistol fungoval s absol\u00fatnou autoritou s t\u00fdmto \u0161peci\u00e1lnym extraktorom .40 S&amp;W. Navrhnut\u00e9 pre vy\u0161\u0161\u00ed tlak a \u0161pecifick\u00fa geometriu n\u00e1bojnice .40 kalibru, t\u00e1to s\u00fa\u010diastka je k\u013e\u00fa\u010dom k udr\u017eaniu spo\u013eahlivej strelnej zbrane.<\/p>\n<h3>Technick\u00e1 excelentnos\u0165:<\/h3>\n<ul>\n<li><strong>Kon\u0161trukcia \u0161pecifick\u00e1 pre dan\u00fd kaliber:<\/strong> Na rozdiel od univerz\u00e1lnych dielov je tento extraktor presne obr\u00e1ben\u00fd tak, aby zodpovedal obrubu n\u00e1bojnice .40 S&amp;W pre u\u017e\u0161ie tolerancie a pozit\u00edvnej\u0161iu extrakciu.<\/li>\n<li><strong>Zv\u00fd\u0161en\u00e1 trvanlivos\u0165:<\/strong> Vyroben\u00e9 z legovanej ocele, aby odolalo zv\u00fd\u0161en\u00fdm r\u00fdchlostiam sliedu a sile sp\u00e4tn\u00e9ho r\u00e1zu spojenej s kalibrom .40 S&amp;W.<\/li>\n<li><strong>Bezprobl\u00e9mov\u00e1 prev\u00e1dzka:<\/strong> M\u00e1 protik\u00f3rov\u00fa povrchov\u00fa \u00fapravu, ktor\u00e1 zni\u017euje trenie a br\u00e1ni usadzovaniu uhl\u00edka, \u010do by mohlo ru\u0161i\u0165 h\u00e1k extraktora.<\/li>\n<li><strong>Perfektn\u00e9 zapadnutie:<\/strong> Navrhnut\u00e9 pre bezprobl\u00e9mov\u00fa integr\u00e1ciu do zost\u00e1v KMR sliedu, udr\u017eiavaj\u00fac presn\u00fa nap\u00e4tos\u0165 po\u017eadovan\u00fa pre profesion\u00e1lne pou\u017eitie.<\/li>\n<\/ul>\n<p>Extraktor je kritick\u00e1 opotrebov\u00e1van\u00e1 polo\u017eka. Inov\u00e1ciou na tento origin\u00e1lny diel KMR odstr\u00e1nite mo\u017en\u00e9 probl\u00e9my s cyklovan\u00edm a zabezpe\u010d\u00edte, \u017ee va\u0161a pi\u0161to\u013e je pripraven\u00e1 na n\u00e1roky s\u00fa\u0165a\u017ee IPSC\/USPSA alebo nosenie pri slu\u017ebe.<\/p>\n","protected":false},"excerpt":{"rendered":"<p>1080-00302-0400<\/p>\n","protected":false},"featured_media":25716,"template":"","meta":{"_acf_changed":false},"product_brand":[11505],"product_cat":[13347],"product_tag":[],"class_list":{"0":"post-689270","1":"product","2":"type-product","3":"status-publish","4":"has-post-thumbnail","6":"product_brand-kmr-precision","7":"product_cat-kmr-diely","9":"first","10":"instock","11":"taxable","12":"shipping-taxable","13":"product-type-simple"},"acf":[],"_links":{"self":[{"href":"https:\/\/nbg.eu\/sk\/wp-json\/wp\/v2\/product\/689270","targetHints":{"allow":["GET"]}}],"collection":[{"href":"https:\/\/nbg.eu\/sk\/wp-json\/wp\/v2\/product"}],"about":[{"href":"https:\/\/nbg.eu\/sk\/wp-json\/wp\/v2\/types\/product"}],"wp:featuredmedia":[{"embeddable":true,"href":"https:\/\/nbg.eu\/sk\/wp-json\/wp\/v2\/media\/25716"}],"wp:attachment":[{"href":"https:\/\/nbg.eu\/sk\/wp-json\/wp\/v2\/media?parent=689270"}],"wp:term":[{"taxonomy":"product_brand","embeddable":true,"href":"https:\/\/nbg.eu\/sk\/wp-json\/wp\/v2\/product_brand?post=689270"},{"taxonomy":"product_cat","embeddable":true,"href":"https:\/\/nbg.eu\/sk\/wp-json\/wp\/v2\/product_cat?post=689270"},{"taxonomy":"product_tag","embeddable":true,"href":"https:\/\/nbg.eu\/sk\/wp-json\/wp\/v2\/product_tag?post=689270"}],"curies":[{"name":"wp","href":"https:\/\/api.w.org\/{rel}","templated":true}]}}