{"id":689306,"date":"2024-08-18T11:36:41","date_gmt":"2024-08-18T08:36:41","guid":{"rendered":"https:\/\/nbg.eu\/product\/extractor-9x19-kmr\/"},"modified":"2026-05-13T16:01:57","modified_gmt":"2026-05-13T13:01:57","slug":"extractor-9x19-kmr","status":"publish","type":"product","link":"https:\/\/nbg.eu\/sk\/produkt\/extractor-9x19-kmr\/","title":{"rendered":"KMR Vy\u0165ahova\u010d 9&#215;19"},"content":{"rendered":"<h2>KMR Precision Extractor \u2013 9x19mm<\/h2>\n<p>Tento presne vyroben\u00fd extraktor je d\u00f4le\u017eitou n\u00e1hradnou \u010das\u0165ou ur\u010denou \u0161peci\u00e1lne pre pi\u0161tole KMR 9x19mm. Vyroben\u00fd tak, aby vydr\u017eal n\u00e1roky intenz\u00edvnej \u0161portovej stre\u013eby, zaru\u010duje bezchybn\u00e9 vyberanie pr\u00e1zdnych n\u00e1bojn\u00edc 9 mm z komory pri ka\u017edom v\u00fdstrele.<\/p>\n<h3>Technick\u00e1 dokonalos\u0165:<\/h3>\n<ul>\n<li><strong>Optimalizovan\u00e9 pre 9x19mm:<\/strong> \u0160peci\u00e1lne naladen\u00e9 na rozmery n\u00e1bojnice 9 mm Luger, aby sa zaistila maxim\u00e1lna z\u00e1bera a spo\u013eahlivos\u0165.<\/li>\n<li><strong>Vysokokvalitn\u00e1 oce\u013e:<\/strong> Obr\u00e1ban\u00e9 z kvalitnej, tepelne upravenej ocele, aby sa zabr\u00e1nilo opotrebovaniu h\u00e1\u010dika a odol\u00e1vali vysok\u00fdm n\u00e1razov\u00fdm sil\u00e1m cyklu z\u00e1veru.<\/li>\n<li><strong>Kompatibilita s OEM:<\/strong> Priama n\u00e1hradn\u00e1 s\u00fa\u010diastka pre modely KMR, ako s\u00fa L-02 a W-02, zaru\u010duj\u00faca perfektn\u00e9 p\u00f4vodn\u00e9 osadenie.<\/li>\n<li><strong>Konzistentn\u00fd v\u00fdkon:<\/strong> \u0160peci\u00e1lna geometria paz\u00farikov minimalizuje poruchy &#8222;Failure to Extract&#8220; (FTE) aj pri r\u00fdchlej stre\u013ebe.<\/li>\n<\/ul>\n<p>Udr\u017eiavajte v\u00fdkon va\u0161ej pi\u0161tole na \u0161pi\u010dkovej \u00farovni zabezpe\u010den\u00edm, aby v\u00e1\u0161 extrak\u010dn\u00fd syst\u00e9m bol v top kond\u00edcii. T\u00e1to origin\u00e1lna KMR s\u00fa\u010diastka je nevyhnutn\u00e1 pre ka\u017ed\u00e9ho strelca, ktor\u00fd vy\u017eaduje 100% spo\u013eahlivos\u0165 na strelnici alebo po\u010das s\u00fa\u0165a\u017ee.<\/p>\n","protected":false},"excerpt":{"rendered":"<p>1080-00301-0400<\/p>\n","protected":false},"featured_media":25716,"template":"","meta":{"_acf_changed":false},"product_brand":[11505],"product_cat":[13347],"product_tag":[],"class_list":{"0":"post-689306","1":"product","2":"type-product","3":"status-publish","4":"has-post-thumbnail","6":"product_brand-kmr-precision","7":"product_cat-kmr-diely","9":"first","10":"instock","11":"taxable","12":"shipping-taxable","13":"product-type-simple"},"acf":[],"_links":{"self":[{"href":"https:\/\/nbg.eu\/sk\/wp-json\/wp\/v2\/product\/689306","targetHints":{"allow":["GET"]}}],"collection":[{"href":"https:\/\/nbg.eu\/sk\/wp-json\/wp\/v2\/product"}],"about":[{"href":"https:\/\/nbg.eu\/sk\/wp-json\/wp\/v2\/types\/product"}],"wp:featuredmedia":[{"embeddable":true,"href":"https:\/\/nbg.eu\/sk\/wp-json\/wp\/v2\/media\/25716"}],"wp:attachment":[{"href":"https:\/\/nbg.eu\/sk\/wp-json\/wp\/v2\/media?parent=689306"}],"wp:term":[{"taxonomy":"product_brand","embeddable":true,"href":"https:\/\/nbg.eu\/sk\/wp-json\/wp\/v2\/product_brand?post=689306"},{"taxonomy":"product_cat","embeddable":true,"href":"https:\/\/nbg.eu\/sk\/wp-json\/wp\/v2\/product_cat?post=689306"},{"taxonomy":"product_tag","embeddable":true,"href":"https:\/\/nbg.eu\/sk\/wp-json\/wp\/v2\/product_tag?post=689306"}],"curies":[{"name":"wp","href":"https:\/\/api.w.org\/{rel}","templated":true}]}}