{"id":689325,"date":"2024-08-17T15:16:22","date_gmt":"2024-08-17T12:16:22","guid":{"rendered":"https:\/\/nbg.eu\/product\/extractor-pin-22-lr-2x10-kmr\/"},"modified":"2026-05-13T16:02:12","modified_gmt":"2026-05-13T13:02:12","slug":"extractor-pin-22-lr-2x10-kmr","status":"publish","type":"product","link":"https:\/\/nbg.eu\/sk\/produkt\/extractor-pin-22-lr-2x10-kmr\/","title":{"rendered":"KMR \u010cap Vy\u0165ahova\u010da .22 LR 2&#215;10"},"content":{"rendered":"<h2>Extractor Pin 22 Lr 2X10 KMR &#8211; Presn\u00fd bod ot\u00e1\u010dania pre spo\u013eahliv\u00fa extrakciu<\/h2>\n<p>Navrhnut\u00e9 pre .22 LR KMR plo\u0161iny s n\u00e1bojmi rimfire, Extractor Pin 22 Lr 2X10 KMR poskytuje kritick\u00fd bod ot\u00e1\u010dania pre funkciu extraktora. Vyroben\u00fd z tvrdej ocele, tento presne dimenzovan\u00fd kol\u00edk (2&#215;10 mm) zabezpe\u010duje konzistentn\u00fa nap\u00e4tos\u0165 a zabra\u0148uje pohybu alebo strihu kol\u00edka pri r\u00fdchlej stre\u013ebe, \u010d\u00edm zais\u0165uje, \u017ee va\u0161a KMR pi\u0161to\u013e spo\u013eahlivo vyvrhuje pr\u00e1zdne n\u00e1bojnice.<\/p>\n<p>Extractor Pin 22 Lr 2X10 KMR je nevyhnutnou s\u00fa\u010das\u0165ou pre udr\u017eanie optim\u00e1lneho v\u00fdkonu va\u0161ej .22 LR KMR. Jeho robustn\u00e1 kon\u0161trukcia a d\u00f4kladn\u00fd dizajn poskytuj\u00fa potrebn\u00fa podporu ot\u00e1\u010dania, aby extractor fungoval bezchybne, v\u00fdstrel po v\u00fdstrele. \u010ci u\u017e strie\u013eate na ter\u010d, plinking alebo s\u00fa\u0165a\u017e\u00edte, tento extractor pin je neocenite\u013en\u00fdm vylep\u0161en\u00edm, ktor\u00e9 zaist\u00ed, \u017ee va\u0161a KMR pi\u0161to\u013e bude fungova\u0165 na maxime svojho potenci\u00e1lu.<\/p>\n<p>Vylep\u0161ite svoju .22 LR KMR pomocou Extractor Pin 22 Lr 2X10 KMR a z\u00edskajte sebad\u00f4veru v spo\u013eahliv\u00fd, kvalitn\u00fd bod ot\u00e1\u010dania, ktor\u00fd udr\u017euje v\u00e1\u0161 extractor v presnom a konzistentnom v\u00fdkone. Investujte do detailov, ktor\u00e9 maj\u00fa v\u00fdznam, a u\u017e\u00edvajte si pokoj mysle, ktor\u00fd prich\u00e1dza s pi\u0161to\u013eou, ktor\u00e1 vyvrhuje n\u00e1boje s neochvejnou spo\u013eahlivos\u0165ou.<\/p>\n","protected":false},"excerpt":{"rendered":"<p>Presn\u00e1 2&#215;10 mm extraktorov\u00e1 osa pre pi\u0161tole .22 LR KMR; kon\u0161trukcia z kalen\u00e9 ocele.<\/p>\n","protected":false},"featured_media":24072,"template":"","meta":{"_acf_changed":false},"product_brand":[11505],"product_cat":[13347],"product_tag":[],"class_list":{"0":"post-689325","1":"product","2":"type-product","3":"status-publish","4":"has-post-thumbnail","6":"product_brand-kmr-precision","7":"product_cat-kmr-diely","9":"first","10":"instock","11":"taxable","12":"shipping-taxable","13":"product-type-simple"},"acf":[],"_links":{"self":[{"href":"https:\/\/nbg.eu\/sk\/wp-json\/wp\/v2\/product\/689325","targetHints":{"allow":["GET"]}}],"collection":[{"href":"https:\/\/nbg.eu\/sk\/wp-json\/wp\/v2\/product"}],"about":[{"href":"https:\/\/nbg.eu\/sk\/wp-json\/wp\/v2\/types\/product"}],"wp:featuredmedia":[{"embeddable":true,"href":"https:\/\/nbg.eu\/sk\/wp-json\/wp\/v2\/media\/24072"}],"wp:attachment":[{"href":"https:\/\/nbg.eu\/sk\/wp-json\/wp\/v2\/media?parent=689325"}],"wp:term":[{"taxonomy":"product_brand","embeddable":true,"href":"https:\/\/nbg.eu\/sk\/wp-json\/wp\/v2\/product_brand?post=689325"},{"taxonomy":"product_cat","embeddable":true,"href":"https:\/\/nbg.eu\/sk\/wp-json\/wp\/v2\/product_cat?post=689325"},{"taxonomy":"product_tag","embeddable":true,"href":"https:\/\/nbg.eu\/sk\/wp-json\/wp\/v2\/product_tag?post=689325"}],"curies":[{"name":"wp","href":"https:\/\/api.w.org\/{rel}","templated":true}]}}