{"id":689359,"date":"2024-08-16T23:18:23","date_gmt":"2024-08-16T20:18:23","guid":{"rendered":"https:\/\/nbg.eu\/product\/extractor-pin-kmr\/"},"modified":"2026-05-13T16:02:07","modified_gmt":"2026-05-13T13:02:07","slug":"extractor-pin-kmr","status":"publish","type":"product","link":"https:\/\/nbg.eu\/sk\/produkt\/extractor-pin-kmr\/","title":{"rendered":"KMR \u010cap Vy\u0165ahova\u010da"},"content":{"rendered":"<h2>Vytl\u00e1\u010dac\u00ed kol\u00edk pre pi\u0161tole KMR<\/h2>\n<p>Zv\u00fd\u0161te v\u00fdkon a spo\u013eahlivos\u0165 va\u0161ej pi\u0161tole KMR pomocou vytl\u00e1\u010dacieho kol\u00edka. Vyroben\u00fd z tvrdej n\u00e1strojovej ocele a skon\u0161truovan\u00fd presne pod\u013ea v\u00fdrobn\u00fdch \u0161pecifik\u00e1ci\u00ed, t\u00e1to s\u00fa\u010diastka zaru\u010duje dokonal\u00e9 zapadnutie do va\u0161ej \u00fapravnej zostavy. Jeho odoln\u00fd povrch zaru\u010duje dlhodob\u00fa \u017eivotnos\u0165 a vysok\u00e1 pevnos\u0165 v \u0165ahu chr\u00e1ni kritick\u00fd syst\u00e9m ot\u00e1\u010dania vytl\u00e1\u010da\u010da.<\/p>\n<p>Ako os pohybu vytl\u00e1\u010da\u010da, tento kol\u00edk hr\u00e1 k\u013e\u00fa\u010dov\u00fa \u00falohu v cykle vytl\u00e1\u010dania. Udr\u017eiavan\u00edm konzistentn\u00e9ho pru\u017einov\u00e9ho nap\u00e4tia zabra\u0148uje mechanick\u00fdm poruch\u00e1m a zaru\u010duje hladk\u00fa a spo\u013eahliv\u00fa prev\u00e1dzku pri ka\u017edom v\u00fdstrele. \u010ci u\u017e ste nad\u0161en\u00fd strelec na ter\u010d alebo z\u00e1stanca sebaobrany, vytl\u00e1\u010dac\u00ed kol\u00edk je nevyhnutn\u00fdm vylep\u0161en\u00edm pre va\u0161u pi\u0161to\u013e KMR, ktor\u00e9 v\u00e1m poskytne po\u017eadovan\u00fd v\u00fdkon a pokoj mysle.<\/p>\n","protected":false},"excerpt":{"rendered":"<p>Vysokonap\u00e4\u0165ov\u00fd extrak\u010dn\u00fd kol\u00edk pre pi\u0161tole KMR; presn\u00e9 spasenie a odoln\u00e1 povrchov\u00e1 \u00faprava.<\/p>\n","protected":false},"featured_media":23788,"template":"","meta":{"_acf_changed":false},"product_brand":[11505],"product_cat":[13347],"product_tag":[],"class_list":{"0":"post-689359","1":"product","2":"type-product","3":"status-publish","4":"has-post-thumbnail","6":"product_brand-kmr-precision","7":"product_cat-kmr-diely","9":"first","10":"instock","11":"taxable","12":"shipping-taxable","13":"product-type-simple"},"acf":[],"_links":{"self":[{"href":"https:\/\/nbg.eu\/sk\/wp-json\/wp\/v2\/product\/689359","targetHints":{"allow":["GET"]}}],"collection":[{"href":"https:\/\/nbg.eu\/sk\/wp-json\/wp\/v2\/product"}],"about":[{"href":"https:\/\/nbg.eu\/sk\/wp-json\/wp\/v2\/types\/product"}],"wp:featuredmedia":[{"embeddable":true,"href":"https:\/\/nbg.eu\/sk\/wp-json\/wp\/v2\/media\/23788"}],"wp:attachment":[{"href":"https:\/\/nbg.eu\/sk\/wp-json\/wp\/v2\/media?parent=689359"}],"wp:term":[{"taxonomy":"product_brand","embeddable":true,"href":"https:\/\/nbg.eu\/sk\/wp-json\/wp\/v2\/product_brand?post=689359"},{"taxonomy":"product_cat","embeddable":true,"href":"https:\/\/nbg.eu\/sk\/wp-json\/wp\/v2\/product_cat?post=689359"},{"taxonomy":"product_tag","embeddable":true,"href":"https:\/\/nbg.eu\/sk\/wp-json\/wp\/v2\/product_tag?post=689359"}],"curies":[{"name":"wp","href":"https:\/\/api.w.org\/{rel}","templated":true}]}}