{"id":689419,"date":"2024-09-18T13:09:26","date_gmt":"2024-09-18T10:09:26","guid":{"rendered":"https:\/\/nbg.eu\/product\/extractor-spring-or-kmr\/"},"modified":"2026-05-13T16:02:17","modified_gmt":"2026-05-13T13:02:17","slug":"extractor-spring-or-kmr","status":"publish","type":"product","link":"https:\/\/nbg.eu\/sk\/produkt\/extractor-spring-or-kmr\/","title":{"rendered":"KMR Pru\u017eina Vy\u0165ahova\u010da OR"},"content":{"rendered":"<h2>EXTRAKTN\u00c1 PRU\u017dINA ALEBO KMR<\/h2>\n<p>Vyroben\u00e9 z vysokokvalitn\u00fdch materi\u00e1lov a navrhnut\u00e9 tak, aby vydr\u017eali n\u00e1ro\u010dn\u00e9 pou\u017e\u00edvanie, t\u00e1to pru\u017eina poskytuje potrebn\u00e9 nap\u00e4tie a odozvu, aby va\u0161a zbra\u0148ov\u00e1 extraktn\u00e1 mechanika fungovala hladko. \u010ci u\u017e sa z\u00fa\u010dast\u0148ujete na s\u00fa\u0165a\u017eiach v strelbe, zap\u00e1jate sa do taktick\u00e9ho v\u00fdcviku alebo sa spoliehate na KMR na osobn\u00fa obranu, t\u00e1to n\u00e1hradn\u00e1 pru\u017eina zabezpe\u010duje bezprobl\u00e9mov\u00fa a spo\u013eahliv\u00fa prev\u00e1dzku, znova a znova.<\/p>\n<p>Upgrading alebo v\u00fdmena pru\u017einy je jednoduch\u00fd a priamo\u010diary proces, ktor\u00fd v\u00e1m umo\u017en\u00ed udr\u017eiava\u0165 vrcholov\u00fd v\u00fdkon v\u00e1\u0161ho KMR a pred\u013a\u017ei\u0165 jeho \u017eivotnos\u0165. V\u010faka presn\u00e9mu a \u013eahk\u00e9mu in\u0161tala\u010dn\u00e9mu procesu m\u00f4\u017eete ma\u0165 svoju zbra\u0148 sp\u00e4\u0165 v prev\u00e1dzke s minim\u00e1lnym v\u00fdpadkom, tak\u017ee budete v\u017edy pripraven\u00ed na \u010fal\u0161iu v\u00fdzvu.<\/p>\n<p>Pre zbrane KMR:<\/p>\n<p>KMR L-02 EMIQ (OR)<\/p>\n<p>KMR L-02 SPECTRA OD 2024<\/p>\n<p>KMR L-02 SPECTRA DO 2023<\/p>\n<p>KMR L-02 UMBRA (OR) SR<\/p>\n<p>KMR W-02 CUDA (OR)<\/p>\n<p>KMR W-02 UMBRA (OR)<\/p>\n","protected":false},"excerpt":{"rendered":"<p>N\u00e1hradn\u00e1 pru\u017eina extraktora pre zbrane KMR L-02 a KMR W-02.<\/p>\n","protected":false},"featured_media":24787,"template":"","meta":{"_acf_changed":false},"product_brand":[11505],"product_cat":[13347,13365],"product_tag":[],"class_list":{"0":"post-689419","1":"product","2":"type-product","3":"status-publish","4":"has-post-thumbnail","6":"product_brand-kmr-precision","7":"product_cat-kmr-diely","8":"product_cat-pruziny","10":"first","11":"instock","12":"taxable","13":"shipping-taxable","14":"product-type-simple"},"acf":[],"_links":{"self":[{"href":"https:\/\/nbg.eu\/sk\/wp-json\/wp\/v2\/product\/689419","targetHints":{"allow":["GET"]}}],"collection":[{"href":"https:\/\/nbg.eu\/sk\/wp-json\/wp\/v2\/product"}],"about":[{"href":"https:\/\/nbg.eu\/sk\/wp-json\/wp\/v2\/types\/product"}],"wp:featuredmedia":[{"embeddable":true,"href":"https:\/\/nbg.eu\/sk\/wp-json\/wp\/v2\/media\/24787"}],"wp:attachment":[{"href":"https:\/\/nbg.eu\/sk\/wp-json\/wp\/v2\/media?parent=689419"}],"wp:term":[{"taxonomy":"product_brand","embeddable":true,"href":"https:\/\/nbg.eu\/sk\/wp-json\/wp\/v2\/product_brand?post=689419"},{"taxonomy":"product_cat","embeddable":true,"href":"https:\/\/nbg.eu\/sk\/wp-json\/wp\/v2\/product_cat?post=689419"},{"taxonomy":"product_tag","embeddable":true,"href":"https:\/\/nbg.eu\/sk\/wp-json\/wp\/v2\/product_tag?post=689419"}],"curies":[{"name":"wp","href":"https:\/\/api.w.org\/{rel}","templated":true}]}}