{"id":689437,"date":"2024-08-17T15:26:35","date_gmt":"2024-08-17T12:26:35","guid":{"rendered":"https:\/\/nbg.eu\/product\/fiber-optic-front-sight-kmr-625xd1x3-red\/"},"modified":"2026-05-13T16:03:18","modified_gmt":"2026-05-13T13:03:18","slug":"fiber-optic-front-sight-kmr-625xd1x3-red","status":"publish","type":"product","link":"https:\/\/nbg.eu\/sk\/produkt\/fiber-optic-front-sight-kmr-625xd1x3-red\/","title":{"rendered":"KMR Optovl\u00e1knov\u00e1 Mu\u0161ka 6.25xD1x3 \u010cerven\u00e1"},"content":{"rendered":"<h2>Zlep\u0161ite svoje zameranie so SVETLOVL\u00c1KNOV\u00ddM PREDN\u00ddM H\u013dAD\u00c1\u010cIKOM KMR 6,25xD1x3 \u010cERVEN\u00dd<\/h2>\n<p>Rozmery h\u013ead\u00e1\u010dika 6,25 x D1 x 3 ho robia dokonal\u00fdm doplnkom pre va\u0161e zbrane, poskytuj\u00fac bezprobl\u00e9mov\u00fa integr\u00e1ciu bez naru\u0161enia celkov\u00e9ho dizajnu. Pevn\u00e1 kon\u0161trukcia a trvanliv\u00e9 materi\u00e1ly pou\u017eit\u00e9 pri jeho v\u00fdrobe zaru\u010duj\u00fa dlhodob\u00fd v\u00fdkon, aj v n\u00e1ro\u010dn\u00fdch podmienkach.<\/p>\n<p>\u010ci u\u017e ste zapojen\u00ed do taktick\u00fdch oper\u00e1ci\u00ed, s\u00fa\u0165a\u017enej stre\u013eby alebo rekrea\u010dn\u00e9ho pou\u017e\u00edvania, svetlovl\u00e1knov\u00fd predn\u00fd h\u013ead\u00e1\u010dik zlep\u0161\u00ed va\u0161e schopnosti zamerania a d\u00e1 v\u00e1m potrebn\u00fa v\u00fdhodu. Spo\u013eahnite sa na tento spo\u013eahliv\u00fd a kvalitn\u00fd doplnok, ktor\u00fd zv\u00fd\u0161i presnos\u0165 a presnos\u0165 va\u0161ej zbrane.<\/p>\n<p>Pre zbrane KMR:<\/p>\n<p>KMR L-02 ORCA DO 2023<\/p>\n<p>KMR W-02 UMBRA<\/p>\n<p>Referencia: 0501-04605-0001<\/p>\n","protected":false},"excerpt":{"rendered":"<p>Vl\u00e1knovo-optick\u00e1 predn\u00e1 mieridl\u00e1 pre zbrane KMR, 6,25xD1x3, \u010derven\u00e1.<\/p>\n","protected":false},"featured_media":24141,"template":"","meta":{"_acf_changed":false},"product_brand":[11505],"product_cat":[13347],"product_tag":[],"class_list":{"0":"post-689437","1":"product","2":"type-product","3":"status-publish","4":"has-post-thumbnail","6":"product_brand-kmr-precision","7":"product_cat-kmr-diely","9":"first","10":"instock","11":"taxable","12":"shipping-taxable","13":"product-type-simple"},"acf":[],"_links":{"self":[{"href":"https:\/\/nbg.eu\/sk\/wp-json\/wp\/v2\/product\/689437","targetHints":{"allow":["GET"]}}],"collection":[{"href":"https:\/\/nbg.eu\/sk\/wp-json\/wp\/v2\/product"}],"about":[{"href":"https:\/\/nbg.eu\/sk\/wp-json\/wp\/v2\/types\/product"}],"wp:featuredmedia":[{"embeddable":true,"href":"https:\/\/nbg.eu\/sk\/wp-json\/wp\/v2\/media\/24141"}],"wp:attachment":[{"href":"https:\/\/nbg.eu\/sk\/wp-json\/wp\/v2\/media?parent=689437"}],"wp:term":[{"taxonomy":"product_brand","embeddable":true,"href":"https:\/\/nbg.eu\/sk\/wp-json\/wp\/v2\/product_brand?post=689437"},{"taxonomy":"product_cat","embeddable":true,"href":"https:\/\/nbg.eu\/sk\/wp-json\/wp\/v2\/product_cat?post=689437"},{"taxonomy":"product_tag","embeddable":true,"href":"https:\/\/nbg.eu\/sk\/wp-json\/wp\/v2\/product_tag?post=689437"}],"curies":[{"name":"wp","href":"https:\/\/api.w.org\/{rel}","templated":true}]}}