{"id":689511,"date":"2024-09-18T14:15:05","date_gmt":"2024-09-18T11:15:05","guid":{"rendered":"https:\/\/nbg.eu\/product\/fiber-optic-front-sight-kmr-675xd1x3-red\/"},"modified":"2026-05-13T16:02:28","modified_gmt":"2026-05-13T13:02:28","slug":"fiber-optic-front-sight-kmr-675xd1x3-red","status":"publish","type":"product","link":"https:\/\/nbg.eu\/sk\/produkt\/fiber-optic-front-sight-kmr-675xd1x3-red\/","title":{"rendered":"KMR Optovl\u00e1knov\u00e1 Mu\u0161ka 6.75xD1x3 \u010cerven\u00e1"},"content":{"rendered":"<h2>Vylep\u0161ite presnos\u0165 va\u0161ej zbrane s FIBER OPTIC FRONT SIGHT KMR 6,75xD1x3 \u010cERVEN\u00ddM<\/h2>\n<p>Navrhnut\u00fd na optim\u00e1lny v\u00fdkon, FIBER OPTIC FRONT SIGHT KMR 6,75xD1x3 \u010cERVEN\u00dd je dokonal\u00fdm doplnkom k va\u0161im KMR zbraniam. T\u00e1to vysokokvalitn\u00e1 mieridla maj\u00fa vl\u00e1knov\u00fa optick\u00fa kon\u0161trukciu, ktor\u00e1 zabezpe\u010duje zlep\u0161en\u00fa vidite\u013enos\u0165 a z\u00edskavanie cie\u013ea, a to aj pri n\u00edzkej intenzite osvetlenia.<\/p>\n<p>FIBER OPTIC FRONT SIGHT KMR 6,75xD1x3 \u010cERVEN\u00dd sa p\u00fd\u0161i kompaktn\u00fdm a pr\u00fadov\u00fdm dizajnom, \u010do umo\u017e\u0148uje jednoduch\u00fa in\u0161tal\u00e1ciu a hladk\u00fa integr\u00e1ciu s va\u0161ou zbra\u0148ou. \u010cerven\u00e1 optick\u00e1 vlo\u017eka zabezpe\u010duje v\u00fdrazn\u00fd, vysoko vidite\u013en\u00fd obraz mieridla, \u010do u\u013eah\u010duje presn\u00e9 a r\u00fdchle z\u00edskanie cie\u013ea.<\/p>\n<p>Vylep\u0161ite presnos\u0165 a v\u00fdkon va\u0161ej zbrane pomocou FIBER OPTIC FRONT SIGHT KMR 6,75xD1x3 \u010cERVEN\u00c9HO. Modernizujte svoju KMR zbra\u0148 e\u0161te dnes a za\u017eite rozdiel, ktor\u00fd m\u00f4\u017ee tento v\u00fdnimo\u010dn\u00fd h\u013ead\u00e1k urobi\u0165.<\/p>\n","protected":false},"excerpt":{"rendered":"<p>Vl\u00e1knovo-optick\u00e9 predn\u00e9 mieridlo pre zbrane modelov KMR, 6,75x1x3 \u010derven\u00e9.<\/p>\n","protected":false},"featured_media":24164,"template":"","meta":{"_acf_changed":false},"product_brand":[11505],"product_cat":[13347],"product_tag":[],"class_list":{"0":"post-689511","1":"product","2":"type-product","3":"status-publish","4":"has-post-thumbnail","6":"product_brand-kmr-precision","7":"product_cat-kmr-diely","9":"first","10":"instock","11":"taxable","12":"shipping-taxable","13":"product-type-simple"},"acf":[],"_links":{"self":[{"href":"https:\/\/nbg.eu\/sk\/wp-json\/wp\/v2\/product\/689511","targetHints":{"allow":["GET"]}}],"collection":[{"href":"https:\/\/nbg.eu\/sk\/wp-json\/wp\/v2\/product"}],"about":[{"href":"https:\/\/nbg.eu\/sk\/wp-json\/wp\/v2\/types\/product"}],"wp:featuredmedia":[{"embeddable":true,"href":"https:\/\/nbg.eu\/sk\/wp-json\/wp\/v2\/media\/24164"}],"wp:attachment":[{"href":"https:\/\/nbg.eu\/sk\/wp-json\/wp\/v2\/media?parent=689511"}],"wp:term":[{"taxonomy":"product_brand","embeddable":true,"href":"https:\/\/nbg.eu\/sk\/wp-json\/wp\/v2\/product_brand?post=689511"},{"taxonomy":"product_cat","embeddable":true,"href":"https:\/\/nbg.eu\/sk\/wp-json\/wp\/v2\/product_cat?post=689511"},{"taxonomy":"product_tag","embeddable":true,"href":"https:\/\/nbg.eu\/sk\/wp-json\/wp\/v2\/product_tag?post=689511"}],"curies":[{"name":"wp","href":"https:\/\/api.w.org\/{rel}","templated":true}]}}