{"id":689775,"date":"2024-08-18T11:10:20","date_gmt":"2024-08-18T08:10:20","guid":{"rendered":"https:\/\/nbg.eu\/product\/firing-pin-screw-m4x5-din-913-kmr\/"},"modified":"2026-02-27T11:54:57","modified_gmt":"2026-02-27T08:54:57","slug":"firing-pin-screw-m4x5-din-913-kmr","status":"publish","type":"product","link":"https:\/\/nbg.eu\/sk\/produkt\/firing-pin-screw-m4x5-din-913-kmr\/","title":{"rendered":"Z\u00e1vit zapa\u013eovacieho kol\u00edka M4X5 Din 913 KMR"},"content":{"rendered":"<h2>Skrutka sp\u00fa\u0161te M4X5 Din 913 KMR<\/h2>\n<p>Prec\u00edzne vyroben\u00e1 pod\u013ea presn\u00fdch technick\u00fdch \u0161pecifik\u00e1ci\u00ed, Skrutka sp\u00fa\u0161te M4X5 Din 913 KMR je vyroben\u00e1 z kvalitn\u00fdch materi\u00e1lov, aby odolala n\u00e1ro\u010dn\u00e9mu pou\u017e\u00edvaniu. Jej rozmery M4 x 5 mm a konfigur\u00e1cia DIN 913 ju robia perfektne vhodn\u00fa pre ur\u010den\u00e9 modely zbran\u00ed KMR, poskytuj\u00fac tak bezpe\u010dn\u00e9 a spo\u013eahliv\u00e9 miesto pripojenia pre sp\u00fa\u0161\u0165ac\u00ed mechanizmus.<\/p>\n<p>\u010ci u\u017e vykon\u00e1vate \u00fadr\u017ebu, opravy alebo moderniz\u00e1ciu va\u0161ho zbra\u0148ov\u00e9ho syst\u00e9mu KMR, Skrutka sp\u00fa\u0161te M4X5 Din 913 KMR je nevyhnutnou komponentou, ktor\u00fa mus\u00edte ma\u0165 poruke. Jej odolnos\u0165 a presn\u00e9 in\u017einierske spracovanie zais\u0165uj\u00fa konzistentn\u00fd a spo\u013eahliv\u00fd v\u00fdkon, \u010d\u00edm prispievaj\u00fa k celkovej spo\u013eahlivosti a efekt\u00edvnosti va\u0161ej zbrane.<\/p>\n<p>Pre zbrane KMR:<\/p>\n<p>KMR S-01 LANCE (OR)<\/p>\n<p>KMR S-02 10 (OR) SR ADA<\/p>\n<p>KMR S-02 75 (OR) SR ADA<\/p>\n<p>KMR S-02 od roku 2024<\/p>\n<p>KMR S-02 SH1 (OR) SR ADA<\/p>\n<p>KMR S-02 SH2 (OR) SR ADA<\/p>\n<p>KMR S-02 TS (OR) SR ADA<\/p>\n<p>KMR S-02 do roku 2023<\/p>\n","protected":false},"excerpt":{"rendered":"<p>Skrutka z\u00e1chytu sp\u00fa\u0161te M4X5 Din 913 pre modely KMR.<\/p>\n","protected":false},"featured_media":25346,"template":"","meta":{"_acf_changed":false},"product_brand":[11505],"product_cat":[13347,14778],"product_tag":[],"class_list":{"0":"post-689775","1":"product","2":"type-product","3":"status-publish","4":"has-post-thumbnail","6":"product_brand-kmr-precision","7":"product_cat-kmr-diely","8":"product_cat-uderniky","10":"first","11":"instock","12":"taxable","13":"shipping-taxable","14":"product-type-simple"},"acf":[],"_links":{"self":[{"href":"https:\/\/nbg.eu\/sk\/wp-json\/wp\/v2\/product\/689775","targetHints":{"allow":["GET"]}}],"collection":[{"href":"https:\/\/nbg.eu\/sk\/wp-json\/wp\/v2\/product"}],"about":[{"href":"https:\/\/nbg.eu\/sk\/wp-json\/wp\/v2\/types\/product"}],"wp:featuredmedia":[{"embeddable":true,"href":"https:\/\/nbg.eu\/sk\/wp-json\/wp\/v2\/media\/25346"}],"wp:attachment":[{"href":"https:\/\/nbg.eu\/sk\/wp-json\/wp\/v2\/media?parent=689775"}],"wp:term":[{"taxonomy":"product_brand","embeddable":true,"href":"https:\/\/nbg.eu\/sk\/wp-json\/wp\/v2\/product_brand?post=689775"},{"taxonomy":"product_cat","embeddable":true,"href":"https:\/\/nbg.eu\/sk\/wp-json\/wp\/v2\/product_cat?post=689775"},{"taxonomy":"product_tag","embeddable":true,"href":"https:\/\/nbg.eu\/sk\/wp-json\/wp\/v2\/product_tag?post=689775"}],"curies":[{"name":"wp","href":"https:\/\/api.w.org\/{rel}","templated":true}]}}