{"id":689839,"date":"2025-03-02T20:05:35","date_gmt":"2025-03-02T17:05:35","guid":{"rendered":"https:\/\/nbg.eu\/product\/fox-classic-hunter\/"},"modified":"2026-05-13T15:11:57","modified_gmt":"2026-05-13T12:11:57","slug":"fox-classic-hunter","status":"publish","type":"product","link":"https:\/\/nbg.eu\/sk\/produkt\/fox-classic-hunter\/","title":{"rendered":"Fox Classic hunter"},"content":{"rendered":"<h2>Klasick\u00e9 Fox Hunter n\u00e1boje: Mimoriadne presn\u00e9 a v\u00fdkonn\u00e9 bez obsahu olova<\/h2>\n<p>Navrhnut\u00e9 tak, aby sp\u013a\u0148ali n\u00e1ro\u010dn\u00e9 po\u017eiadavky eur\u00f3pskeho po\u013eovn\u00edctva, klasick\u00e9 Fox Hunter n\u00e1boje poskytuj\u00fa nekompromisn\u00fd v\u00fdkon a etick\u00e9, bezolovnat\u00e9 po\u013eovn\u00edctvo. Vyroben\u00e9 z pevnej zliatiny medi a zinku, tieto pr\u00e9miov\u00e9 n\u00e1boje maj\u00fa dizajn s dvojit\u00fdm priemerom expanzie a vysok\u00fd balistick\u00fd koeficient (BC) pre rovn\u00e9 trajekt\u00f3rie a ni\u010div\u00e9 termin\u00e1lne balistick\u00e9 vlastnosti.<\/p>\n<p>Po\u013eovn\u00edci, ktor\u00ed h\u013eadaj\u00fa spo\u013eahliv\u00fa, bezolovnat\u00fa mo\u017enos\u0165 mun\u00edcie, si m\u00f4\u017eu by\u0165 ist\u00ed, \u017ee Fox Classic Hunter poskytne hlbok\u00fa priebojnos\u0165 a maxim\u00e1lne zadr\u017eanie hmotnosti potrebn\u00e9 pre \u010dist\u00fd a etick\u00fd z\u00e1sah. Elimin\u00e1ciou kontamin\u00e1cie olovom zaistia, \u017ee m\u00e4so zostane neporu\u0161en\u00e9 a bezpe\u010dn\u00e9 pre konzum\u00e1ciu, \u010do v\u00e1m umo\u017en\u00ed naplno si vychutna\u0165 ovocie v\u00e1\u0161ho lovu.<\/p>\n<p>V\u010faka svojmu pokro\u010dil\u00e9mu dizajnu a zlo\u017eeniu materi\u00e1lu v\u00e1m Fox Classic Hunter poskytne v\u00fdkon, ktor\u00fd po\u017eadujete, bez toho, aby ste museli kompromitova\u0165 svoje hodnoty. Za\u017eite dokonal\u00fa rovnov\u00e1hu presnosti, sily a environment\u00e1lnej zodpovednosti pri ka\u017edom v\u00fdstrele.<\/p>\n","protected":false},"excerpt":{"rendered":"<p>L\u00ed\u0161o\u010dka Klasick\u00fd Lovec: Olove\u0148ou naplnen\u00e9 n\u00e1boje na lov poskytuj\u00face ni\u010div\u00fa termin\u00e1lnu balistiku.<\/p>\n","protected":false},"featured_media":0,"template":"","meta":{"_acf_changed":false},"product_brand":[],"product_cat":[13413],"product_tag":[],"class_list":{"0":"post-689839","1":"product","2":"type-product","3":"status-publish","5":"product_cat-nezaradene","7":"first","8":"instock","9":"taxable","10":"shipping-taxable","11":"purchasable","12":"product-type-variable","13":"wvs-archive-product-wrapper"},"acf":[],"_links":{"self":[{"href":"https:\/\/nbg.eu\/sk\/wp-json\/wp\/v2\/product\/689839","targetHints":{"allow":["GET"]}}],"collection":[{"href":"https:\/\/nbg.eu\/sk\/wp-json\/wp\/v2\/product"}],"about":[{"href":"https:\/\/nbg.eu\/sk\/wp-json\/wp\/v2\/types\/product"}],"wp:attachment":[{"href":"https:\/\/nbg.eu\/sk\/wp-json\/wp\/v2\/media?parent=689839"}],"wp:term":[{"taxonomy":"product_brand","embeddable":true,"href":"https:\/\/nbg.eu\/sk\/wp-json\/wp\/v2\/product_brand?post=689839"},{"taxonomy":"product_cat","embeddable":true,"href":"https:\/\/nbg.eu\/sk\/wp-json\/wp\/v2\/product_cat?post=689839"},{"taxonomy":"product_tag","embeddable":true,"href":"https:\/\/nbg.eu\/sk\/wp-json\/wp\/v2\/product_tag?post=689839"}],"curies":[{"name":"wp","href":"https:\/\/api.w.org\/{rel}","templated":true}]}}