{"id":690054,"date":"2024-08-24T16:34:19","date_gmt":"2024-08-24T13:34:19","guid":{"rendered":"https:\/\/nbg.eu\/product\/flex-holster-right-hand-color-inlays\/"},"modified":"2025-12-28T21:30:50","modified_gmt":"2025-12-28T18:30:50","slug":"flex-holster-right-hand-color-inlays","status":"publish","type":"product","link":"https:\/\/nbg.eu\/sk\/produkt\/flex-holster-right-hand-color-inlays\/","title":{"rendered":"Flex Holster Right Hand Color Inlays"},"content":{"rendered":"<div class=\"product-description\">\n<h2>Flex Holster pre prav\u00fa ruku Farebn\u00e9 vlo\u017eky<\/h2>\n<p>Prisp\u00f4sobte si svoj Flex holster pre prav\u00fa ruku na\u0161imi presn\u00fdmi laserom vyrezan\u00fdmi plastov\u00fdmi logami vlo\u017ekami. Tieto \u017eiv\u00e9 farebn\u00e9 akcenty dodaj\u00fa v\u00e1\u0161mu holsteru osobn\u00fd \u0161t\u00fdl a pritom si zachovaj\u00fa jeho elegantn\u00fd dizajn.<\/p>\n<ul>\n<li>Jednoduch\u00e1 in\u0161tal\u00e1cia s prednapavenou lepiacou vrstvou 3M<\/li>\n<li>Odstr\u00e1nite\u013en\u00e9 a vymenite\u013en\u00e9 pre bud\u00face zmeny farby<\/li>\n<li>Vr\u00e1tane transparentnej ochrannej f\u00f3lie (odstr\u00e1nite\u013en\u00e1 pre najlep\u0161\u00ed vzh\u013ead)<\/li>\n<li>\u0160peci\u00e1lne navrhnut\u00e9 pre tel\u00e1 holstrov Flex pre prav\u00fa ruku<\/li>\n<\/ul>\n<p><strong>Pozn\u00e1mka:<\/strong> Hoci je mo\u017en\u00e9 vlo\u017eky odstr\u00e1ni\u0165 a vymeni\u0165, majte na pam\u00e4ti, \u017ee p\u00f4vodn\u00e1 vlo\u017eka sa pri odstra\u0148ovan\u00ed m\u00f4\u017ee rozbi\u0165. Pri zmene farieb postupujte opatrne, aby ste zabezpe\u010dili plynul\u00fd prechod.<\/p>\n<p>Zd\u00f4raznite \u0161t\u00fdl v\u00e1\u0161ho holsteru t\u00fdmito oku lahodiacimi farebn\u00fdmi vlo\u017ekami e\u0161te dnes!<\/p>\n<\/div>\n","protected":false},"excerpt":{"rendered":"<p>Prisp\u00f4sobite\u013en\u00e9 farebn\u00e9 intarzie pre pravostrann\u00e9 puzdra Flex. Jednoduch\u00e9 na in\u0161tal\u00e1ciu.<\/p>\n","protected":false},"featured_media":29662,"template":"","meta":{"_acf_changed":false},"product_brand":[11282],"product_cat":[13378,13384,13405],"product_tag":[],"class_list":{"0":"post-690054","1":"product","2":"type-product","3":"status-publish","4":"has-post-thumbnail","6":"product_brand-doublealpha","7":"product_cat-prislusenstvo-k-puzdram","8":"product_cat-sportove-puzdro","9":"product_cat-vystroj","11":"first","12":"instock","13":"taxable","14":"shipping-taxable","15":"purchasable","16":"product-type-variable","17":"wvs-archive-product-wrapper"},"acf":[],"_links":{"self":[{"href":"https:\/\/nbg.eu\/sk\/wp-json\/wp\/v2\/product\/690054","targetHints":{"allow":["GET"]}}],"collection":[{"href":"https:\/\/nbg.eu\/sk\/wp-json\/wp\/v2\/product"}],"about":[{"href":"https:\/\/nbg.eu\/sk\/wp-json\/wp\/v2\/types\/product"}],"wp:featuredmedia":[{"embeddable":true,"href":"https:\/\/nbg.eu\/sk\/wp-json\/wp\/v2\/media\/29662"}],"wp:attachment":[{"href":"https:\/\/nbg.eu\/sk\/wp-json\/wp\/v2\/media?parent=690054"}],"wp:term":[{"taxonomy":"product_brand","embeddable":true,"href":"https:\/\/nbg.eu\/sk\/wp-json\/wp\/v2\/product_brand?post=690054"},{"taxonomy":"product_cat","embeddable":true,"href":"https:\/\/nbg.eu\/sk\/wp-json\/wp\/v2\/product_cat?post=690054"},{"taxonomy":"product_tag","embeddable":true,"href":"https:\/\/nbg.eu\/sk\/wp-json\/wp\/v2\/product_tag?post=690054"}],"curies":[{"name":"wp","href":"https:\/\/api.w.org\/{rel}","templated":true}]}}