{"id":690301,"date":"2024-09-17T22:42:30","date_gmt":"2024-09-17T19:42:30","guid":{"rendered":"https:\/\/nbg.eu\/product\/firing-pin-spring-kmr\/"},"modified":"2026-05-13T16:04:40","modified_gmt":"2026-05-13T13:04:40","slug":"firing-pin-spring-kmr","status":"publish","type":"product","link":"https:\/\/nbg.eu\/sk\/produkt\/firing-pin-spring-kmr\/","title":{"rendered":"KMR Pru\u017eina Z\u00e1paln\u00edka"},"content":{"rendered":"<h2>\u0164ahac\u00ed pru\u017eina KMR<\/h2>\n<p>\u0164ahac\u00ed pru\u017eina KMR je kritick\u00e1 s\u00fa\u010das\u0165 pre cel\u00fd rad zbra\u0148ov\u00fdch syst\u00e9mov, navrhnut\u00e1 tak, aby zabezpe\u010dila spo\u013eahliv\u00fd a konzistentn\u00fd v\u00fdkon vo va\u0161ich streln\u00fdch zbraniach KMR. T\u00e1to pru\u017eina je navrhnut\u00e1 tak, aby poskytovala potrebn\u00e9 nap\u00e4tie a silu na ovl\u00e1danie z\u00e1paln\u00edka, \u010d\u00edm zaru\u010duje plynul\u00fd a spo\u013eahliv\u00fd chod sp\u00fa\u0161te pri ka\u017edom pou\u017eit\u00ed.<\/p>\n<p>T\u00e1to \u0165ahacia pru\u017eina z\u00e1paln\u00edka je nevyhnutnou n\u00e1hradnou s\u00fa\u010das\u0165ou na udr\u017eanie spr\u00e1vnej funkcie va\u0161ej zbrane.<\/p>\n<p>Vyroben\u00e1 z vysokokvalitn\u00fdch materi\u00e1lov a presne skon\u0161truovan\u00e1 pod\u013ea pr\u00edsnych noriem, \u0165ahacia pru\u017eina KMR zaru\u010duje optim\u00e1lny v\u00fdkon a trvanlivos\u0165, a to aj v t\u00fdch najn\u00e1ro\u010dnej\u0161\u00edch podmienkach. \u010ci u\u017e ste s\u00fa\u0165a\u017en\u00fd strelec alebo zodpovedn\u00fd majite\u013e zbrane, t\u00e1to \u0165ahacia pru\u017eina z\u00e1paln\u00edka je kritickou s\u00fa\u010das\u0165ou na udr\u017eanie spo\u013eahlivosti a v\u00fdkonu va\u0161ej zbrane KMR.<\/p>\n<p>Pre zbrane KMR:<\/p>\n<p>KMR L-02 EMIQ<\/p>\n<p>KMR L-02 EMIQ (OR)<\/p>\n<p>KMR L-02 ORCA OD 2024<\/p>\n<p>KMR L-02 ORCA DO 2023<\/p>\n<p>KMR L-02 SPECTRA OD 2024<\/p>\n<p>KMR L-02 SPECTRA DO 2023<\/p>\n<p>KMR L-02 UMBRA (OR) SR<\/p>\n<p>KMR W-02 CUDA (OR)<\/p>\n<p>KMR W-02 UMBRA<\/p>\n<p>KMR W-02 UMBRA (OR)<\/p>\n","protected":false},"excerpt":{"rendered":"<p>Sp\u00fa\u0161\u0165acia pru\u017eina pre zbrane s\u00e9rie KMR, kompatibiln\u00e9 modely uveden\u00e9.<\/p>\n","protected":false},"featured_media":24954,"template":"","meta":{"_acf_changed":false},"product_brand":[11505],"product_cat":[13347,13365],"product_tag":[],"class_list":{"0":"post-690301","1":"product","2":"type-product","3":"status-publish","4":"has-post-thumbnail","6":"product_brand-kmr-precision","7":"product_cat-kmr-diely","8":"product_cat-pruziny","10":"first","11":"instock","12":"taxable","13":"shipping-taxable","14":"product-type-simple"},"acf":[],"_links":{"self":[{"href":"https:\/\/nbg.eu\/sk\/wp-json\/wp\/v2\/product\/690301","targetHints":{"allow":["GET"]}}],"collection":[{"href":"https:\/\/nbg.eu\/sk\/wp-json\/wp\/v2\/product"}],"about":[{"href":"https:\/\/nbg.eu\/sk\/wp-json\/wp\/v2\/types\/product"}],"wp:featuredmedia":[{"embeddable":true,"href":"https:\/\/nbg.eu\/sk\/wp-json\/wp\/v2\/media\/24954"}],"wp:attachment":[{"href":"https:\/\/nbg.eu\/sk\/wp-json\/wp\/v2\/media?parent=690301"}],"wp:term":[{"taxonomy":"product_brand","embeddable":true,"href":"https:\/\/nbg.eu\/sk\/wp-json\/wp\/v2\/product_brand?post=690301"},{"taxonomy":"product_cat","embeddable":true,"href":"https:\/\/nbg.eu\/sk\/wp-json\/wp\/v2\/product_cat?post=690301"},{"taxonomy":"product_tag","embeddable":true,"href":"https:\/\/nbg.eu\/sk\/wp-json\/wp\/v2\/product_tag?post=690301"}],"curies":[{"name":"wp","href":"https:\/\/api.w.org\/{rel}","templated":true}]}}