{"id":690533,"date":"2024-08-18T11:12:46","date_gmt":"2024-08-18T08:12:46","guid":{"rendered":"https:\/\/nbg.eu\/product\/front-sight-screw-m3x3-din-914-kmr\/"},"modified":"2026-05-13T15:10:02","modified_gmt":"2026-05-13T12:10:02","slug":"front-sight-screw-m3x3-din-914-kmr","status":"publish","type":"product","link":"https:\/\/nbg.eu\/sk\/produkt\/front-sight-screw-m3x3-din-914-kmr\/","title":{"rendered":"KMR Skrutka Mu\u0161ky M3x3 DIN 914"},"content":{"rendered":"<h2>Predn\u00fd h\u013ead\u00e1k Skrutka M3X3 Din 914 KMR<\/h2>\n<p>Vylep\u0161ite v\u00fdkon va\u0161ej zbrane s prednou h\u013ead\u00e1kovou skrutkou M3X3 Din 914 KMR. Navrhnut\u00e1 pre kompatibilitu s \u0161irokou \u0161k\u00e1lou modelov KMR, t\u00e1to skrutka zaru\u010duje bezpe\u010dn\u00e9 a presn\u00e9 osadenie, \u010d\u00edm zvy\u0161uje stabilitu a presnos\u0165 va\u0161ej strelnej zbrane. Vyroben\u00e1 z vysokokvalitn\u00fdch materi\u00e1lov, Predn\u00e1 h\u013ead\u00e1kov\u00e1 skrutka M3X3 Din 914 KMR je vyroben\u00e1 tak, aby vydr\u017eala n\u00e1roky taktick\u00e9ho a s\u00fa\u0165a\u017en\u00e9ho stre\u013ebov\u00e9ho prostredia.<\/p>\n<p>Pre zbrane KMR:<\/p>\n<p>KMR L-02 EMIQ (OR)<\/p>\n<p>KMR L-02 ORCA OD 2024<\/p>\n<p>KMR L-02 ORCA DO 2023<\/p>\n<p>KMR L-02 SPECTRA OD 2024<\/p>\n<p>KMR L-02 SPECTRA DO 2023<\/p>\n<p>KMR L-02 UMBRA (OR) SR<\/p>\n<p>KMR S-01 LANCE (OR)<\/p>\n<p>KMR S-02 10 (OR) SR ADA<\/p>\n<p>KMR S-02 75 (OR) SR ADA<\/p>\n<p>KMR S-02 OD 2024<\/p>\n<p>KMR S-02 SH1 (OR) SR ADA<\/p>\n<p>KMR S-02 SH2 (OR) SR ADA<\/p>\n<p>KMR S-02 TS (OR) SR ADA<\/p>\n<p>KMR S-02 DO 2023<\/p>\n<p>KMR W-02 CUDA (OR)<\/p>\n<p>KMR W-02 UMBRA<\/p>\n<p>KMR W-02 UMBRA (OR)<\/p>\n","protected":false},"excerpt":{"rendered":"<p>Skrutka predn\u00e9ho h\u013ead\u00e1\u010dika M3X3 Din 914 pre zbra\u0148ov\u00e9 modely KMR.<\/p>\n","protected":false},"featured_media":25415,"template":"","meta":{"_acf_changed":false},"product_brand":[11505],"product_cat":[13347],"product_tag":[],"class_list":{"0":"post-690533","1":"product","2":"type-product","3":"status-publish","4":"has-post-thumbnail","6":"product_brand-kmr-precision","7":"product_cat-kmr-diely","9":"first","10":"instock","11":"taxable","12":"shipping-taxable","13":"product-type-simple"},"acf":[],"_links":{"self":[{"href":"https:\/\/nbg.eu\/sk\/wp-json\/wp\/v2\/product\/690533","targetHints":{"allow":["GET"]}}],"collection":[{"href":"https:\/\/nbg.eu\/sk\/wp-json\/wp\/v2\/product"}],"about":[{"href":"https:\/\/nbg.eu\/sk\/wp-json\/wp\/v2\/types\/product"}],"wp:featuredmedia":[{"embeddable":true,"href":"https:\/\/nbg.eu\/sk\/wp-json\/wp\/v2\/media\/25415"}],"wp:attachment":[{"href":"https:\/\/nbg.eu\/sk\/wp-json\/wp\/v2\/media?parent=690533"}],"wp:term":[{"taxonomy":"product_brand","embeddable":true,"href":"https:\/\/nbg.eu\/sk\/wp-json\/wp\/v2\/product_brand?post=690533"},{"taxonomy":"product_cat","embeddable":true,"href":"https:\/\/nbg.eu\/sk\/wp-json\/wp\/v2\/product_cat?post=690533"},{"taxonomy":"product_tag","embeddable":true,"href":"https:\/\/nbg.eu\/sk\/wp-json\/wp\/v2\/product_tag?post=690533"}],"curies":[{"name":"wp","href":"https:\/\/api.w.org\/{rel}","templated":true}]}}