{"id":690560,"date":"2024-11-27T10:37:53","date_gmt":"2024-11-27T07:37:53","guid":{"rendered":"https:\/\/nbg.eu\/product\/geissele-20-round-6mm-arc-magazine-black\/"},"modified":"2026-05-13T16:02:29","modified_gmt":"2026-05-13T13:02:29","slug":"geissele-20-round-6mm-arc-magazine-black","status":"publish","type":"product","link":"https:\/\/nbg.eu\/sk\/produkt\/geissele-20-round-6mm-arc-magazine-black\/","title":{"rendered":"Geissele Z\u00e1sobn\u00edk 6mm ARC 20 N\u00e1bojov &#8211; Black"},"content":{"rendered":"<div class=\"product-description\">\n<h2>Geissele 20 round 6mm ARC Magazine \u2013 Black<\/h2>\n<p>Za\u017eite bezkonkuren\u010dn\u00fa trvanlivos\u0165 a spo\u013eahlivos\u0165 s 6mm ARC z\u00e1sobn\u00edkom Geissele. Presne skon\u0161truovan\u00fd pre n\u00e1boj 6mm ARC, tento 20-rann\u00fd z\u00e1sobn\u00edk sa p\u00fd\u0161i robustnou jednodielnou kon\u0161trukciou a laserov\u00fdm zv\u00e1ran\u00edm pre vynikaj\u00facu pevnos\u0165.<\/p>\n<ul>\n<li>Ultraodoln\u00e9 telo z 410 nerezovej ocele s \u010diernym nitr\u00e1tov\u00fdm povrchom<\/li>\n<li>Antipodti\u017en\u00fd pod\u00e1va\u010d zaru\u010duje hladk\u00e9 pod\u00e1vanie<\/li>\n<li>Dizajn odoln\u00fd proti kor\u00f3zii pre dlh\u00fa \u017eivotnos\u0165<\/li>\n<li>Nerezov\u00e1 oce\u013eov\u00e1 pru\u017eina pre konzistentn\u00fd v\u00fdkon<\/li>\n<li>Celkov\u00e1 d\u013a\u017eka: 6,1 palca<\/li>\n<li>Hrd\u00fdm v\u00fdrobkom USA<\/li>\n<\/ul>\n<p>Zdobnite svoj z\u00e1\u017eitok zo stre\u013eby kvalitou a prec\u00edznos\u0165ou Geissele. Tento z\u00e1sobn\u00edk je skon\u0161truovan\u00fd tak, aby zvl\u00e1dol n\u00e1ro\u010dn\u00e9 pou\u017eitie a pritom si zachoval bezchybn\u00fa funk\u010dnos\u0165. Zvo\u013ete si Geissele pre nepodmiene\u010dn\u00fd v\u00fdkon v ka\u017edom v\u00fdstrele.<\/p>\n<\/div>\n","protected":false},"excerpt":{"rendered":"<p>Odoln\u00fd 20-n\u00e1bojov\u00fd z\u00e1sobn\u00edk 6mm ARC. Proti sklzu, odoln\u00fd vo\u010di kor\u00f3zii. Vyroben\u00e9 v USA.<\/p>\n","protected":false},"featured_media":81853,"template":"","meta":{"_acf_changed":false},"product_brand":[11391],"product_cat":[13397,13404],"product_tag":[],"class_list":{"0":"post-690560","1":"product","2":"type-product","3":"status-publish","4":"has-post-thumbnail","6":"product_brand-geissele","7":"product_cat-puska","8":"product_cat-zasobniky-na-pusky","10":"first","11":"instock","12":"taxable","13":"shipping-taxable","14":"product-type-simple"},"acf":[],"_links":{"self":[{"href":"https:\/\/nbg.eu\/sk\/wp-json\/wp\/v2\/product\/690560","targetHints":{"allow":["GET"]}}],"collection":[{"href":"https:\/\/nbg.eu\/sk\/wp-json\/wp\/v2\/product"}],"about":[{"href":"https:\/\/nbg.eu\/sk\/wp-json\/wp\/v2\/types\/product"}],"wp:featuredmedia":[{"embeddable":true,"href":"https:\/\/nbg.eu\/sk\/wp-json\/wp\/v2\/media\/81853"}],"wp:attachment":[{"href":"https:\/\/nbg.eu\/sk\/wp-json\/wp\/v2\/media?parent=690560"}],"wp:term":[{"taxonomy":"product_brand","embeddable":true,"href":"https:\/\/nbg.eu\/sk\/wp-json\/wp\/v2\/product_brand?post=690560"},{"taxonomy":"product_cat","embeddable":true,"href":"https:\/\/nbg.eu\/sk\/wp-json\/wp\/v2\/product_cat?post=690560"},{"taxonomy":"product_tag","embeddable":true,"href":"https:\/\/nbg.eu\/sk\/wp-json\/wp\/v2\/product_tag?post=690560"}],"curies":[{"name":"wp","href":"https:\/\/api.w.org\/{rel}","templated":true}]}}