{"id":690584,"date":"2025-08-20T18:30:18","date_gmt":"2025-08-20T15:30:18","guid":{"rendered":"https:\/\/nbg.eu\/product\/german-tactical-systems-adjustable-ak-rear-sight\/"},"modified":"2026-05-13T16:48:56","modified_gmt":"2026-05-13T13:48:56","slug":"german-tactical-systems-adjustable-ak-rear-sight","status":"publish","type":"product","link":"https:\/\/nbg.eu\/sk\/produkt\/german-tactical-systems-adjustable-ak-rear-sight\/","title":{"rendered":"GERMAN TACTICAL SYSTEMS Adjustable AK Rear Sight"},"content":{"rendered":"<h2>GERMAN TACTICAL SYSTEMS Nastavite\u013en\u00e1 zadn\u00e1 mieridl\u00e1 AK<\/h2>\n<p>Zv\u00fd\u0161te presnos\u0165 va\u0161ej platformy AK pomocou tejto presne navrhnutej zadnej mieridiel. Na rozdiel od tradi\u010dn\u00fdch mieridiel AK, tento inovat\u00edvny dizajn pon\u00faka nastavenie bo\u010dn\u00e9ho a v\u00fd\u0161kov\u00e9ho vyrovnania pre bezkonkuren\u010dn\u00e9 umiestnenie stre\u013eby.<\/p>\n<ul>\n<li>Du\u00e1lne nastavenie bo\u010dn\u00e9ho a v\u00fd\u0161kov\u00e9ho vyrovnania<\/li>\n<li>Odoln\u00e1 oce\u013eov\u00e1 kon\u0161trukcia<\/li>\n<li>R\u00fdchle nastavenia bez n\u00e1strojov<\/li>\n<li>Kompatibiln\u00e9 s v\u00e4\u010d\u0161inou variantov AK<\/li>\n<li>N\u00edzky profil<\/li>\n<\/ul>\n<p>Ide\u00e1lne pre s\u00fa\u0165a\u017en\u00fdch strelcov, taktick\u00fdch oper\u00e1torov a nad\u0161encov AK. Vylep\u0161ite v\u00fdkon a estetiku va\u0161ej AK pomocou tohto v\u0161estrann\u00e9ho a \u013eahko pou\u017eite\u013en\u00e9ho mieridla. Dosiahnite vynikaj\u00facu presnos\u0165 v ka\u017edej situ\u00e1cii, \u010di u\u017e na strelnici, alebo v ter\u00e9ne.<\/p>\n","protected":false},"excerpt":{"rendered":"<p>Nastavite\u013en\u00e9 zadn\u00e9 mieridlo AK: Regul\u00e1cia vetru a v\u00fd\u0161ky, odoln\u00e1 oce\u013e.<\/p>\n","protected":false},"featured_media":471153,"template":"","meta":{"_acf_changed":false},"product_brand":[],"product_cat":[13335,13397,13358],"product_tag":[],"class_list":{"0":"post-690584","1":"product","2":"type-product","3":"status-publish","4":"has-post-thumbnail","6":"product_cat-ak-tuning","7":"product_cat-puska","8":"product_cat-rifle-tuning","10":"first","11":"outofstock","12":"taxable","13":"shipping-taxable","14":"purchasable","15":"product-type-simple"},"acf":[],"_links":{"self":[{"href":"https:\/\/nbg.eu\/sk\/wp-json\/wp\/v2\/product\/690584","targetHints":{"allow":["GET"]}}],"collection":[{"href":"https:\/\/nbg.eu\/sk\/wp-json\/wp\/v2\/product"}],"about":[{"href":"https:\/\/nbg.eu\/sk\/wp-json\/wp\/v2\/types\/product"}],"wp:featuredmedia":[{"embeddable":true,"href":"https:\/\/nbg.eu\/sk\/wp-json\/wp\/v2\/media\/471153"}],"wp:attachment":[{"href":"https:\/\/nbg.eu\/sk\/wp-json\/wp\/v2\/media?parent=690584"}],"wp:term":[{"taxonomy":"product_brand","embeddable":true,"href":"https:\/\/nbg.eu\/sk\/wp-json\/wp\/v2\/product_brand?post=690584"},{"taxonomy":"product_cat","embeddable":true,"href":"https:\/\/nbg.eu\/sk\/wp-json\/wp\/v2\/product_cat?post=690584"},{"taxonomy":"product_tag","embeddable":true,"href":"https:\/\/nbg.eu\/sk\/wp-json\/wp\/v2\/product_tag?post=690584"}],"curies":[{"name":"wp","href":"https:\/\/api.w.org\/{rel}","templated":true}]}}