{"id":690606,"date":"2024-08-17T14:52:53","date_gmt":"2024-08-17T11:52:53","guid":{"rendered":"https:\/\/nbg.eu\/product\/fully-adjustable-sight-kmr-black-wide\/"},"modified":"2026-05-13T16:04:35","modified_gmt":"2026-05-13T13:04:35","slug":"fully-adjustable-sight-kmr-black-wide","status":"publish","type":"product","link":"https:\/\/nbg.eu\/sk\/produkt\/fully-adjustable-sight-kmr-black-wide\/","title":{"rendered":"KMR Plne Nastavite\u013en\u00e9 Mieridlo \u010cierny \u0160irok\u00fd"},"content":{"rendered":"<h2>Plne nastavite\u013en\u00fd mieridlov\u00fd syst\u00e9m KMR Black-Wide: Prec\u00edzne zvl\u00e1dnutie pre s\u00fa\u0165a\u017en\u00fdch strelcov<\/h2>\n<p>Plne nastavite\u013en\u00fd mieridlov\u00fd syst\u00e9m KMR Black-Wide je najvy\u0161\u0161ia doplnkov\u00e1 v\u00fdbava pre s\u00fa\u0165a\u017en\u00fdch strelcov, ktor\u00ed h\u013eadaj\u00fa neprekonal&#8217;n\u00fa presnos\u0165 a v\u0161estrannos\u0165. Navrhnut\u00e9 s d\u00f4razom na nastavenie v\u00fd\u0161ky\/bo\u010dn\u00e9ho vedenia a vysok\u00fd kontrast pre z\u00edskavanie cie\u013ea, toto mieridlo poskytuje v\u00fdkon, ktor\u00fd potrebujete na ovl\u00e1dnutie strelnice.<\/p>\n<p>Vd&#8217;aka mikrometrick\u00e9mu nastaveniu kliknut\u00edm, KMR Black-Wide v\u00e1m umo\u017e\u0148uje presne vyrovna\u0165 v\u00e1\u0161 bod dopadu na v\u00e1\u0161 \u0161pecifick\u00fd n\u00e1boj a vzdialenos\u0165, zabezpe\u010duj\u00fac tak nekompromisuj\u00facu presnos\u0165. \u0160ir\u0161ia zadn\u00e1 z\u00e1rez poskytuje lep\u0161\u00ed obraz mieridla pre r\u00fdchle prechody, zatia\u013e \u010do protislne\u010dn\u00fd, dr\u00e1\u017ekovan\u00fd matn\u00fd \u010dierny povrch eliminuje odlesk slnka pre ostr\u00fd, \u010dierno-\u010dierny profil.<\/p>\n<p>\u010ci u\u017e sa z\u00fa\u010dast\u0148ujete na presn\u00fdch dlhovzdialenostn\u00fdch s\u00fa\u0165a\u017eiach alebo navigujete dynamick\u00e9 v\u00fdzvy so stalou streleckou cie\u013eovou vzdialenos\u0165ou, Plne nastavite\u013en\u00fd mieridlov\u00fd syst\u00e9m KMR Black-Wide je v\u00e1\u0161 k\u013e\u00fa\u010d k odomknutiu v\u00e1\u0161ho skuto\u010dn\u00e9ho potenci\u00e1lu. Vylep\u0161ite svoju v\u00fdbavu a prevezmite svoje stre\u013ebu na nov\u00e9 v\u00fd\u0161ky s t\u00fdmto vynikaj\u00facim mieridlov\u00fdm syst\u00e9mom.<\/p>\n","protected":false},"excerpt":{"rendered":"<p>Plne nastavite\u013en\u00e1 mu\u0161ka KMR Black-Wide &#8211; Presn\u00e9 nastavenie v\u00fd\u0161ky\/bo\u010dn\u00e9ho nastavenia a vysok\u00fd kontrast pre r\u00fdchle zacielenie.<\/p>\n","protected":false},"featured_media":30352,"template":"","meta":{"_acf_changed":false},"product_brand":[11505],"product_cat":[13347],"product_tag":[],"class_list":{"0":"post-690606","1":"product","2":"type-product","3":"status-publish","4":"has-post-thumbnail","6":"product_brand-kmr-precision","7":"product_cat-kmr-diely","9":"first","10":"instock","11":"taxable","12":"shipping-taxable","13":"product-type-simple"},"acf":[],"_links":{"self":[{"href":"https:\/\/nbg.eu\/sk\/wp-json\/wp\/v2\/product\/690606","targetHints":{"allow":["GET"]}}],"collection":[{"href":"https:\/\/nbg.eu\/sk\/wp-json\/wp\/v2\/product"}],"about":[{"href":"https:\/\/nbg.eu\/sk\/wp-json\/wp\/v2\/types\/product"}],"wp:featuredmedia":[{"embeddable":true,"href":"https:\/\/nbg.eu\/sk\/wp-json\/wp\/v2\/media\/30352"}],"wp:attachment":[{"href":"https:\/\/nbg.eu\/sk\/wp-json\/wp\/v2\/media?parent=690606"}],"wp:term":[{"taxonomy":"product_brand","embeddable":true,"href":"https:\/\/nbg.eu\/sk\/wp-json\/wp\/v2\/product_brand?post=690606"},{"taxonomy":"product_cat","embeddable":true,"href":"https:\/\/nbg.eu\/sk\/wp-json\/wp\/v2\/product_cat?post=690606"},{"taxonomy":"product_tag","embeddable":true,"href":"https:\/\/nbg.eu\/sk\/wp-json\/wp\/v2\/product_tag?post=690606"}],"curies":[{"name":"wp","href":"https:\/\/api.w.org\/{rel}","templated":true}]}}