{"id":690762,"date":"2024-08-16T23:16:01","date_gmt":"2024-08-16T20:16:01","guid":{"rendered":"https:\/\/nbg.eu\/product\/hammer-pin-kmr\/"},"modified":"2026-05-13T16:04:31","modified_gmt":"2026-05-13T13:04:31","slug":"hammer-pin-kmr","status":"publish","type":"product","link":"https:\/\/nbg.eu\/sk\/produkt\/hammer-pin-kmr\/","title":{"rendered":"KMR \u010cap Koh\u00fata"},"content":{"rendered":"<h2>Kol\u00edk kladiva pre pi\u0161tole KMR: Presnos\u0165 a spo\u013eahlivos\u0165 pre v\u00e1\u0161 zapa\u013eovac\u00ed syst\u00e9m<\/h2>\n<p>Zaistite hladk\u00e9 a konzistentn\u00e9 fungovanie zapa\u013eovacieho syst\u00e9mu va\u0161ej pi\u0161tole KMR pomocou n\u00e1\u0161ho pr\u00e9miov\u00e9ho kol\u00edka kladiva. Vyroben\u00fd z presne br\u00fasenej, zakalej ocele, tento kol\u00edk je navrhnut\u00fd tak, aby sl\u00fa\u017eil ako prim\u00e1rna os pohybu kladiva, zaru\u010duj\u00fac spo\u013eahliv\u00e9 a opakovate\u013en\u00e9 p\u00e1\u010denie kladiva a sp\u00fa\u0161te.<\/p>\n<p>S presn\u00fdm priemerom vyroben\u00fd pod\u013ea tov\u00e1rne pre dokonal\u00e9 dosadnutie do r\u00e1mov KMR, n\u00e1\u0161 kol\u00edk kladiva je skon\u0161truovan\u00fd tak, aby predch\u00e1dzal be\u017en\u00fdm probl\u00e9mom, ako je &#8222;bl\u00fadenie kol\u00edka&#8220; po\u010das r\u00fdchleho stre\u013eby. Jeho odoln\u00fd povrchov\u00fd n\u00e1ter navy\u0161e zvy\u0161uje trvanlivos\u0165 kol\u00edka, \u010d\u00edm chr\u00e1ni kon\u0161truk\u010dn\u00fa integritu kritick\u00fdch komponentov va\u0161ej zbrane.<\/p>\n<p>\u010ci u\u017e ste v\u00e1\u0161niv\u00fd s\u00fa\u0165a\u017en\u00fd strelec alebo oddan\u00fd rekrea\u010dn\u00fd u\u017e\u00edvate\u013e, kol\u00edk kladiva pre pi\u0161tole KMR je nevyhnutnou s\u00fa\u010das\u0165ou, ktor\u00fa potrebujete na zaistenie hladk\u00e9ho a spo\u013eahliv\u00e9ho fungovania v\u00e1\u0161ho zapa\u013eovacieho syst\u00e9mu. Spo\u013eahnite sa na jeho presn\u00e9 in\u017einierstvo a neotrasite\u013en\u00fd v\u00fdkon, aby ste pozdvihli va\u0161u stre\u013ebu na nov\u00e9 v\u00fd\u0161ky.<\/p>\n","protected":false},"excerpt":{"rendered":"<p>Presne zakalen\u00fd oce\u013eov\u00fd kol\u00edk zaru\u010duje stabiln\u00fd \u00fader kladiva a hladk\u00e9 \u0165ahanie sp\u00fa\u0161te pre pi\u0161tole KMR.<\/p>\n","protected":false},"featured_media":23695,"template":"","meta":{"_acf_changed":false},"product_brand":[11505],"product_cat":[13347],"product_tag":[],"class_list":{"0":"post-690762","1":"product","2":"type-product","3":"status-publish","4":"has-post-thumbnail","6":"product_brand-kmr-precision","7":"product_cat-kmr-diely","9":"first","10":"instock","11":"taxable","12":"shipping-taxable","13":"product-type-simple"},"acf":[],"_links":{"self":[{"href":"https:\/\/nbg.eu\/sk\/wp-json\/wp\/v2\/product\/690762","targetHints":{"allow":["GET"]}}],"collection":[{"href":"https:\/\/nbg.eu\/sk\/wp-json\/wp\/v2\/product"}],"about":[{"href":"https:\/\/nbg.eu\/sk\/wp-json\/wp\/v2\/types\/product"}],"wp:featuredmedia":[{"embeddable":true,"href":"https:\/\/nbg.eu\/sk\/wp-json\/wp\/v2\/media\/23695"}],"wp:attachment":[{"href":"https:\/\/nbg.eu\/sk\/wp-json\/wp\/v2\/media?parent=690762"}],"wp:term":[{"taxonomy":"product_brand","embeddable":true,"href":"https:\/\/nbg.eu\/sk\/wp-json\/wp\/v2\/product_brand?post=690762"},{"taxonomy":"product_cat","embeddable":true,"href":"https:\/\/nbg.eu\/sk\/wp-json\/wp\/v2\/product_cat?post=690762"},{"taxonomy":"product_tag","embeddable":true,"href":"https:\/\/nbg.eu\/sk\/wp-json\/wp\/v2\/product_tag?post=690762"}],"curies":[{"name":"wp","href":"https:\/\/api.w.org\/{rel}","templated":true}]}}