{"id":690892,"date":"2024-09-18T20:49:20","date_gmt":"2024-09-18T17:49:20","guid":{"rendered":"https:\/\/nbg.eu\/product\/holosun-1-63-riser-for-hs510c-red-dot-sight-hs-riser-510c\/"},"modified":"2026-05-13T16:02:31","modified_gmt":"2026-05-13T13:02:31","slug":"holosun-1-63-riser-for-hs510c-red-dot-sight-hs-riser-510c","status":"publish","type":"product","link":"https:\/\/nbg.eu\/sk\/produkt\/holosun-1-63-riser-for-hs510c-red-dot-sight-hs-riser-510c\/","title":{"rendered":"Holosun 1.63&#8243; Riser for HS510C Red Dot Sight | HS-RISER-510C"},"content":{"rendered":"<p><strong><span style=\"font-size: 170%\">Holosun 1.63&#8220; vysok\u00fd zdv\u00edha\u010d HS-RISER-510C pre HS510C<\/span><\/strong><\/p>\n<p>Vyv\u00fd\u0161te svoj z\u00e1\u017eitok zo stre\u013eby pomocou vysok\u00e9ho zdv\u00edha\u010da HOLOSUN, \u0161peci\u00e1lne navrhnut\u00e9ho pre HS510C. Tento zdv\u00edha\u010d pon\u00faka perfektn\u00fa 1.63&#8220; l\u00edniu doh\u013eadu, ide\u00e1lnu pre zbrane s priamymi pa\u017ebami, kde rameno odpo\u010d\u00edva zarovnan\u00e9 s krabicou zbrane.<\/p>\n<h2>K\u013e\u00fa\u010dov\u00e9 vlastnosti:<\/h2>\n<ul>\n<li>\u013dahk\u00e9 pou\u017e\u00edvanie a in\u0161tal\u00e1cia<\/li>\n<li>Kompaktn\u00fd dizajn pre optim\u00e1lny v\u00fdkon<\/li>\n<li>Extr\u00e9mna odolnos\u0165 v\u010faka robustnej kon\u0161trukcii z duralum\u00ednia<\/li>\n<li>Opakovate\u013en\u00e1 presnos\u0165 pre konzistentn\u00e9 stre\u013ebu<\/li>\n<li>\u013dahk\u00e1, no pevn\u00e1 kon\u0161trukcia<\/li>\n<\/ul>\n<h2>Technick\u00e9 \u0161pecifik\u00e1cie:<\/h2>\n<ul>\n<li>Prev\u00e1dzkov\u00e1 teplota: -30\u00b0C a\u017e 60\u00b0C<\/li>\n<li>Teplota skladovania: -40\u00b0C a\u017e 70\u00b0C<\/li>\n<li>Rozmery: 80,5 x 40 x 5,5 mm<\/li>\n<li>Materi\u00e1l: Hlin\u00edk<\/li>\n<li>Farba: \u010cierna<\/li>\n<li>Hmotnos\u0165: 44 g<\/li>\n<\/ul>\n<p>Vylep\u0161ite svoj Holosun HS510C pomocou tohto vysokokvalitn\u00e9ho zdv\u00edha\u010da, ktor\u00fd je navrhnut\u00fd pre presnos\u0165 a spo\u013eahlivos\u0165 v r\u00f4znych streleck\u00fdch podmienkach. \u010ci ste profesion\u00e1l alebo nad\u0161enec, HS-RISER-510C je perfektn\u00fdm doplnkom na zlep\u0161enie v\u00fdkonu va\u0161ej zbrane.<\/p>\n","protected":false},"excerpt":{"rendered":"<p>Zdvihnite svoj HS510C s t\u00fdmto pevn\u00fdm mont\u00e1\u017enym adapt\u00e9rom s v\u00fd\u0161kou 1,63&#8243;.<\/p>\n","protected":false},"featured_media":64740,"template":"","meta":{"_acf_changed":false},"product_brand":[11442],"product_cat":[14925],"product_tag":[],"class_list":{"0":"post-690892","1":"product","2":"type-product","3":"status-publish","4":"has-post-thumbnail","6":"product_brand-holosun","7":"product_cat-red-dot-sights-mounts-sk","9":"first","10":"instock","11":"taxable","12":"shipping-taxable","13":"purchasable","14":"product-type-simple"},"acf":[],"_links":{"self":[{"href":"https:\/\/nbg.eu\/sk\/wp-json\/wp\/v2\/product\/690892","targetHints":{"allow":["GET"]}}],"collection":[{"href":"https:\/\/nbg.eu\/sk\/wp-json\/wp\/v2\/product"}],"about":[{"href":"https:\/\/nbg.eu\/sk\/wp-json\/wp\/v2\/types\/product"}],"wp:featuredmedia":[{"embeddable":true,"href":"https:\/\/nbg.eu\/sk\/wp-json\/wp\/v2\/media\/64740"}],"wp:attachment":[{"href":"https:\/\/nbg.eu\/sk\/wp-json\/wp\/v2\/media?parent=690892"}],"wp:term":[{"taxonomy":"product_brand","embeddable":true,"href":"https:\/\/nbg.eu\/sk\/wp-json\/wp\/v2\/product_brand?post=690892"},{"taxonomy":"product_cat","embeddable":true,"href":"https:\/\/nbg.eu\/sk\/wp-json\/wp\/v2\/product_cat?post=690892"},{"taxonomy":"product_tag","embeddable":true,"href":"https:\/\/nbg.eu\/sk\/wp-json\/wp\/v2\/product_tag?post=690892"}],"curies":[{"name":"wp","href":"https:\/\/api.w.org\/{rel}","templated":true}]}}