{"id":690989,"date":"2024-07-25T21:45:22","date_gmt":"2024-07-25T18:45:22","guid":{"rendered":"https:\/\/nbg.eu\/product\/hornady-6mm-arc-108gr-eld-match-ammunition\/"},"modified":"2026-05-13T15:11:57","modified_gmt":"2026-05-13T12:11:57","slug":"hornady-6mm-arc-108gr-eld-match-ammunition","status":"publish","type":"product","link":"https:\/\/nbg.eu\/sk\/produkt\/hornady-6mm-arc-108gr-eld-match-ammunition\/","title":{"rendered":"Hornady 6mm ARC 108gr. ELD MATCH Ammunition"},"content":{"rendered":"<div class=\"product-description\">\n<h2>Hornady 6mm ARC 108gr. ELD MATCH Mun\u00edcia<\/h2>\n<p>Za\u017eite bezkonkuren\u010dn\u00fd v\u00fdkon s mun\u00edciou Hornady 6mm ARC 108gr. ELD MATCH. Tento v\u0161estrann\u00fd n\u00e1boj poskytuje:<\/p>\n<ul>\n<li>V\u00fdnimo\u010dn\u00fa \u00fa\u010dinnos\u0165 s projektilmi s vysok\u00fdm s\u00fa\u010dinite\u013eom odporu<\/li>\n<li>Bezprecedentn\u00fd v\u00fdkon z platforiem AR-15<\/li>\n<li>Optim\u00e1lne v\u00fdsledky v kr\u00e1tkych alebo mikro pa\u017eb\u00e1ch<\/li>\n<li>Ide\u00e1lne pre strelbu na streleck\u00fdch pretekoch, lov a osobn\u00fa obranu<\/li>\n<li>V\u00fdborn\u00e9 koncov\u00e9 v\u00fdkony v r\u00f4znych aplik\u00e1ci\u00e1ch<\/li>\n<\/ul>\n<p>6mm ARC kombinuje modern\u00fd dizajn n\u00e1boja s d\u00f4kladne vybran\u00fdmi projektilmi, pon\u00fakaj\u00fac perfektn\u00e9 vyv\u00e1\u017eenie hmotnosti syst\u00e9mu, v\u00fdkonu a ovl\u00e1date\u013enosti. \u010ci ste s\u00fa\u0165a\u017en\u00fd strelec, po\u013eovn\u00edk alebo pr\u00edslu\u0161n\u00edk donucovac\u00edch org\u00e1nov, t\u00e1to mun\u00edcia v\u00e1m poskytne presnos\u0165 a v\u00fdkon, ktor\u00e9 potrebujete.<\/p>\n<\/div>\n","protected":false},"excerpt":{"rendered":"<p>V\u0161estrann\u00e1 6mm ARC: Presn\u00e1 n\u00e1bojov\u00e1 sada pre pu\u0161ky AR-15 a s posuvn\u00fdm z\u00e1v\u011brem.<\/p>\n","protected":false},"featured_media":691096,"template":"","meta":{"_acf_changed":false},"product_brand":[11464],"product_cat":[13400,13410],"product_tag":[],"class_list":{"0":"post-690989","1":"product","2":"type-product","3":"status-publish","4":"has-post-thumbnail","6":"product_brand-hornady","7":"product_cat-municia","8":"product_cat-municia-na-pusky","10":"first","11":"instock","12":"taxable","13":"shipping-taxable","14":"purchasable","15":"product-type-simple"},"acf":[],"_links":{"self":[{"href":"https:\/\/nbg.eu\/sk\/wp-json\/wp\/v2\/product\/690989","targetHints":{"allow":["GET"]}}],"collection":[{"href":"https:\/\/nbg.eu\/sk\/wp-json\/wp\/v2\/product"}],"about":[{"href":"https:\/\/nbg.eu\/sk\/wp-json\/wp\/v2\/types\/product"}],"wp:featuredmedia":[{"embeddable":true,"href":"https:\/\/nbg.eu\/sk\/wp-json\/wp\/v2\/media\/691096"}],"wp:attachment":[{"href":"https:\/\/nbg.eu\/sk\/wp-json\/wp\/v2\/media?parent=690989"}],"wp:term":[{"taxonomy":"product_brand","embeddable":true,"href":"https:\/\/nbg.eu\/sk\/wp-json\/wp\/v2\/product_brand?post=690989"},{"taxonomy":"product_cat","embeddable":true,"href":"https:\/\/nbg.eu\/sk\/wp-json\/wp\/v2\/product_cat?post=690989"},{"taxonomy":"product_tag","embeddable":true,"href":"https:\/\/nbg.eu\/sk\/wp-json\/wp\/v2\/product_tag?post=690989"}],"curies":[{"name":"wp","href":"https:\/\/api.w.org\/{rel}","templated":true}]}}