{"id":691138,"date":"2025-03-07T13:06:11","date_gmt":"2025-03-07T10:06:11","guid":{"rendered":"https:\/\/nbg.eu\/product\/kmr-or-aimpoint-acro-mounting-kit-for-l-02-w-02-steel-black\/"},"modified":"2026-05-13T16:48:14","modified_gmt":"2026-05-13T13:48:14","slug":"kmr-or-aimpoint-acro-mounting-kit-for-l-02-w-02-steel-black","status":"publish","type":"product","link":"https:\/\/nbg.eu\/sk\/produkt\/kmr-or-aimpoint-acro-mounting-kit-for-l-02-w-02-steel-black\/","title":{"rendered":"KMR OR Aimpoint Acro Mont\u00e1\u017ena Sada pre L-02, W-02 Oce\u013e \u010cierny"},"content":{"rendered":"<h2>KMR &#8211; ALEBO AIMPOINT ACRO MONT\u00c1\u017dNA S\u00daPRAVA PRE L-02, W-02, OCE\u013d \u010cIERNA<\/h2>\n<p>Mont\u00e1\u017ena s\u00faprava KMR Optic Ready (OR) Aimpoint ACRO je dokonal\u00fdm rie\u0161en\u00edm pre tuh\u00fa integr\u00e1ciu optiky a perfektn\u00e9 zarovnanie s\u00fa\u010dasn\u00e9ho poh\u013eadu na va\u0161ich pi\u0161toliach KMR L-02 a W-02. Presne obr\u00e1ban\u00e9 z vysoko pevnej ocele, t\u00e1to mont\u00e1\u017ena s\u00faprava obsahuje \u0161pecifick\u00fa stopu Aimpoint ACRO, n\u00edzky dizajn a \u010diern\u00fa antikor\u00f3znu povrchov\u00fa \u00fapravu pre elegantn\u00fd a trvanliv\u00fd vzh\u013ead.<\/p>\n<p>Oce\u013eov\u00e1 kon\u0161trukcia mont\u00e1\u017enej s\u00fapravy KMR OR Aimpoint ACRO zaru\u010duje nulov\u00fd posun pri silnom sp\u00e4tnom r\u00e1ze, \u010d\u00edm poskytuje najspo\u013eahlivej\u0161ie rie\u0161enie mont\u00e1\u017ee pre uzavret\u00e9 emisn\u00e9 zamieriace pom\u00f4cky. Presn\u00e9 osadenie zaru\u010duje, \u017ee va\u0161a optika zostane zameran\u00e1 aj po\u010das vysokoobjemovej s\u00fa\u0165a\u017ee alebo povinn\u00e9ho pou\u017e\u00edvania, \u010do z nej rob\u00ed kone\u010dn\u00fa vo\u013ebu pre pi\u0161tole radu KMR OR.<\/p>\n","protected":false},"excerpt":{"rendered":"<p>KMR &#8211; ALEBO AIMPOINT ACRO MONT\u00c1\u017dNA SADA PRE L-02, W-02, OCE\u013d \u010cIERNA. Pevn\u00e1 optick\u00e1 integr\u00e1cia a perfektn\u00e9 zarovnanie spolupozorovania pre modely L-02 a W-02. Presne obr\u00e1ban\u00e9 z vysokopevnostnej ocele, \u0161pecifick\u00e1 stopa Aimpoint ACRO, n\u00edzky dizajn, matn\u00fd \u010dierny antikor\u00f3zny povr ch. Poskytuje najodolnej\u0161ie rie\u0161enie mont\u00e1\u017ee pre uzavret\u00e9 emitorov\u00e9 mieridl\u00e1; oce\u013eov\u00e1 kon\u0161trukcia zaru\u010duje nulov\u00fd posuv pri silnom sp\u00e4tnom r\u00e1ze, zatia \u010do presn\u00e9 zapadnutie zaru\u010duje, \u017ee optika zostane vyrovnan\u00e1 aj po\u010das vysokoobjemovej s\u00fa\u0165a\u017ee alebo slu\u017eobn\u00e9ho pou\u017e\u00edvania na pi\u0161tol\u00e1ch radu KMR OR.<\/p>\n","protected":false},"featured_media":246155,"template":"","meta":{"_acf_changed":false},"product_brand":[11505],"product_cat":[13343,13347,13379,14925],"product_tag":[],"class_list":{"0":"post-691138","1":"product","2":"type-product","3":"status-publish","4":"has-post-thumbnail","6":"product_brand-kmr-precision","7":"product_cat-diely-na-pistole","8":"product_cat-kmr-diely","9":"product_cat-musky-na-pistole","10":"product_cat-red-dot-sights-mounts-sk","12":"first","13":"instock","14":"taxable","15":"shipping-taxable","16":"purchasable","17":"product-type-simple"},"acf":[],"_links":{"self":[{"href":"https:\/\/nbg.eu\/sk\/wp-json\/wp\/v2\/product\/691138","targetHints":{"allow":["GET"]}}],"collection":[{"href":"https:\/\/nbg.eu\/sk\/wp-json\/wp\/v2\/product"}],"about":[{"href":"https:\/\/nbg.eu\/sk\/wp-json\/wp\/v2\/types\/product"}],"wp:featuredmedia":[{"embeddable":true,"href":"https:\/\/nbg.eu\/sk\/wp-json\/wp\/v2\/media\/246155"}],"wp:attachment":[{"href":"https:\/\/nbg.eu\/sk\/wp-json\/wp\/v2\/media?parent=691138"}],"wp:term":[{"taxonomy":"product_brand","embeddable":true,"href":"https:\/\/nbg.eu\/sk\/wp-json\/wp\/v2\/product_brand?post=691138"},{"taxonomy":"product_cat","embeddable":true,"href":"https:\/\/nbg.eu\/sk\/wp-json\/wp\/v2\/product_cat?post=691138"},{"taxonomy":"product_tag","embeddable":true,"href":"https:\/\/nbg.eu\/sk\/wp-json\/wp\/v2\/product_tag?post=691138"}],"curies":[{"name":"wp","href":"https:\/\/api.w.org\/{rel}","templated":true}]}}