{"id":691169,"date":"2025-03-04T21:40:08","date_gmt":"2025-03-04T18:40:08","guid":{"rendered":"https:\/\/nbg.eu\/product\/kmr-qd-sling-swivel\/"},"modified":"2026-05-13T15:10:55","modified_gmt":"2026-05-13T12:10:55","slug":"kmr-qd-sling-swivel","status":"publish","type":"product","link":"https:\/\/nbg.eu\/sk\/produkt\/kmr-qd-sling-swivel\/","title":{"rendered":"KMR QD Oto\u010dka Rem\u0148a"},"content":{"rendered":"<h2>R\u00fdchle pripojenie, spo\u013eahlivos\u0165 \u0165a\u017ekej triedy: O\u010dko r\u00fdchleho odpojenia (QD) KMR Sling Swivel<\/h2>\n<p>Navrhnut\u00e9 pre r\u00fdchle pripojenie a spo\u013eahlivos\u0165 \u0165a\u017ekej triedy, o\u010dko r\u00fdchleho odpojenia (QD) KMR Sling Swivel je dokonal\u00fdm spolo\u010dn\u00edkom pre va\u0161u zbra\u0148. Vyroben\u00e9 z ocele s vysokou pevnos\u0165ou v \u0165ahu, toto o\u010dko m\u00e1 mechanizmus s tla\u010didlov\u00fdm uvo\u013enen\u00edm a 360-stup\u0148ov\u00fa rot\u00e1ciu, \u010do umo\u017e\u0148uje takmer okam\u017eit\u00e9 pripojenie alebo odstr\u00e1nenie popruhu z ak\u00e9hoko\u013evek QD-kompatibiln\u00e9ho z\u00e1str\u010dn\u00e9ho otvoru, \u010di u\u017e je to M-LOK, pa\u017eba alebo predn\u00e1 \u010das\u0165 zbrane.<\/p>\n<p>Navrhnut\u00e9 tak, aby vydr\u017ealo vysok\u00e9 \u0165a\u017en\u00e9 sily a drsn\u00e9 podmienky v ter\u00e9ne, o\u010dko r\u00fdchleho odpojenia (QD) KMR Sling Swivel zaru\u010duje, \u017ee va\u0161a pu\u0161ka zostane po\u010das dynamick\u00e9ho pohybu bezpe\u010dne zavesen\u00e1. \u010cierne prevedenie \u010falej zvy\u0161uje odolnos\u0165 o\u010dka, \u010d\u00edm ho rob\u00ed spo\u013eahlivou vo\u013ebou pre v\u0161etky va\u0161e potreby pripojenia popruhu.<\/p>\n","protected":false},"excerpt":{"rendered":"<p>R\u00fdchle pripojenie\/odpojenie.<\/p>\n","protected":false},"featured_media":236802,"template":"","meta":{"_acf_changed":false},"product_brand":[11505],"product_cat":[13333,13358,14936],"product_tag":[],"class_list":{"0":"post-691169","1":"product","2":"type-product","3":"status-publish","4":"has-post-thumbnail","6":"product_brand-kmr-precision","7":"product_cat-remene","8":"product_cat-rifle-tuning","9":"product_cat-sling-swivels-sk","11":"first","12":"instock","13":"taxable","14":"shipping-taxable","15":"purchasable","16":"product-type-simple"},"acf":[],"_links":{"self":[{"href":"https:\/\/nbg.eu\/sk\/wp-json\/wp\/v2\/product\/691169","targetHints":{"allow":["GET"]}}],"collection":[{"href":"https:\/\/nbg.eu\/sk\/wp-json\/wp\/v2\/product"}],"about":[{"href":"https:\/\/nbg.eu\/sk\/wp-json\/wp\/v2\/types\/product"}],"wp:featuredmedia":[{"embeddable":true,"href":"https:\/\/nbg.eu\/sk\/wp-json\/wp\/v2\/media\/236802"}],"wp:attachment":[{"href":"https:\/\/nbg.eu\/sk\/wp-json\/wp\/v2\/media?parent=691169"}],"wp:term":[{"taxonomy":"product_brand","embeddable":true,"href":"https:\/\/nbg.eu\/sk\/wp-json\/wp\/v2\/product_brand?post=691169"},{"taxonomy":"product_cat","embeddable":true,"href":"https:\/\/nbg.eu\/sk\/wp-json\/wp\/v2\/product_cat?post=691169"},{"taxonomy":"product_tag","embeddable":true,"href":"https:\/\/nbg.eu\/sk\/wp-json\/wp\/v2\/product_tag?post=691169"}],"curies":[{"name":"wp","href":"https:\/\/api.w.org\/{rel}","templated":true}]}}