{"id":691194,"date":"2025-03-04T21:26:30","date_gmt":"2025-03-04T18:26:30","guid":{"rendered":"https:\/\/nbg.eu\/product\/kmr-rail-set-m-lok-alu\/"},"modified":"2026-05-13T16:01:27","modified_gmt":"2026-05-13T13:01:27","slug":"kmr-rail-set-m-lok-alu","status":"publish","type":"product","link":"https:\/\/nbg.eu\/sk\/produkt\/kmr-rail-set-m-lok-alu\/","title":{"rendered":"KMR Sada Picatinny L\u00ed\u0161t M-LOK ALU"},"content":{"rendered":"<h2>KMR RAIL SET, M-LOK, ALU<\/h2>\n<p>Zv\u00fd\u0161te v\u0161estrannos\u0165 va\u0161ej M-LOK predpa\u017eby pomocou s\u00fapravy KMR RAIL SET, odoln\u00e9ho a \u013eahk\u00e9ho rie\u0161enia pre pripev\u0148ovanie pr\u00edslu\u0161enstva. Vyroben\u00e9 z vysokokvalitn\u00e9ho hlin\u00edka 6061-T6 pomocou presn\u00e9ho CNC obr\u00e1bania, t\u00e1to sada l\u00ed\u0161t pon\u00faka \u0161tandardn\u00e9 Picatinny\/Mil-Std 1913 rozhranie, ktor\u00e9 v\u00e1m umo\u017en\u00ed bezpe\u010dne pripevni\u0165 \u0161irok\u00fd rozsah taktick\u00e9ho pr\u00edslu\u0161enstva, ako s\u00fa svetl\u00e1, lasery, rukov\u00e4te a dvojno\u017eky.<\/p>\n<p>N\u00edzkoprofilov\u00e1, anodizovan\u00e1 \u010dierna povrchov\u00e1 \u00faprava zabezpe\u010duje maxim\u00e1lnu odolnos\u0165 bez zbyto\u010dn\u00e9ho prid\u00e1vania hmotnosti alebo objemu na predn\u00fa \u010das\u0165 va\u0161ej strelnej zbrane. S dod\u00e1van\u00fdm upev\u0148ovac\u00edm hardv\u00e9rom M-LOK m\u00f4\u017eete t\u00fato sadu l\u00ed\u0161t \u013eahko integrova\u0165 do va\u0161ej existuj\u00facej M-LOK predpa\u017eby, \u010d\u00edm vytvor\u00edte modularitu a prisp\u00f4sobenie platformy pod\u013ea va\u0161ich konkr\u00e9tnych potrieb.<\/p>\n<p>\u010ci u\u017e h\u013ead\u00e1te sp\u00f4sob, ako zlep\u0161i\u0165 funk\u010dnos\u0165 va\u0161ej zbrane, alebo len spo\u013eahliv\u00fd sp\u00f4sob upevnenia v\u00e1\u0161ho ob\u013e\u00faben\u00e9ho pr\u00edslu\u0161enstva, s\u00faprava KMR RAIL SET, M-LOK, ALU je t\u00fdm spr\u00e1vnym rie\u0161en\u00edm. Navrhnut\u00e9 s d\u00f4razom na v\u00fdkon a odolnos\u0165, toto pr\u00edslu\u0161enstvo v\u00e1m pom\u00f4\u017ee posun\u00fa\u0165 va\u0161e stre\u013eb\u00e1rske sk\u00fasenosti na \u010fal\u0161iu \u00farove\u0148.<\/p>\n","protected":false},"excerpt":{"rendered":"<p>Modul\u00e1rna M-LOK ko\u013eajnica vyroben\u00e1 z \u013eahk\u00e9ho a odoln\u00e9ho hlin\u00edka s Picatinny rozhran\u00edm.<\/p>\n","protected":false},"featured_media":236691,"template":"","meta":{"_acf_changed":false},"product_brand":[11505],"product_cat":[13411,14956,13397,13333,13358],"product_tag":[],"class_list":{"0":"post-691194","1":"product","2":"type-product","3":"status-publish","4":"has-post-thumbnail","6":"product_brand-kmr-precision","7":"product_cat-listy","8":"product_cat-m-lok-rail-systems-sk","9":"product_cat-puska","10":"product_cat-remene","11":"product_cat-rifle-tuning","13":"first","14":"instock","15":"taxable","16":"shipping-taxable","17":"purchasable","18":"product-type-variable","19":"wvs-archive-product-wrapper"},"acf":[],"_links":{"self":[{"href":"https:\/\/nbg.eu\/sk\/wp-json\/wp\/v2\/product\/691194","targetHints":{"allow":["GET"]}}],"collection":[{"href":"https:\/\/nbg.eu\/sk\/wp-json\/wp\/v2\/product"}],"about":[{"href":"https:\/\/nbg.eu\/sk\/wp-json\/wp\/v2\/types\/product"}],"wp:featuredmedia":[{"embeddable":true,"href":"https:\/\/nbg.eu\/sk\/wp-json\/wp\/v2\/media\/236691"}],"wp:attachment":[{"href":"https:\/\/nbg.eu\/sk\/wp-json\/wp\/v2\/media?parent=691194"}],"wp:term":[{"taxonomy":"product_brand","embeddable":true,"href":"https:\/\/nbg.eu\/sk\/wp-json\/wp\/v2\/product_brand?post=691194"},{"taxonomy":"product_cat","embeddable":true,"href":"https:\/\/nbg.eu\/sk\/wp-json\/wp\/v2\/product_cat?post=691194"},{"taxonomy":"product_tag","embeddable":true,"href":"https:\/\/nbg.eu\/sk\/wp-json\/wp\/v2\/product_tag?post=691194"}],"curies":[{"name":"wp","href":"https:\/\/api.w.org\/{rel}","templated":true}]}}