{"id":692141,"date":"2025-03-04T21:42:27","date_gmt":"2025-03-04T18:42:27","guid":{"rendered":"https:\/\/nbg.eu\/product\/kmr-qd-sling-swivel-small-25-mm\/"},"modified":"2026-05-13T16:02:05","modified_gmt":"2026-05-13T13:02:05","slug":"kmr-qd-sling-swivel-small-25-mm","status":"publish","type":"product","link":"https:\/\/nbg.eu\/sk\/produkt\/kmr-qd-sling-swivel-small-25-mm\/","title":{"rendered":"KMR QD Oto\u010dka Rem\u0148a Mal\u00fd 25mm"},"content":{"rendered":"<h2>KMR QD SLING SWIVEL, MAL\u00c9 25 mm<\/h2>\n<p>Navrhnut\u00e9 pre r\u00fdchle pripojenie, vysok\u00fa spo\u013eahlivos\u0165, KMR QD Sling Swivel je dokonal\u00fdm spolo\u010dn\u00edkom pre va\u0161u streleck\u00fa zbra\u0148. Vyroben\u00e9 z ocele s vysokou pevnos\u0165ou, tento oto\u010dn\u00fd prvok m\u00e1 tla\u010didlov\u00fd uvo\u013e\u0148ovac\u00ed mechanizmus a 360-stup\u0148ov\u00e9 ot\u00e1\u010danie, \u010do umo\u017e\u0148uje takmer okam\u017eit\u00e9 pripojenie alebo odstr\u00e1nenie popruhu z akejko\u013evek kompatibilnej QD z\u00e1suvky, \u010di u\u017e ide o M-LOK, pa\u017ebu alebo ramenn\u00fd kryt.<\/p>\n<p>Navrhnut\u00e9 tak, aby odolalo vysok\u00fdm \u0165a\u017en\u00fdm sil\u00e1m a drsn\u00fdm ter\u00e9nnym podmienkam, KMR QD Sling Swivel zabezpe\u010duje, aby bola va\u0161a pu\u0161ka po\u010das dynamick\u00e9ho pohybu bezpe\u010dne upevnen\u00e1. \u010cierne prevedenie \u010falej zvy\u0161uje odolnos\u0165 oto\u010dn\u00e9ho prvku, \u010d\u00edm sa st\u00e1va spo\u013eahlivou vo\u013ebou pre v\u0161etky va\u0161e potreby pripevnenia popruhu.<\/p>\n","protected":false},"excerpt":{"rendered":"<p>R\u00fdchlo prip\u00e1jate\u013en\u00fd\/odp\u00e1jate\u013en\u00fd KMR QD z\u00e1vesn\u00fd oto\u010dn\u00fd upev\u0148ova\u010d, mal\u00fd 25 mm.<\/p>\n","protected":false},"featured_media":236826,"template":"","meta":{"_acf_changed":false},"product_brand":[11505],"product_cat":[13333,13358,14936],"product_tag":[],"class_list":{"0":"post-692141","1":"product","2":"type-product","3":"status-publish","4":"has-post-thumbnail","6":"product_brand-kmr-precision","7":"product_cat-remene","8":"product_cat-rifle-tuning","9":"product_cat-sling-swivels-sk","11":"first","12":"instock","13":"taxable","14":"shipping-taxable","15":"purchasable","16":"product-type-simple"},"acf":[],"_links":{"self":[{"href":"https:\/\/nbg.eu\/sk\/wp-json\/wp\/v2\/product\/692141","targetHints":{"allow":["GET"]}}],"collection":[{"href":"https:\/\/nbg.eu\/sk\/wp-json\/wp\/v2\/product"}],"about":[{"href":"https:\/\/nbg.eu\/sk\/wp-json\/wp\/v2\/types\/product"}],"wp:featuredmedia":[{"embeddable":true,"href":"https:\/\/nbg.eu\/sk\/wp-json\/wp\/v2\/media\/236826"}],"wp:attachment":[{"href":"https:\/\/nbg.eu\/sk\/wp-json\/wp\/v2\/media?parent=692141"}],"wp:term":[{"taxonomy":"product_brand","embeddable":true,"href":"https:\/\/nbg.eu\/sk\/wp-json\/wp\/v2\/product_brand?post=692141"},{"taxonomy":"product_cat","embeddable":true,"href":"https:\/\/nbg.eu\/sk\/wp-json\/wp\/v2\/product_cat?post=692141"},{"taxonomy":"product_tag","embeddable":true,"href":"https:\/\/nbg.eu\/sk\/wp-json\/wp\/v2\/product_tag?post=692141"}],"curies":[{"name":"wp","href":"https:\/\/api.w.org\/{rel}","templated":true}]}}