{"id":692198,"date":"2024-09-16T14:52:04","date_gmt":"2024-09-16T11:52:04","guid":{"rendered":"https:\/\/nbg.eu\/product\/magazine-catch-28-kmr-l-02-umbra\/"},"modified":"2026-05-13T15:10:49","modified_gmt":"2026-05-13T12:10:49","slug":"magazine-catch-28-kmr-l-02-umbra","status":"publish","type":"product","link":"https:\/\/nbg.eu\/sk\/produkt\/magazine-catch-28-kmr-l-02-umbra\/","title":{"rendered":"KMR Z\u00e1padka Z\u00e1sobn\u00edka 28 L-02 UMBRA"},"content":{"rendered":"<h2>KMR Magazine Catch 28 \u2013 L-02 Umbra Ed\u00edcia<\/h2>\n<p>KMR Magazine Catch 28 je pr\u00e9miov\u00fd, s\u00fa\u0165a\u017ene pripraven\u00fd komponent \u0161peci\u00e1lne navrhnut\u00fd pre KMR L-02 Umbra a platformu s\u00e9rie L. Navrhnut\u00fd pre r\u00fdchlos\u0165 a ergon\u00f3miu, t\u00e1to uvo\u013e\u0148ovacia p\u00e1ka z\u00e1sobn\u00edka je kritick\u00fdm vylep\u0161en\u00edm pre strelcov, ktor\u00ed potrebuj\u00fa ubra\u0165 sekundy zo svojich \u010dasov dobitia po\u010das s\u00fa\u0165a\u017en\u00fdch podmienok s vysok\u00fdm tlakom.<\/p>\n<h3>Navrhnut\u00fd pre r\u00fdchlos\u0165 a presnos\u0165<\/h3>\n<p>V svete IPSC a USPSA, r\u00fdchlos\u0165 v\u00fdmeny z\u00e1sobn\u00edka m\u00f4\u017ee by\u0165 rozdielom medzi umiestnen\u00edm na stupni v\u00ed\u0165azov a priemern\u00fdm v\u00fdsledkom. Ozna\u010denie &#8222;28&#8220; predstavuje optimalizovan\u00fa plochu a v\u00fd\u0161ku pred\u013a\u017eenia, \u010do poskytuje perfekt\u00fa rovnov\u00e1hu medzi dostupnos\u0165ou a bezpe\u010dnos\u0165ou. Umo\u017e\u0148uje strelcovi vysun\u00fa\u0165 z\u00e1sobn\u00edk bez v\u00fdrazn\u00e9ho posunu jeho palcovej rukov\u00e4te, udr\u017eiavaj\u00fac lep\u0161iu kontrolu nad zbra\u0148ou po\u010das cyklu dobitia.<\/p>\n<h3>Technick\u00e9 \u0161pecifik\u00e1cie:<\/h3>\n<ul>\n<li><strong>Odolnos\u0165 vyroben\u00e1 CNC fr\u00e9zovan\u00edm:<\/strong> Vyroben\u00e9 z vysoko odolnej ocele a hlin\u00edkov\u00fdch komponentov pre zabezpe\u010denie ostr\u00e9ho z\u00e1beru a celo\u017eivotnej tvrdej prev\u00e1dzky.<\/li>\n<li><strong>Roz\u0161\u00edren\u00e1 ergon\u00f3mia:<\/strong> Zv\u00e4\u010d\u0161en\u00e1 p\u00e1ka je strategicky umiestnen\u00e1 pre \u013eahk\u00fd dosah, dokonca aj pre strelcov s men\u0161\u00edmi rukami alebo t\u00fdch, ktor\u00ed nosia rukavice.<\/li>\n<li><strong>Estetika s\u00e9rie Umbra:<\/strong> M\u00e1 charakteristick\u00e9 tmav\u00e9, vysoko v\u00fdkonn\u00e9 prevedenie, ktor\u00e9 dokonale lad\u00ed s pr\u00e9miovou taktick\u00fdm vzh\u013eadom KMR L-02 Umbra.<\/li>\n<li><strong>Nastavite\u013en\u00e1 orient\u00e1cia:<\/strong> Navrhnut\u00e1 pre \u013eahk\u00fa in\u0161tal\u00e1ciu so zameran\u00edm na hladk\u00fd, nezachyt\u00e1vaj\u00faci pohyb v r\u00e1me.<\/li>\n<li><strong>Origin\u00e1lne diely:<\/strong> Origin\u00e1lna s\u00fa\u010diastka KMR, zabezpe\u010duj\u00faca presn\u00e9 v\u00fd\u0161ky z\u00e1sobn\u00edka pre bezchybn\u00e9 pod\u00e1vanie a konzistentn\u00e9 zaistenie.<\/li>\n<\/ul>\n<h3>Maxim\u00e1lna spo\u013eahlivos\u0165 pod tlakom<\/h3>\n<p>Vn\u00fatorn\u00e1 geometria KMR Magazine Catch 28 je presne br\u00fasen\u00e1, aby poskytovala pozit\u00edvne &#8222;kliknutie&#8220; a okam\u017eit\u00e9 uvo\u013enenie. Na rozdiel od \u0161tandardn\u00fdch uvo\u013e\u0148ovac\u00edch p\u00e1k z\u00e1sobn\u00edkov, ktor\u00e9 sa m\u00f4\u017eu c\u00edti\u0165 m\u00e4kko alebo vy\u017eadova\u0165 nadmern\u00fa silu, t\u00e1to jednotka pon\u00faka hmatov\u00fa, mechanick\u00fa odozvu, ktor\u00e1 strelcovi d\u00e1va absol\u00fatnu istotu, \u017ee bol z\u00e1sobn\u00edk \u00faspe\u0161ne vyvrhnut\u00fd.<\/p>\n<h3>K\u013e\u00fa\u010dov\u00e9 v\u00fdhody:<\/h3>\n<ul>\n<li><strong>R\u00fdchlej\u0161ie dobitie:<\/strong> Roz\u0161\u00edren\u00e1 a zv\u00e4\u010d\u0161en\u00e1 plocha umo\u017e\u0148uje intuit\u00edvne a jednoduch\u00e9 n\u00e1jdenie uvo\u013e\u0148ovacej p\u00e1ky.<\/li>\n<li><strong>Bezpe\u010dn\u00e9 usadenie z\u00e1sobn\u00edka:<\/strong> Navrhnut\u00e9 tak, aby pevne dr\u017ealo z\u00e1sobn\u00edk proti z\u00e1\u0165a\u017eiam z r\u00fdchlej pa\u013eby a pohybu.<\/li>\n<li><strong>Zlep\u0161en\u00e1 kontrola:<\/strong> Zni\u017euje potrebu &#8222;naru\u0161i\u0165&#8220; hlavn\u00fa rukov\u00e4\u0165 pre dosiahnutie tla\u010didla, \u010do umo\u017e\u0148uje r\u00fdchlej\u0161ie op\u00e4tovn\u00e9 z\u00edskanie cie\u013ea po dobit\u00ed.<\/li>\n<li><strong>S\u00fa\u0165a\u017ene leg\u00e1lne:<\/strong> Navrhnut\u00e9 tak, aby sp\u013a\u0148ali po\u017eiadavky v\u00e4\u010d\u0161iny pravidiel v\u00fdbavy pre v\u00fdrobn\u00fa a \u0161tandardn\u00fa div\u00edziu, pri\u010dom pon\u00fakaj\u00fa v\u00fdznamn\u00fa ergonomick\u00fa v\u00fdhodu.<\/li>\n<\/ul>\n","protected":false},"excerpt":{"rendered":"<p>1100-01202-0900<\/p>\n","protected":false},"featured_media":25762,"template":"","meta":{"_acf_changed":false},"product_brand":[11505],"product_cat":[13347],"product_tag":[],"class_list":{"0":"post-692198","1":"product","2":"type-product","3":"status-publish","4":"has-post-thumbnail","6":"product_brand-kmr-precision","7":"product_cat-kmr-diely","9":"first","10":"instock","11":"taxable","12":"shipping-taxable","13":"product-type-simple"},"acf":[],"_links":{"self":[{"href":"https:\/\/nbg.eu\/sk\/wp-json\/wp\/v2\/product\/692198","targetHints":{"allow":["GET"]}}],"collection":[{"href":"https:\/\/nbg.eu\/sk\/wp-json\/wp\/v2\/product"}],"about":[{"href":"https:\/\/nbg.eu\/sk\/wp-json\/wp\/v2\/types\/product"}],"wp:featuredmedia":[{"embeddable":true,"href":"https:\/\/nbg.eu\/sk\/wp-json\/wp\/v2\/media\/25762"}],"wp:attachment":[{"href":"https:\/\/nbg.eu\/sk\/wp-json\/wp\/v2\/media?parent=692198"}],"wp:term":[{"taxonomy":"product_brand","embeddable":true,"href":"https:\/\/nbg.eu\/sk\/wp-json\/wp\/v2\/product_brand?post=692198"},{"taxonomy":"product_cat","embeddable":true,"href":"https:\/\/nbg.eu\/sk\/wp-json\/wp\/v2\/product_cat?post=692198"},{"taxonomy":"product_tag","embeddable":true,"href":"https:\/\/nbg.eu\/sk\/wp-json\/wp\/v2\/product_tag?post=692198"}],"curies":[{"name":"wp","href":"https:\/\/api.w.org\/{rel}","templated":true}]}}