{"id":692218,"date":"2024-08-17T18:04:12","date_gmt":"2024-08-17T15:04:12","guid":{"rendered":"https:\/\/nbg.eu\/product\/magazine-catch-spring-kmr\/"},"modified":"2026-05-13T16:04:49","modified_gmt":"2026-05-13T13:04:49","slug":"magazine-catch-spring-kmr","status":"publish","type":"product","link":"https:\/\/nbg.eu\/sk\/produkt\/magazine-catch-spring-kmr\/","title":{"rendered":"KMR Pru\u017eina Z\u00e1padky Z\u00e1sobn\u00edka"},"content":{"rendered":"<h2>Z\u00e1sobn\u00edkov\u00e9 zachyt\u00e1vacie pero KMR<\/h2>\n<p>Vyroben\u00e9 s d\u00f4razom na presnos\u0165 a trvanlivos\u0165, Z\u00e1sobn\u00edkov\u00e9 zachyt\u00e1vacie pero zaru\u010duje bezpe\u010dn\u00e9 a spo\u013eahliv\u00e9 uvo\u013enenie z\u00e1sobn\u00edka, poskytuj\u00fac hladk\u00fd a efekt\u00edvny z\u00e1\u017eitok pre pou\u017e\u00edvate\u013eov zbran\u00ed. Jeho robustn\u00e1 kon\u0161trukcia a spo\u013eahliv\u00fd v\u00fdkon z neho robia nevyhnutn\u00e9 pr\u00edslu\u0161enstvo pre udr\u017eiavanie funk\u010dnosti a v\u00fdkonu va\u0161ej zbrane platformy KMR.<\/p>\n<p>Z\u00e1sobn\u00edkov\u00e9 zachyt\u00e1vacie pero KMR je v\u0161estrann\u00e9 a nevyhnutn\u00e9 pr\u00edslu\u0161enstvo pre \u0161irok\u00fd rozsah modelov zbran\u00ed KMR. Navrhnut\u00e9 tak, aby poskytovalo bezpe\u010dn\u00e9 a spo\u013eahliv\u00e9 zachyt\u00e1vanie z\u00e1sobn\u00edka.<\/p>\n<p>Pre zbrane KMR:<\/p>\n<p>KMR L-02 EMIQ<\/p>\n<p>KMR L-02 EMIQ (OR)<\/p>\n<p>KMR L-02 ORCA OD 2024<\/p>\n<p>KMR L-02 ORCA DO 2023<\/p>\n<p>KMR L-02 SPECTRA OD 2024<\/p>\n<p>KMR L-02 SPECTRA DO 2023<\/p>\n<p>KMR L-02 UMBRA (OR) SR<\/p>\n<p>KMR S-02 OD 2024<\/p>\n<p>KMR S-02 DO 2023<\/p>\n<p>KMR W-02 CUDA (OR)<\/p>\n<p>KMR W-02 UMBRA<\/p>\n<p>KMR W-02 UMBRA (OR)<\/p>\n","protected":false},"excerpt":{"rendered":"<p>Pru\u017eina z\u00e1chytu z\u00e1sobn\u00edka KMR pre zbrane s\u00e9rie KMR.<\/p>\n","protected":false},"featured_media":24862,"template":"","meta":{"_acf_changed":false},"product_brand":[11505],"product_cat":[13347,13365],"product_tag":[],"class_list":{"0":"post-692218","1":"product","2":"type-product","3":"status-publish","4":"has-post-thumbnail","6":"product_brand-kmr-precision","7":"product_cat-kmr-diely","8":"product_cat-pruziny","10":"first","11":"instock","12":"taxable","13":"shipping-taxable","14":"product-type-simple"},"acf":[],"_links":{"self":[{"href":"https:\/\/nbg.eu\/sk\/wp-json\/wp\/v2\/product\/692218","targetHints":{"allow":["GET"]}}],"collection":[{"href":"https:\/\/nbg.eu\/sk\/wp-json\/wp\/v2\/product"}],"about":[{"href":"https:\/\/nbg.eu\/sk\/wp-json\/wp\/v2\/types\/product"}],"wp:featuredmedia":[{"embeddable":true,"href":"https:\/\/nbg.eu\/sk\/wp-json\/wp\/v2\/media\/24862"}],"wp:attachment":[{"href":"https:\/\/nbg.eu\/sk\/wp-json\/wp\/v2\/media?parent=692218"}],"wp:term":[{"taxonomy":"product_brand","embeddable":true,"href":"https:\/\/nbg.eu\/sk\/wp-json\/wp\/v2\/product_brand?post=692218"},{"taxonomy":"product_cat","embeddable":true,"href":"https:\/\/nbg.eu\/sk\/wp-json\/wp\/v2\/product_cat?post=692218"},{"taxonomy":"product_tag","embeddable":true,"href":"https:\/\/nbg.eu\/sk\/wp-json\/wp\/v2\/product_tag?post=692218"}],"curies":[{"name":"wp","href":"https:\/\/api.w.org\/{rel}","templated":true}]}}