{"id":692324,"date":"2025-05-20T23:13:22","date_gmt":"2025-05-20T20:13:22","guid":{"rendered":"https:\/\/nbg.eu\/product\/magazine-mec-gar-cal-9x19-17-rnds\/"},"modified":"2026-05-13T16:02:55","modified_gmt":"2026-05-13T13:02:55","slug":"magazine-mec-gar-cal-9x19-17-rnds","status":"publish","type":"product","link":"https:\/\/nbg.eu\/sk\/produkt\/magazine-mec-gar-cal-9x19-17-rnds\/","title":{"rendered":"KMR Z\u00e1sobn\u00edk MEC-GAR 9&#215;19 17 N\u00e1bojov"},"content":{"rendered":"<h2>Z\u00c1SOBN\u00cdK MEC-GAR kal. 9&#215;19 17 n\u00e1bojov<\/h2>\n<p>Odkaz: 1152-01901-0000<\/p>\n<p>Vysokokapacitn\u00fd 17-n\u00e1bojov\u00fd z\u00e1sobn\u00edk pre pi\u0161tole 9x19mm. Kompatibiln\u00fd s r\u00f4znymi modelmi KMR vr\u00e1tane SPECTRA, UMBRA a CUDA (verzie 2023 a 2024). Taktie\u017e sa hod\u00ed na pi\u0161tole CZ SHADOW 1, SHADOW 2 a SP-01. Spo\u013eahliv\u00e9 pod\u00e1vanie a odoln\u00e1 kon\u0161trukcia zaru\u010duj\u00fa optim\u00e1lny v\u00fdkon va\u0161ej strelnej zbrane.<\/p>\n","protected":false},"excerpt":{"rendered":"<p>Vysokokapacitn\u00fd 9mm z\u00e1sobn\u00edk pre KMR a CZ pi\u0161tole. 17 n\u00e1bojov.<\/p>\n","protected":false},"featured_media":365200,"template":"","meta":{"_acf_changed":false},"product_brand":[11505],"product_cat":[13343,13347],"product_tag":[],"class_list":{"0":"post-692324","1":"product","2":"type-product","3":"status-publish","4":"has-post-thumbnail","6":"product_brand-kmr-precision","7":"product_cat-diely-na-pistole","8":"product_cat-kmr-diely","10":"first","11":"instock","12":"taxable","13":"shipping-taxable","14":"product-type-simple"},"acf":[],"_links":{"self":[{"href":"https:\/\/nbg.eu\/sk\/wp-json\/wp\/v2\/product\/692324","targetHints":{"allow":["GET"]}}],"collection":[{"href":"https:\/\/nbg.eu\/sk\/wp-json\/wp\/v2\/product"}],"about":[{"href":"https:\/\/nbg.eu\/sk\/wp-json\/wp\/v2\/types\/product"}],"wp:featuredmedia":[{"embeddable":true,"href":"https:\/\/nbg.eu\/sk\/wp-json\/wp\/v2\/media\/365200"}],"wp:attachment":[{"href":"https:\/\/nbg.eu\/sk\/wp-json\/wp\/v2\/media?parent=692324"}],"wp:term":[{"taxonomy":"product_brand","embeddable":true,"href":"https:\/\/nbg.eu\/sk\/wp-json\/wp\/v2\/product_brand?post=692324"},{"taxonomy":"product_cat","embeddable":true,"href":"https:\/\/nbg.eu\/sk\/wp-json\/wp\/v2\/product_cat?post=692324"},{"taxonomy":"product_tag","embeddable":true,"href":"https:\/\/nbg.eu\/sk\/wp-json\/wp\/v2\/product_tag?post=692324"}],"curies":[{"name":"wp","href":"https:\/\/api.w.org\/{rel}","templated":true}]}}