{"id":692343,"date":"2024-08-18T11:13:19","date_gmt":"2024-08-18T08:13:19","guid":{"rendered":"https:\/\/nbg.eu\/product\/magwell-screw-m4x8-din-915-kmr\/"},"modified":"2026-05-13T15:11:14","modified_gmt":"2026-05-13T12:11:14","slug":"magwell-screw-m4x8-din-915-kmr","status":"publish","type":"product","link":"https:\/\/nbg.eu\/sk\/produkt\/magwell-screw-m4x8-din-915-kmr\/","title":{"rendered":"KMR Skrutka Magwellu M4x8 DIN 915"},"content":{"rendered":"<h2>Magwell Skrutka M4X8 Din 915 KMR &#8211; Bezpe\u010dn\u00e9 pripevnenie zbra\u0148ov\u00fdch doplnkov pre modely KMR<\/h2>\n<p>Magwell Skrutka je z\u00e1kladn\u00e1 s\u00fa\u010das\u0165 na bezpe\u010dn\u00e9 pripevnenie doplnkov a pr\u00edslu\u0161enstva k va\u0161im zbraniam KMR.<\/p>\n<p>Vyroben\u00e1 z vysokokvalitn\u00fdch materi\u00e1lov a kon\u0161truovan\u00e1 tak, aby vydr\u017eala n\u00e1ro\u010dn\u00e9 taktick\u00e9 pou\u017e\u00edvanie, Magwell Skrutka zabezpe\u010duje tesn\u00e9 a bezpe\u010dn\u00e9 uchytenie, \u010d\u00edm zabr\u00e1ni uvo\u013e\u0148ovaniu alebo odopnutiu va\u0161ich doplnkov po\u010das prev\u00e1dzky. Jeho z\u00e1vit M4x8 Din 915 poskytuje robustn\u00e9 a spo\u013eahliv\u00e9 pripojenie, v\u010faka \u010domu m\u00f4\u017eete d\u00f4veryhodne pripevni\u0165 zbrane, lasery, svetl\u00e1 a \u010fal\u0161ie nevyhnutn\u00e9 vybavenie k va\u0161ej platforme KMR.<\/p>\n<p>Magwell Skrutka je nevyhnutn\u00e9 pr\u00edslu\u0161enstvo na zlep\u0161enie funk\u010dnosti a prisp\u00f4sobenie v\u00e1\u0161ho zbra\u0148ov\u00e9ho syst\u00e9mu. Zaistite, aby va\u0161e doplnky zostali pevne na svojom mieste a udr\u017eali optim\u00e1lny v\u00fdkon s touto spo\u013eahlivou a odolnou skrutkou.<\/p>\n","protected":false},"excerpt":{"rendered":"<p>Z\u00e1vitov\u00e9 vkladka M4x8 Din 915 pre modely KMR L-02 EMIQ, ORCA.<\/p>\n","protected":false},"featured_media":25438,"template":"","meta":{"_acf_changed":false},"product_brand":[11505],"product_cat":[13343,13367,14990],"product_tag":[],"class_list":{"0":"post-692343","1":"product","2":"type-product","3":"status-publish","4":"has-post-thumbnail","6":"product_brand-kmr-precision","7":"product_cat-diely-na-pistole","8":"product_cat-pistol","9":"product_cat-pistol-magwells-sk","11":"first","12":"instock","13":"taxable","14":"shipping-taxable","15":"product-type-simple"},"acf":[],"_links":{"self":[{"href":"https:\/\/nbg.eu\/sk\/wp-json\/wp\/v2\/product\/692343","targetHints":{"allow":["GET"]}}],"collection":[{"href":"https:\/\/nbg.eu\/sk\/wp-json\/wp\/v2\/product"}],"about":[{"href":"https:\/\/nbg.eu\/sk\/wp-json\/wp\/v2\/types\/product"}],"wp:featuredmedia":[{"embeddable":true,"href":"https:\/\/nbg.eu\/sk\/wp-json\/wp\/v2\/media\/25438"}],"wp:attachment":[{"href":"https:\/\/nbg.eu\/sk\/wp-json\/wp\/v2\/media?parent=692343"}],"wp:term":[{"taxonomy":"product_brand","embeddable":true,"href":"https:\/\/nbg.eu\/sk\/wp-json\/wp\/v2\/product_brand?post=692343"},{"taxonomy":"product_cat","embeddable":true,"href":"https:\/\/nbg.eu\/sk\/wp-json\/wp\/v2\/product_cat?post=692343"},{"taxonomy":"product_tag","embeddable":true,"href":"https:\/\/nbg.eu\/sk\/wp-json\/wp\/v2\/product_tag?post=692343"}],"curies":[{"name":"wp","href":"https:\/\/api.w.org\/{rel}","templated":true}]}}