{"id":692369,"date":"2024-08-17T15:42:34","date_gmt":"2024-08-17T12:42:34","guid":{"rendered":"https:\/\/nbg.eu\/product\/magwell-kmr-l-02-alu-brass\/"},"modified":"2026-05-13T15:10:45","modified_gmt":"2026-05-13T12:10:45","slug":"magwell-kmr-l-02-alu-brass","status":"publish","type":"product","link":"https:\/\/nbg.eu\/sk\/produkt\/magwell-kmr-l-02-alu-brass\/","title":{"rendered":"KMR Magwell L-02 Mosadz"},"content":{"rendered":"<h2>Magwell KMR L-02 Brass: Vylep\u0161enie zbrane pre platformy KMR<\/h2>\n<p>Predstavujeme Magwell KMR L-02 Brass, pr\u00e9miov\u00fd produkt navrhnut\u00fd na zlep\u0161enie v\u00fdkonu a funk\u010dnosti va\u0161ich zbran\u00ed kompatibiln\u00fdch s KMR. Vyroben\u00e9 s presnos\u0165ou a pozornos\u0165ou k detailu, t\u00e1to mosadzn\u00e1 komponenta je navrhnut\u00e1 tak, aby sa hladko integrovala do va\u0161ej platformy KMR, poskytuj\u00fac \u0161t\u00fdlov\u00e9 a odoln\u00e9 vylep\u0161enie.<\/p>\n<p>Vyroben\u00e9 z vysokokvalitn\u00fdch mosadzn\u00fdch materi\u00e1lov, Magwell KMR L-02 Brass pon\u00faka v\u00fdnimo\u010dn\u00fa odolnos\u0165 a pr\u00e9miov\u00fd vzh\u013ead, ktor\u00fd zv\u00fd\u0161i vzh\u013ead va\u0161ej zbrane. Jeho \u0161t\u00edhly dizajn a hladk\u00e1 integr\u00e1cia zaru\u010duj\u00fa hladk\u00e9 a nen\u00e1padn\u00e9 vylep\u0161enie, umo\u017e\u0148uj\u00fac v\u00e1m udr\u017ea\u0165 si v\u00fdkon a manipula\u010dn\u00e9 charakteristiky, ktor\u00e9 ste o\u010dak\u00e1vali od va\u0161ej platformy KMR.<\/p>\n<p>Pre zbrane KMR<\/p>\n<p>KMR L-02 EMIQ<\/p>\n<p>KMR L-02 EMIQ (OR)<\/p>\n<p>KMR L-02 ORCA DO ROKU 2023<\/p>\n<p>KMR L-02 SPECTRA DO ROKU 2023<\/p>\n<p>Referencia 0531-01101-0316<\/p>\n","protected":false},"excerpt":{"rendered":"<p>Magwell KMR L-02 mosadz pre zbrane KMR<\/p>\n","protected":false},"featured_media":720260,"template":"","meta":{"_acf_changed":false},"product_brand":[11505],"product_cat":[13343,13367,14990],"product_tag":[],"class_list":{"0":"post-692369","1":"product","2":"type-product","3":"status-publish","4":"has-post-thumbnail","6":"product_brand-kmr-precision","7":"product_cat-diely-na-pistole","8":"product_cat-pistol","9":"product_cat-pistol-magwells-sk","11":"first","12":"outofstock","13":"taxable","14":"shipping-taxable","15":"product-type-simple"},"acf":[],"_links":{"self":[{"href":"https:\/\/nbg.eu\/sk\/wp-json\/wp\/v2\/product\/692369","targetHints":{"allow":["GET"]}}],"collection":[{"href":"https:\/\/nbg.eu\/sk\/wp-json\/wp\/v2\/product"}],"about":[{"href":"https:\/\/nbg.eu\/sk\/wp-json\/wp\/v2\/types\/product"}],"wp:featuredmedia":[{"embeddable":true,"href":"https:\/\/nbg.eu\/sk\/wp-json\/wp\/v2\/media\/720260"}],"wp:attachment":[{"href":"https:\/\/nbg.eu\/sk\/wp-json\/wp\/v2\/media?parent=692369"}],"wp:term":[{"taxonomy":"product_brand","embeddable":true,"href":"https:\/\/nbg.eu\/sk\/wp-json\/wp\/v2\/product_brand?post=692369"},{"taxonomy":"product_cat","embeddable":true,"href":"https:\/\/nbg.eu\/sk\/wp-json\/wp\/v2\/product_cat?post=692369"},{"taxonomy":"product_tag","embeddable":true,"href":"https:\/\/nbg.eu\/sk\/wp-json\/wp\/v2\/product_tag?post=692369"}],"curies":[{"name":"wp","href":"https:\/\/api.w.org\/{rel}","templated":true}]}}