{"id":692400,"date":"2024-08-18T11:19:05","date_gmt":"2024-08-18T08:19:05","guid":{"rendered":"https:\/\/nbg.eu\/product\/mag-release-button-screw-m3x6-iso-14581-kmr\/"},"modified":"2026-05-13T16:03:49","modified_gmt":"2026-05-13T13:03:49","slug":"mag-release-button-screw-m3x6-iso-14581-kmr","status":"publish","type":"product","link":"https:\/\/nbg.eu\/sk\/produkt\/mag-release-button-screw-m3x6-iso-14581-kmr\/","title":{"rendered":"KMR Skrutka Tla\u010didla Z\u00e1sobn\u00edka M3x6 ISO 14581"},"content":{"rendered":"<h2>Skrutka tla\u010didla uvo\u013enenia z\u00e1sobn\u00edka M3X6 Iso 14581 KMR<\/h2>\n<p>T\u00e1to skrutka tla\u010didla uvo\u013enenia z\u00e1sobn\u00edka M3X6 Iso 14581 je nevyhnutnou s\u00fa\u010das\u0165ou pre \u0161irok\u00e9 spektrum zbran\u00ed KMR. Vyroben\u00e1 v s\u00falade s normami ISO 14581, t\u00e1to skrutka zabezpe\u010duje bezpe\u010dn\u00e9 a spo\u013eahliv\u00e9 pripojenie tla\u010didla uvo\u013enenia z\u00e1sobn\u00edka, \u010do umo\u017e\u0148uje hladk\u00fa obsluhu a \u00fadr\u017ebu zbrane. S rozmerom M3x6 je toto pr\u00edslu\u0161enstvo nevyhnutn\u00e9 pre ka\u017ed\u00e9ho, kto servisuje alebo upgraduje svoje streln\u00e9 zbrane kompatibiln\u00e9 s KMR.<\/p>\n<p>Pre zbrane KMR<\/p>\n<p>KMR L-02 EMIQ<\/p>\n<p>KMR L-02 EMIQ (OR)<\/p>\n<p>KMR L-02 ORCA od roku 2024<\/p>\n<p>KMR L-02 ORCA do roku 2023<\/p>\n<p>KMR L-02 SPECTRA od roku 2024<\/p>\n<p>KMR L-02 SPECTRA do roku 2023<\/p>\n<p>KMR L-02 UMBRA (OR) SR<\/p>\n<p>KMR S-01 LANCE (OR)<\/p>\n<p>KMR S-02 od roku 2024<\/p>\n<p>KMR S-02 do roku 2023<\/p>\n<p>KMR W-02 CUDA (OR)<\/p>\n<p>KMR W-02 UMBRA<\/p>\n<p>KMR W-02 UMBRA (OR)<\/p>\n","protected":false},"excerpt":{"rendered":"<p>Skrutka tla\u010didla uvo\u013enenia magnetu M3X6 Iso 14581 KMR pre r\u00f4zne zbrane KMR.<\/p>\n","protected":false},"featured_media":25485,"template":"","meta":{"_acf_changed":false},"product_brand":[11505],"product_cat":[13347],"product_tag":[],"class_list":{"0":"post-692400","1":"product","2":"type-product","3":"status-publish","4":"has-post-thumbnail","6":"product_brand-kmr-precision","7":"product_cat-kmr-diely","9":"first","10":"instock","11":"taxable","12":"shipping-taxable","13":"product-type-simple"},"acf":[],"_links":{"self":[{"href":"https:\/\/nbg.eu\/sk\/wp-json\/wp\/v2\/product\/692400","targetHints":{"allow":["GET"]}}],"collection":[{"href":"https:\/\/nbg.eu\/sk\/wp-json\/wp\/v2\/product"}],"about":[{"href":"https:\/\/nbg.eu\/sk\/wp-json\/wp\/v2\/types\/product"}],"wp:featuredmedia":[{"embeddable":true,"href":"https:\/\/nbg.eu\/sk\/wp-json\/wp\/v2\/media\/25485"}],"wp:attachment":[{"href":"https:\/\/nbg.eu\/sk\/wp-json\/wp\/v2\/media?parent=692400"}],"wp:term":[{"taxonomy":"product_brand","embeddable":true,"href":"https:\/\/nbg.eu\/sk\/wp-json\/wp\/v2\/product_brand?post=692400"},{"taxonomy":"product_cat","embeddable":true,"href":"https:\/\/nbg.eu\/sk\/wp-json\/wp\/v2\/product_cat?post=692400"},{"taxonomy":"product_tag","embeddable":true,"href":"https:\/\/nbg.eu\/sk\/wp-json\/wp\/v2\/product_tag?post=692400"}],"curies":[{"name":"wp","href":"https:\/\/api.w.org\/{rel}","templated":true}]}}