{"id":692424,"date":"2024-09-17T08:06:19","date_gmt":"2024-09-17T05:06:19","guid":{"rendered":"https:\/\/nbg.eu\/product\/main-spring-strut-kmr-l\/"},"modified":"2026-05-13T16:04:34","modified_gmt":"2026-05-13T13:04:34","slug":"main-spring-strut-kmr-l","status":"publish","type":"product","link":"https:\/\/nbg.eu\/sk\/produkt\/main-spring-strut-kmr-l\/","title":{"rendered":"KMR Vzpera \u00dadernej Pru\u017einy L"},"content":{"rendered":"<h2>Hlavn\u00fd tla\u010dn\u00fd vzper KMR L &#8211; Spo\u013eahliv\u00e9 vylep\u0161enie odpru\u017eenia pre zbrane KMR<\/h2>\n<p>Hlavn\u00fd tla\u010dn\u00fd vzper KMR L je vysokokvalitn\u00e1 s\u00fa\u010das\u0165 odpru\u017eenia, ktor\u00e1 je navrhnut\u00e1 tak, aby poskytovala plynul\u00fa a spo\u013eahliv\u00fa jazdu pre platformy zbran\u00ed KMR. V\u010faka svojej odolnej kon\u0161trukcii a pokro\u010dil\u00e9mu in\u017einierstvu je tento vzper z\u00e1sadn\u00fdm vylep\u0161en\u00edm pre pou\u017e\u00edvate\u013eov, ktor\u00ed h\u013eadaj\u00fa zv\u00fd\u0161en\u00fd v\u00fdkon a stabilitu.<\/p>\n<p>Presn\u00e9 in\u017einierstvo: Navrhnut\u00fd s presnos\u0165ou, Hlavn\u00fd tla\u010dn\u00fd vzper KMR L poskytuje konzistentn\u00fd a spo\u013eahliv\u00fd v\u00fdkon, \u010d\u00edm zaru\u010duje stabiln\u00fa a kontrolovan\u00fa jazdu aj v n\u00e1ro\u010dn\u00fdch podmienkach. Pokro\u010dil\u00fd dizajn a kvalitn\u00e9 materi\u00e1ly tohto vzperu z neho robia trvanliv\u00e9 a dlhotrvaj\u00face rie\u0161enie pre va\u0161u platformu zbran\u00ed KMR.<\/p>\n<p>Pre zbrane KMR<\/p>\n<p>KMR L-02 EMIQ<\/p>\n<p>KMR L-02 EMIQ (ALEBO)<\/p>\n<p>KMR L-02 ORCA OD 2024<\/p>\n<p>KMR L-02 ORCA DO 2023<\/p>\n<p>KMR L-02 SPECTRA OD 2024<\/p>\n<p>KMR L-02 SPECTRA DO 2023<\/p>\n<p>KMR L-02 UMBRA (ALEBO) SR<\/p>\n","protected":false},"excerpt":{"rendered":"<p>Hlavn\u00e1 pru\u017einov\u00e1 rozpera KMR L pre zbrane radu KMR<\/p>\n","protected":false},"featured_media":25600,"template":"","meta":{"_acf_changed":false},"product_brand":[11505],"product_cat":[13347,13365],"product_tag":[],"class_list":{"0":"post-692424","1":"product","2":"type-product","3":"status-publish","4":"has-post-thumbnail","6":"product_brand-kmr-precision","7":"product_cat-kmr-diely","8":"product_cat-pruziny","10":"first","11":"instock","12":"taxable","13":"shipping-taxable","14":"product-type-simple"},"acf":[],"_links":{"self":[{"href":"https:\/\/nbg.eu\/sk\/wp-json\/wp\/v2\/product\/692424","targetHints":{"allow":["GET"]}}],"collection":[{"href":"https:\/\/nbg.eu\/sk\/wp-json\/wp\/v2\/product"}],"about":[{"href":"https:\/\/nbg.eu\/sk\/wp-json\/wp\/v2\/types\/product"}],"wp:featuredmedia":[{"embeddable":true,"href":"https:\/\/nbg.eu\/sk\/wp-json\/wp\/v2\/media\/25600"}],"wp:attachment":[{"href":"https:\/\/nbg.eu\/sk\/wp-json\/wp\/v2\/media?parent=692424"}],"wp:term":[{"taxonomy":"product_brand","embeddable":true,"href":"https:\/\/nbg.eu\/sk\/wp-json\/wp\/v2\/product_brand?post=692424"},{"taxonomy":"product_cat","embeddable":true,"href":"https:\/\/nbg.eu\/sk\/wp-json\/wp\/v2\/product_cat?post=692424"},{"taxonomy":"product_tag","embeddable":true,"href":"https:\/\/nbg.eu\/sk\/wp-json\/wp\/v2\/product_tag?post=692424"}],"curies":[{"name":"wp","href":"https:\/\/api.w.org\/{rel}","templated":true}]}}