{"id":692474,"date":"2024-09-18T13:36:48","date_gmt":"2024-09-18T10:36:48","guid":{"rendered":"https:\/\/nbg.eu\/product\/main-spring-kmr-standard-17\/"},"modified":"2026-05-13T16:04:51","modified_gmt":"2026-05-13T13:04:51","slug":"main-spring-kmr-standard-17","status":"publish","type":"product","link":"https:\/\/nbg.eu\/sk\/produkt\/main-spring-kmr-standard-17\/","title":{"rendered":"KMR \u00dadern\u00e1 Pru\u017eina Standard (17)"},"content":{"rendered":"<h2>Pre Zbrane KMR<\/h2>\n<p>KMR L-02 EMIQ<br \/>\nKMR L-02 EMIQ (OR)<br \/>\nKMR L-02 ORCA OD 2024<br \/>\nKMR L-02 ORCA DO 2023<br \/>\nKMR L-02 SPECTRA OD 2024<br \/>\nKMR L-02 SPECTRA DO 2023<br \/>\nKMR L-02 UMBRA (OR) SR<br \/>\nKMR W-02 CUDA (OR)<br \/>\nKMR W-02 UMBRA<br \/>\nKMR W-02 UMBRA (OR)<\/p>\n<h2>V\u00fdber zbran\u00ed CZ<\/h2>\n<p>CZ CZECHMATE<br \/>\nCZ P-07<br \/>\nCZ P-09<br \/>\nCZ SHADOW 1<br \/>\nCZ SHADOW 2<br \/>\nCZ SHADOW 2 (OR)<br \/>\nCZ SP-01<br \/>\nCZ TS<br \/>\nCZ TS 2<\/p>\n","protected":false},"excerpt":{"rendered":"<p>0730-00510-0000<\/p>\n","protected":false},"featured_media":25577,"template":"","meta":{"_acf_changed":false},"product_brand":[11505],"product_cat":[13347,13365],"product_tag":[],"class_list":{"0":"post-692474","1":"product","2":"type-product","3":"status-publish","4":"has-post-thumbnail","6":"product_brand-kmr-precision","7":"product_cat-kmr-diely","8":"product_cat-pruziny","10":"first","11":"instock","12":"taxable","13":"shipping-taxable","14":"product-type-simple"},"acf":[],"_links":{"self":[{"href":"https:\/\/nbg.eu\/sk\/wp-json\/wp\/v2\/product\/692474","targetHints":{"allow":["GET"]}}],"collection":[{"href":"https:\/\/nbg.eu\/sk\/wp-json\/wp\/v2\/product"}],"about":[{"href":"https:\/\/nbg.eu\/sk\/wp-json\/wp\/v2\/types\/product"}],"wp:featuredmedia":[{"embeddable":true,"href":"https:\/\/nbg.eu\/sk\/wp-json\/wp\/v2\/media\/25577"}],"wp:attachment":[{"href":"https:\/\/nbg.eu\/sk\/wp-json\/wp\/v2\/media?parent=692474"}],"wp:term":[{"taxonomy":"product_brand","embeddable":true,"href":"https:\/\/nbg.eu\/sk\/wp-json\/wp\/v2\/product_brand?post=692474"},{"taxonomy":"product_cat","embeddable":true,"href":"https:\/\/nbg.eu\/sk\/wp-json\/wp\/v2\/product_cat?post=692474"},{"taxonomy":"product_tag","embeddable":true,"href":"https:\/\/nbg.eu\/sk\/wp-json\/wp\/v2\/product_tag?post=692474"}],"curies":[{"name":"wp","href":"https:\/\/api.w.org\/{rel}","templated":true}]}}