{"id":692561,"date":"2024-08-17T14:54:00","date_gmt":"2024-08-17T11:54:00","guid":{"rendered":"https:\/\/nbg.eu\/product\/mag-release-button-wide-kmr-alu-black\/"},"modified":"2026-05-13T15:58:16","modified_gmt":"2026-05-13T12:58:16","slug":"mag-release-button-wide-kmr-alu-black","status":"publish","type":"product","link":"https:\/\/nbg.eu\/sk\/produkt\/mag-release-button-wide-kmr-alu-black\/","title":{"rendered":"KMR Tla\u010didlo Z\u00e1sobn\u00edka \u0160irok\u00fd ALU \u010cierny"},"content":{"rendered":"<h2>\u0160irok\u00e9 tla\u010didlo na uvo\u013enenie z\u00e1sobn\u00edka \u2013 KMR Hlin\u00edk, \u010dierna<\/h2>\n<p>Odomknite r\u00fdchle v\u00fdmeny z\u00e1sobn\u00edkov pomocou \u0161irok\u00e9ho tla\u010didla na uvo\u013enenie z\u00e1sobn\u00edka od spolo\u010dnosti KMR Hlin\u00edk. Vyroben\u00e9 z \u013eahk\u00e9ho leteck\u00e9ho hlin\u00edka a s ve\u013ekou kontaktnou plochou, toto tla\u010didlo na uvo\u013enenie z\u00e1sobn\u00edka maximalizuje kontakt s palcom, \u010d\u00edm zaist\u00ed spo\u013eahliv\u00fa aktiv\u00e1ciu aj v najn\u00e1ro\u010dnej\u0161\u00edch podmienkach.<\/p>\n<p>Agres\u00edvny, nek\u013azav\u00fd povrch poskytuje bezpe\u010dn\u00fd \u00fachop a matn\u00fd \u010dierny eloxovan\u00fd povrch m\u00e1 taktick\u00fd vzh\u013ead. Navrhnut\u00e9 na minimaliz\u00e1ciu \u010dasu prechodu pre s\u00fa\u0165a\u017en\u00e9 stre\u013eby IPSC\/USPSA, \u0161irok\u00fd profil umo\u017e\u0148uje strelcom zlo\u017ei\u0165 z\u00e1sobn\u00edky bez zmeny z\u00e1kladn\u00e9ho \u00fachopu, \u010d\u00edm sa v\u00fdrazne zlep\u0161ia r\u00fdchlosti nab\u00edjania.<\/p>\n<p>\u010ci u\u017e tr\u00e9nujete na s\u00fa\u0165a\u017ee, alebo zdokona\u013eujete svoje obrann\u00e9 zru\u010dnosti, tla\u010didlo na uvo\u013enenie z\u00e1sobn\u00edka Wide od spolo\u010dnosti KMR Hlin\u00edk je dokonal\u00fdm vylep\u0161en\u00edm va\u0161ej strelnej zbrane, ktor\u00e9 pon\u00faka zlep\u0161en\u00fa ergonomiku a bezkonkuren\u010dn\u00fd v\u00fdkon, ke\u010f je to najviac potrebn\u00e9.<\/p>\n","protected":false},"excerpt":{"rendered":"<p>Pred\u013a\u017een\u00e9 tla\u010didlo pre uvo\u013enenie z\u00e1sobn\u00edka na r\u00fdchle v\u00fdmeny z\u00e1sobn\u00edkov.<\/p>\n","protected":false},"featured_media":23858,"template":"","meta":{"_acf_changed":false},"product_brand":[11505],"product_cat":[13347],"product_tag":[],"class_list":{"0":"post-692561","1":"product","2":"type-product","3":"status-publish","4":"has-post-thumbnail","6":"product_brand-kmr-precision","7":"product_cat-kmr-diely","9":"first","10":"instock","11":"taxable","12":"shipping-taxable","13":"product-type-simple"},"acf":[],"_links":{"self":[{"href":"https:\/\/nbg.eu\/sk\/wp-json\/wp\/v2\/product\/692561","targetHints":{"allow":["GET"]}}],"collection":[{"href":"https:\/\/nbg.eu\/sk\/wp-json\/wp\/v2\/product"}],"about":[{"href":"https:\/\/nbg.eu\/sk\/wp-json\/wp\/v2\/types\/product"}],"wp:featuredmedia":[{"embeddable":true,"href":"https:\/\/nbg.eu\/sk\/wp-json\/wp\/v2\/media\/23858"}],"wp:attachment":[{"href":"https:\/\/nbg.eu\/sk\/wp-json\/wp\/v2\/media?parent=692561"}],"wp:term":[{"taxonomy":"product_brand","embeddable":true,"href":"https:\/\/nbg.eu\/sk\/wp-json\/wp\/v2\/product_brand?post=692561"},{"taxonomy":"product_cat","embeddable":true,"href":"https:\/\/nbg.eu\/sk\/wp-json\/wp\/v2\/product_cat?post=692561"},{"taxonomy":"product_tag","embeddable":true,"href":"https:\/\/nbg.eu\/sk\/wp-json\/wp\/v2\/product_tag?post=692561"}],"curies":[{"name":"wp","href":"https:\/\/api.w.org\/{rel}","templated":true}]}}