{"id":692610,"date":"2024-11-03T10:02:34","date_gmt":"2024-11-03T07:02:34","guid":{"rendered":"https:\/\/nbg.eu\/product\/norma-cal-6-5-creedmoore-target-match-8-4g-130gr\/"},"modified":"2026-05-13T16:04:50","modified_gmt":"2026-05-13T13:04:50","slug":"norma-cal-6-5-creedmoore-target-match-8-4g-130gr","status":"publish","type":"product","link":"https:\/\/nbg.eu\/sk\/produkt\/norma-cal-6-5-creedmoore-target-match-8-4g-130gr\/","title":{"rendered":"NORMA cal. 6.5 Creedmoore Target Match 8.4g\/130gr."},"content":{"rendered":"<h2>NORMA cal. 6.5 Creedmoore Target Match 8,4g\/130gr<\/h2>\n<p>Za\u017eite presnos\u0165 s n\u00e1bojmi NORMA 6.5 Creedmoor Target Match. Vyvinut\u00e9 v roku 2007, t\u00e1to n\u00e1bojnica vynik\u00e1 v stre\u013ebe na dlh\u00e9 vzdialenosti a love. Projektil 6,5 mm sa m\u00f4\u017ee pochv\u00e1li\u0165 vynikaj\u00facimi hodnotami prierezovej hustoty a balistick\u00fdch koeficientov, zaru\u010duj\u00fac tak vynikaj\u00faci v\u00fdkon aj na ve\u013ek\u00fdch vzdialenostiach.<\/p>\n<h3>Vlastnosti:<\/h3>\n<ul>\n<li>Kalibru: 6.5 Creedmoor<\/li>\n<li>Hmotnos\u0165: 8,4g\/130gr<\/li>\n<li>Balistick\u00fd koeficient: G1 0,548 \/ G7 0,294<\/li>\n<li>Typ: Golden Target<\/li>\n<li>Z\u00e1pal: R\u00e1zov\u00fd<\/li>\n<\/ul>\n<h3>R\u00fdchlos\u0165:<\/h3>\n<ul>\n<li>V0: 869 m\/s<\/li>\n<li>V100: 813 m\/s<\/li>\n<li>V200: 759 m\/s<\/li>\n<li>V300: 708 m\/s<\/li>\n<\/ul>\n","protected":false},"excerpt":{"rendered":"<p>Presn\u00e1 n\u00e1bojnica 6,5 Creedmoor na dlh\u00e9 vzdialenosti pre ter\u010dov\u00e9 stre\u013eby.<\/p>\n","protected":false},"featured_media":76706,"template":"","meta":{"_acf_changed":false},"product_brand":[14470],"product_cat":[13410],"product_tag":[],"class_list":{"0":"post-692610","1":"product","2":"type-product","3":"status-publish","4":"has-post-thumbnail","6":"product_brand-norma-precision","7":"product_cat-municia-na-pusky","9":"first","10":"instock","11":"taxable","12":"shipping-taxable","13":"purchasable","14":"product-type-simple"},"acf":[],"_links":{"self":[{"href":"https:\/\/nbg.eu\/sk\/wp-json\/wp\/v2\/product\/692610","targetHints":{"allow":["GET"]}}],"collection":[{"href":"https:\/\/nbg.eu\/sk\/wp-json\/wp\/v2\/product"}],"about":[{"href":"https:\/\/nbg.eu\/sk\/wp-json\/wp\/v2\/types\/product"}],"wp:featuredmedia":[{"embeddable":true,"href":"https:\/\/nbg.eu\/sk\/wp-json\/wp\/v2\/media\/76706"}],"wp:attachment":[{"href":"https:\/\/nbg.eu\/sk\/wp-json\/wp\/v2\/media?parent=692610"}],"wp:term":[{"taxonomy":"product_brand","embeddable":true,"href":"https:\/\/nbg.eu\/sk\/wp-json\/wp\/v2\/product_brand?post=692610"},{"taxonomy":"product_cat","embeddable":true,"href":"https:\/\/nbg.eu\/sk\/wp-json\/wp\/v2\/product_cat?post=692610"},{"taxonomy":"product_tag","embeddable":true,"href":"https:\/\/nbg.eu\/sk\/wp-json\/wp\/v2\/product_tag?post=692610"}],"curies":[{"name":"wp","href":"https:\/\/api.w.org\/{rel}","templated":true}]}}