{"id":692641,"date":"2025-03-07T13:29:53","date_gmt":"2025-03-07T10:29:53","guid":{"rendered":"https:\/\/nbg.eu\/product\/nitehog-18650-rechargeable-battery\/"},"modified":"2026-05-13T16:02:19","modified_gmt":"2026-05-13T13:02:19","slug":"nitehog-18650-rechargeable-battery","status":"publish","type":"product","link":"https:\/\/nbg.eu\/sk\/produkt\/nitehog-18650-rechargeable-battery\/","title":{"rendered":"Nitehog 18650 Rechargeable Battery"},"content":{"rendered":"<h2>Nab\u00edjate\u013en\u00e1 l\u00edtium-i\u00f3nov\u00e1 bat\u00e9ria Nitehog 18650: Spo\u013eahliv\u00fd zdroj nap\u00e1jania pre term\u00e1lne zobrazovanie a no\u010dn\u00e9 videnie<\/h2>\n<p>Odblokujte pln\u00fd potenci\u00e1l va\u0161ich term\u00e1lnych optick\u00fdch a no\u010dn\u00fdch vidiecskych zariaden\u00ed Nitehog pomocou nab\u00edjate\u013enej l\u00edtium-i\u00f3novej bat\u00e9rie Nitehog 18650. S typickou kapacitou 3500 mAh t\u00e1to bat\u00e9ria poskytuje konzistentn\u00fd, vysokopr\u00fadov\u00fd v\u00fdstup nevyhnutn\u00fd pre pokro\u010dil\u00e9 digit\u00e1lne senzory a term\u00e1lne jadr\u00e1.<\/p>\n<p>Navrhnut\u00e1 na optim\u00e1lny v\u00fdkon, bat\u00e9ria Nitehog 18650 m\u00e1 menovit\u00e9 nap\u00e4tie 3,7 V a integrovan\u00fd ochrann\u00fd obvod (PCB), ktor\u00fd zabra\u0148uje preb\u00edjaniu a hlbok\u00e9mu vybitiu. T\u00e1to ochrana zabezpe\u010duje maxim\u00e1lnu \u017eivotnos\u0165 a bezpe\u010dnos\u0165, v\u010faka \u010domu m\u00f4\u017eete d\u00f4verova\u0165 tomuto zdroju nap\u00e1jania po\u010das dlh\u00fdch no\u010dn\u00fdch loveck\u00fdch seden\u00ed alebo taktick\u00fdch oper\u00e1ci\u00ed.<\/p>\n<p>\u010ci u\u017e sledujete koris\u0165 v divo\u010dine alebo vykon\u00e1vate tajn\u00e9 oper\u00e1cie, nab\u00edjate\u013en\u00e1 bat\u00e9ria Nitehog 18650 poskytuje spo\u013eahliv\u00fd, vysoko kapacitn\u00fd v\u00fdkon, ktor\u00fd va\u0161e zariadenia vy\u017eaduj\u00fa. Za\u017eite nepretr\u017eit\u00fd v\u00fdkon a d\u00f4veru, ktor\u00e1 prich\u00e1dza s chr\u00e1nen\u00fdm dizajnom, \u010d\u00edm sa st\u00e1va dokonal\u00fdm spolo\u010dn\u00edkom pre va\u0161e term\u00e1lne zobrazovanie Nitehog a no\u010dn\u00e9 vidiecske vybavenie.<\/p>\n","protected":false},"excerpt":{"rendered":"<p>Nab\u00edjate\u013en\u00e1 l\u00edtiovo-i\u00f3nov\u00e1 bat\u00e9ria Nitehog 18650: Vysokokapacitn\u00e1 a spo\u013eahliv\u00e1 energia pre term\u00e1lne\/no\u010dn\u00e9 videnie.<\/p>\n","protected":false},"featured_media":246187,"template":"","meta":{"_acf_changed":false},"product_brand":[11598],"product_cat":[13408,13348,13373,13368],"product_tag":[],"class_list":{"0":"post-692641","1":"product","2":"type-product","3":"status-publish","4":"has-post-thumbnail","6":"product_brand-nitehog","7":"product_cat-baterie","8":"product_cat-mierenie","9":"product_cat-prislusenstvo-na-mierenie","10":"product_cat-termalne","12":"first","13":"instock","14":"taxable","15":"shipping-taxable","16":"purchasable","17":"product-type-simple"},"acf":[],"_links":{"self":[{"href":"https:\/\/nbg.eu\/sk\/wp-json\/wp\/v2\/product\/692641","targetHints":{"allow":["GET"]}}],"collection":[{"href":"https:\/\/nbg.eu\/sk\/wp-json\/wp\/v2\/product"}],"about":[{"href":"https:\/\/nbg.eu\/sk\/wp-json\/wp\/v2\/types\/product"}],"wp:featuredmedia":[{"embeddable":true,"href":"https:\/\/nbg.eu\/sk\/wp-json\/wp\/v2\/media\/246187"}],"wp:attachment":[{"href":"https:\/\/nbg.eu\/sk\/wp-json\/wp\/v2\/media?parent=692641"}],"wp:term":[{"taxonomy":"product_brand","embeddable":true,"href":"https:\/\/nbg.eu\/sk\/wp-json\/wp\/v2\/product_brand?post=692641"},{"taxonomy":"product_cat","embeddable":true,"href":"https:\/\/nbg.eu\/sk\/wp-json\/wp\/v2\/product_cat?post=692641"},{"taxonomy":"product_tag","embeddable":true,"href":"https:\/\/nbg.eu\/sk\/wp-json\/wp\/v2\/product_tag?post=692641"}],"curies":[{"name":"wp","href":"https:\/\/api.w.org\/{rel}","templated":true}]}}